{"id":38335,"date":"2026-02-27T00:43:29","date_gmt":"2026-02-27T00:43:29","guid":{"rendered":"https:\/\/nordicmart.andreevmaster.com\/product\/songmics-sailytyspussit-sangyn-alle\/"},"modified":"2026-02-27T09:59:10","modified_gmt":"2026-02-27T09:59:10","slug":"songmics-sailytyspussit-sangyn-alle","status":"publish","type":"product","link":"https:\/\/nordicmart.andreevmaster.com\/fi\/tuote\/songmics-sailytyspussit-sangyn-alle\/","title":{"rendered":"SONGMICS s\u00e4ilytyspussit s\u00e4ngyn alle"},"content":{"rendered":"<p>Aiheuttaako vuodenajan vaihtuminen sinulle jo p\u00e4\u00e4nvaivaa? SONGMICSin avulla sinun ei tarvitse en\u00e4\u00e4 huolehtia siit\u00e4! N\u00e4ihin 82 x 42 x 20 cm:n kokoisiin s\u00e4ngyn alle sijoitettaviin s\u00e4ilytyslaukkuihin voit s\u00e4ilytt\u00e4\u00e4 kaikki vaatteet, peitot ja muut tarvikkeet seuraavaan vuodenajan vaihtumiseen asti. Piilotettu vaatevarastointi N\u00e4iden s\u00e4ngyn alle sijoitettavien s\u00e4ilytyslaukkujen ansiosta voit k\u00e4ytt\u00e4\u00e4 vaatekaapin arvokasta tilaa vaatteille, joita k\u00e4yt\u00e4t p\u00e4ivitt\u00e4in. Sijoita kest\u00e4vist\u00e4 kuitukankaista valmistetut s\u00e4ilytyslaukut esimerkiksi s\u00e4ngyn alle tai kaapin p\u00e4\u00e4lle. Kun laukkuja ei k\u00e4ytet\u00e4, ne voidaan taittaa kokoon ja s\u00e4ilytt\u00e4\u00e4 nurkassa tilaa s\u00e4\u00e4st\u00e4en. Jaa laatikot haluamallasi tavalla Jos et halua sekoittaa talvipyjamaita ja villapaitoja sek\u00e4 kes\u00e4mekkoja ja rantapyyhkeit\u00e4, voit s\u00e4ilytt\u00e4\u00e4 ne erill\u00e4\u00e4n toisistaan s\u00e4ilytyspussien tukevan v\u00e4lisein\u00e4n avulla. Tarranauhan ansiosta v\u00e4lisein\u00e4\u00e4 voi s\u00e4\u00e4t\u00e4\u00e4 joustavasti. Tuotetiedot: &#8211; V\u00e4ri: harmaa &#8211; Materiaali: kuitukangas, 2 mm paksu pahvi &#8211; Kotelon koko: 82 x 42 x 20 cm (P x L x K) &#8211; Paino: 2,6 kg Toimitus sis\u00e4lt\u00e4\u00e4: &#8211; 2 x s\u00e4ngyn alle sijoitettavaa s\u00e4ilytyslaatikkoa &#8211; 4 x pahvinen sis\u00e4osa SONGMICS-ohjeet:- Pid\u00e4 ter\u00e4v\u00e4t esineet poissa tuotteesta ja \u00e4l\u00e4 s\u00e4ilyt\u00e4 liikaa tai liian suuria esineit\u00e4 laukussa. &#8211; \u00c4l\u00e4 upota tuotetta veteen. Puhdista se kostealla liinalla, jos se on likaantunut. &#8211; Kun avaat tuotteen pakkauksen, se saattaa tuoksua &#8221;uudelta&#8221;. Siin\u00e4 tapauksessa aseta se muutamaksi tunniksi hyvin tuuletettuun paikkaan.<\/p>\n","protected":false},"excerpt":{"rendered":"<p>SONGMICS s\u00e4ilytyslaukut s\u00e4\u00e4dett\u00e4v\u00e4ll\u00e4 v\u00e4lisein\u00e4ll\u00e4, 2 kpl, s\u00e4ngyn alla s\u00e4ilytett\u00e4v\u00e4t laatikot, taitettavat j\u00e4rjestelij\u00e4t, s\u00e4ngyn alle tai kaapin p\u00e4\u00e4lle, peitoille, vuodevaatteille, 82 x 42 x 20 cm, harmaa RUB02G<\/p>\n","protected":false},"featured_media":46140,"comment_status":"open","ping_status":"closed","template":"","meta":[],"product_brand":[],"product_cat":[32],"product_tag":[],"class_list":{"0":"post-38335","1":"product","2":"type-product","3":"status-publish","4":"has-post-thumbnail","6":"product_cat-uncategorized-fi","8":"first","9":"instock","10":"shipping-taxable","11":"purchasable","12":"product-type-simple"},"_links":{"self":[{"href":"https:\/\/nordicmart.andreevmaster.com\/fi\/wp-json\/wp\/v2\/product\/38335","targetHints":{"allow":["GET"]}}],"collection":[{"href":"https:\/\/nordicmart.andreevmaster.com\/fi\/wp-json\/wp\/v2\/product"}],"about":[{"href":"https:\/\/nordicmart.andreevmaster.com\/fi\/wp-json\/wp\/v2\/types\/product"}],"replies":[{"embeddable":true,"href":"https:\/\/nordicmart.andreevmaster.com\/fi\/wp-json\/wp\/v2\/comments?post=38335"}],"wp:featuredmedia":[{"embeddable":true,"href":"https:\/\/nordicmart.andreevmaster.com\/fi\/wp-json\/wp\/v2\/media\/46140"}],"wp:attachment":[{"href":"https:\/\/nordicmart.andreevmaster.com\/fi\/wp-json\/wp\/v2\/media?parent=38335"}],"wp:term":[{"taxonomy":"product_brand","embeddable":true,"href":"https:\/\/nordicmart.andreevmaster.com\/fi\/wp-json\/wp\/v2\/product_brand?post=38335"},{"taxonomy":"product_cat","embeddable":true,"href":"https:\/\/nordicmart.andreevmaster.com\/fi\/wp-json\/wp\/v2\/product_cat?post=38335"},{"taxonomy":"product_tag","embeddable":true,"href":"https:\/\/nordicmart.andreevmaster.com\/fi\/wp-json\/wp\/v2\/product_tag?post=38335"}],"curies":[{"name":"wp","href":"https:\/\/api.w.org\/{rel}","templated":true}]}}