{"id":38334,"date":"2026-02-27T00:43:29","date_gmt":"2026-02-27T00:43:29","guid":{"rendered":"https:\/\/nordicmart.andreevmaster.com\/product\/songmics-sangyn-alla-kaytettava-2-kpln-sarja\/"},"modified":"2026-02-27T09:59:10","modified_gmt":"2026-02-27T09:59:10","slug":"songmics-sangyn-alla-kaytettava-2-kpln-sarja","status":"publish","type":"product","link":"https:\/\/nordicmart.andreevmaster.com\/fi\/tuote\/songmics-sangyn-alla-kaytettava-2-kpln-sarja\/","title":{"rendered":"SONGMICS s\u00e4ngyn alla k\u00e4ytett\u00e4v\u00e4 2 kpl:n sarja"},"content":{"rendered":"<p>Tuotetiedot: &#8211; V\u00e4ri: harmaa &#8211; Materiaali: pahvi, kuitukangas, PVC &#8211; Koko: 80 x 40 x 15 cm (P x L x K) &#8211; Kokonaispaino: 2,4 kg &#8211; Maks. staattinen kantavuus per laukku: 5 kg Toimitus sis\u00e4lt\u00e4\u00e4: &#8211; 2 x s\u00e4ilytyslaukku &#8211; 2 x v\u00e4lisein\u00e4 &#8211; 2 x pohjalevy SONGMICS Huomautukset:- \u00c4l\u00e4 pese tuotetta vedell\u00e4, vaan pyyhi se kostealla liinalla.- Tuote saattaa tuoksua &#8221;uudelta&#8221; pakkausta avattaessa. T\u00e4ll\u00f6in voit sijoittaa sen hyvin ilmastoituun tilaan, jotta tuoksu h\u00e4vi\u00e4\u00e4 lyhyess\u00e4 ajassa. &#8211; \u00c4l\u00e4 altista tuotetta pitk\u00e4aikaisesti suoralle auringonvalolle tai korkealle kosteudelle. &#8211; \u00c4l\u00e4 aseta ter\u00e4vi\u00e4 tai painavia esineit\u00e4 huonekalun p\u00e4\u00e4lle.<\/p>\n","protected":false},"excerpt":{"rendered":"<p>SONGMICS s\u00e4ngyn alla oleva s\u00e4ilytyslaatikko, 2 kpl, s\u00e4ilytyslaukku ikkunalla, taitettava j\u00e4rjestelij\u00e4, s\u00e4ngyn alle tai kaapin p\u00e4\u00e4lle, kuitukangas, tilaa s\u00e4\u00e4st\u00e4v\u00e4, harmaa RUB002G01<\/p>\n","protected":false},"featured_media":46139,"comment_status":"open","ping_status":"closed","template":"","meta":[],"product_brand":[],"product_cat":[32],"product_tag":[],"class_list":{"0":"post-38334","1":"product","2":"type-product","3":"status-publish","4":"has-post-thumbnail","6":"product_cat-uncategorized-fi","8":"first","9":"instock","10":"shipping-taxable","11":"purchasable","12":"product-type-simple"},"_links":{"self":[{"href":"https:\/\/nordicmart.andreevmaster.com\/fi\/wp-json\/wp\/v2\/product\/38334","targetHints":{"allow":["GET"]}}],"collection":[{"href":"https:\/\/nordicmart.andreevmaster.com\/fi\/wp-json\/wp\/v2\/product"}],"about":[{"href":"https:\/\/nordicmart.andreevmaster.com\/fi\/wp-json\/wp\/v2\/types\/product"}],"replies":[{"embeddable":true,"href":"https:\/\/nordicmart.andreevmaster.com\/fi\/wp-json\/wp\/v2\/comments?post=38334"}],"wp:featuredmedia":[{"embeddable":true,"href":"https:\/\/nordicmart.andreevmaster.com\/fi\/wp-json\/wp\/v2\/media\/46139"}],"wp:attachment":[{"href":"https:\/\/nordicmart.andreevmaster.com\/fi\/wp-json\/wp\/v2\/media?parent=38334"}],"wp:term":[{"taxonomy":"product_brand","embeddable":true,"href":"https:\/\/nordicmart.andreevmaster.com\/fi\/wp-json\/wp\/v2\/product_brand?post=38334"},{"taxonomy":"product_cat","embeddable":true,"href":"https:\/\/nordicmart.andreevmaster.com\/fi\/wp-json\/wp\/v2\/product_cat?post=38334"},{"taxonomy":"product_tag","embeddable":true,"href":"https:\/\/nordicmart.andreevmaster.com\/fi\/wp-json\/wp\/v2\/product_tag?post=38334"}],"curies":[{"name":"wp","href":"https:\/\/api.w.org\/{rel}","templated":true}]}}