{"id":38333,"date":"2026-02-27T00:43:29","date_gmt":"2026-02-27T00:43:29","guid":{"rendered":"https:\/\/nordicmart.andreevmaster.com\/product\/songmics-vaatekaappi-verholla\/"},"modified":"2026-02-27T09:59:10","modified_gmt":"2026-02-27T09:59:10","slug":"songmics-vaatekaappi-verholla","status":"publish","type":"product","link":"https:\/\/nordicmart.andreevmaster.com\/fi\/tuote\/songmics-vaatekaappi-verholla\/","title":{"rendered":"SONGMICS vaatekaappi verholla"},"content":{"rendered":"<p>Vaatekaappi on turvallisen ja vakaan rakenteensa ansiosta kest\u00e4v\u00e4 ja sopii t\u00e4ydellisesti jokaiseen kotiin!  Vakaa runko on valmistettu metalliputkista, joiden pinta on k\u00e4sitelty tyylikk\u00e4\u00e4ll\u00e4 polttomaalilla, joka on ruostumaton ja helppohoitoinen. Varustettuna 1 vaatetangolla, 1 verkkohyllyll\u00e4 alaosassa ja 3 sivuhyllyll\u00e4, vaatekaapissa on runsaasti tilaa vaatteille, puseroille, laukkuille, hattuille ja monelle muulle. Kaikki sivut on peitetty verhoilla, jotka suojaavat vaatteitasi p\u00f6lylt\u00e4 ja lialta. Olipa se vaatehuoneessa, kellarissa, eteisess\u00e4, makuuhuoneessa tai ullakolla, tavarasi ovat siististi ja helposti saatavilla. Helppo koota ja purkaa, vakaa rakenne.  K\u00e4yt\u00e4nn\u00f6llinen vaatekaappi on toiminnallinen ja mukautuva apulainen tarpeisiisi.  Huomautus: Verhot ovat puuvillaa, niit\u00e4 ei saa pest\u00e4 vedell\u00e4, vaan puhdistaa tekstiilimerkkien ohjeiden mukaisesti, muuten kangas kutistuu pesussa. Tuotetiedot:- Rungon materiaali: ter\u00e4sputki &#8211; Kankaan materiaali: 70 % puuvillaa + 30 % polyesteri\u00e4 &#8211; Mitat: 108 x 210 x 58 cm (L x K x S) &#8211; V\u00e4ri: musta &#8211; Pakkauksen mitat: 137 x 60 x 15 cm &#8211; Nettopaino: 16,2 kg &#8211; Bruttopaino: 17,8 kgToimitus sis\u00e4lt\u00e4\u00e4:- 1 x vaatekaappi- 1 x ohjeet (DE, FR, EN, IT, ES)<\/p>\n","protected":false},"excerpt":{"rendered":"<p>SONGMICS metallinen vaatekaappi, taitettava vaatekaappi, vaatekaappi verholla 210 x 108 x 58 cm, RTG04H<\/p>\n","protected":false},"featured_media":46138,"comment_status":"open","ping_status":"closed","template":"","meta":[],"product_brand":[],"product_cat":[32],"product_tag":[],"class_list":{"0":"post-38333","1":"product","2":"type-product","3":"status-publish","4":"has-post-thumbnail","6":"product_cat-uncategorized-fi","8":"first","9":"instock","10":"shipping-taxable","11":"purchasable","12":"product-type-simple"},"_links":{"self":[{"href":"https:\/\/nordicmart.andreevmaster.com\/fi\/wp-json\/wp\/v2\/product\/38333","targetHints":{"allow":["GET"]}}],"collection":[{"href":"https:\/\/nordicmart.andreevmaster.com\/fi\/wp-json\/wp\/v2\/product"}],"about":[{"href":"https:\/\/nordicmart.andreevmaster.com\/fi\/wp-json\/wp\/v2\/types\/product"}],"replies":[{"embeddable":true,"href":"https:\/\/nordicmart.andreevmaster.com\/fi\/wp-json\/wp\/v2\/comments?post=38333"}],"wp:featuredmedia":[{"embeddable":true,"href":"https:\/\/nordicmart.andreevmaster.com\/fi\/wp-json\/wp\/v2\/media\/46138"}],"wp:attachment":[{"href":"https:\/\/nordicmart.andreevmaster.com\/fi\/wp-json\/wp\/v2\/media?parent=38333"}],"wp:term":[{"taxonomy":"product_brand","embeddable":true,"href":"https:\/\/nordicmart.andreevmaster.com\/fi\/wp-json\/wp\/v2\/product_brand?post=38333"},{"taxonomy":"product_cat","embeddable":true,"href":"https:\/\/nordicmart.andreevmaster.com\/fi\/wp-json\/wp\/v2\/product_cat?post=38333"},{"taxonomy":"product_tag","embeddable":true,"href":"https:\/\/nordicmart.andreevmaster.com\/fi\/wp-json\/wp\/v2\/product_tag?post=38333"}],"curies":[{"name":"wp","href":"https:\/\/api.w.org\/{rel}","templated":true}]}}