{"id":38332,"date":"2026-02-27T00:43:29","date_gmt":"2026-02-27T00:43:29","guid":{"rendered":"https:\/\/nordicmart.andreevmaster.com\/product\/songmics-taitettava-sailytyslaatikko-3-kpl-harmaa\/"},"modified":"2026-02-27T09:59:09","modified_gmt":"2026-02-27T09:59:09","slug":"songmics-taitettava-sailytyslaatikko-3-kpl-harmaa","status":"publish","type":"product","link":"https:\/\/nordicmart.andreevmaster.com\/fi\/tuote\/songmics-taitettava-sailytyslaatikko-3-kpl-harmaa\/","title":{"rendered":"SONGMICS taitettava s\u00e4ilytyslaatikko, 3 kpl, harmaa"},"content":{"rendered":"<p>Tuotetiedot: V\u00e4ri: Harmaa Materiaali: Teryleeni-puuvillaseos, 2 mm paksu pahvi Koko: 40 x 30 x 25 cm (P x L x K) Paino: 3 kg Toimitus sis\u00e4lt\u00e4\u00e4: 3 x s\u00e4ilytyslaatikko SONGMICS-ohjeet: Tuote saattaa tuoksua hieman avattaessa. Siin\u00e4 tapauksessa aseta se muutamaksi tunniksi hyvin tuuletettuun paikkaan. Pyyhi pinta p\u00e4ivitt\u00e4in hieman kostealla liinalla ja anna tuotteen kuivua ilmassa; \u00c4L\u00c4 pese vedell\u00e4. SONGMICS tarjoaa monia muita s\u00e4ilytyslaatikoita. L\u00f6yd\u00e4 siivoamisen taika, joka muuttaa arjesi.<\/p>\n","protected":false},"excerpt":{"rendered":"<p>SONGMICS taitettava laatikko, 3 kpl:n sarja, s\u00e4ilytyslaatikko kannella, kangaslaatikko etikettipidikkeell\u00e4, s\u00e4ilytys, j\u00e4rjestelij\u00e4, 40 x 30 x 25 cm, harmaa RTFB03G<\/p>\n","protected":false},"featured_media":46137,"comment_status":"open","ping_status":"closed","template":"","meta":[],"product_brand":[],"product_cat":[32],"product_tag":[],"class_list":{"0":"post-38332","1":"product","2":"type-product","3":"status-publish","4":"has-post-thumbnail","6":"product_cat-uncategorized-fi","8":"first","9":"instock","10":"shipping-taxable","11":"purchasable","12":"product-type-simple"},"_links":{"self":[{"href":"https:\/\/nordicmart.andreevmaster.com\/fi\/wp-json\/wp\/v2\/product\/38332","targetHints":{"allow":["GET"]}}],"collection":[{"href":"https:\/\/nordicmart.andreevmaster.com\/fi\/wp-json\/wp\/v2\/product"}],"about":[{"href":"https:\/\/nordicmart.andreevmaster.com\/fi\/wp-json\/wp\/v2\/types\/product"}],"replies":[{"embeddable":true,"href":"https:\/\/nordicmart.andreevmaster.com\/fi\/wp-json\/wp\/v2\/comments?post=38332"}],"wp:featuredmedia":[{"embeddable":true,"href":"https:\/\/nordicmart.andreevmaster.com\/fi\/wp-json\/wp\/v2\/media\/46137"}],"wp:attachment":[{"href":"https:\/\/nordicmart.andreevmaster.com\/fi\/wp-json\/wp\/v2\/media?parent=38332"}],"wp:term":[{"taxonomy":"product_brand","embeddable":true,"href":"https:\/\/nordicmart.andreevmaster.com\/fi\/wp-json\/wp\/v2\/product_brand?post=38332"},{"taxonomy":"product_cat","embeddable":true,"href":"https:\/\/nordicmart.andreevmaster.com\/fi\/wp-json\/wp\/v2\/product_cat?post=38332"},{"taxonomy":"product_tag","embeddable":true,"href":"https:\/\/nordicmart.andreevmaster.com\/fi\/wp-json\/wp\/v2\/product_tag?post=38332"}],"curies":[{"name":"wp","href":"https:\/\/api.w.org\/{rel}","templated":true}]}}