{"id":38328,"date":"2026-02-27T00:43:28","date_gmt":"2026-02-27T00:43:28","guid":{"rendered":"https:\/\/nordicmart.andreevmaster.com\/product\/songmics-pyykkikori-105-litraa-synteettisesta-rottingista\/"},"modified":"2026-02-27T09:59:08","modified_gmt":"2026-02-27T09:59:08","slug":"songmics-pyykkikori-105-litraa-synteettisesta-rottingista","status":"publish","type":"product","link":"https:\/\/nordicmart.andreevmaster.com\/fi\/tuote\/songmics-pyykkikori-105-litraa-synteettisesta-rottingista\/","title":{"rendered":"SONGMICS pyykkikori 105 litraa synteettisest\u00e4 rottingista"},"content":{"rendered":"<p>Pyykki kori 90 litraa, k\u00e4sin kudottu, pyykkikori synteettisest\u00e4 rottingista, taitettava, kansi ja kahvat, irrotettava pyykkipussi, luonnonv\u00e4ri<br \/>\nV\u00e4ri: luonnonv\u00e4rit<br \/>\nMateriaali: PP-muovirattan, metallirunko, puuvilla<br \/>\nKoko: 66 x 40 x 40 cm (P x L x K)<br \/>\nPaino: 3,1 kg<br \/>\nMaks. staattinen kantavuus: 25 kg<\/p>\n","protected":false},"excerpt":{"rendered":"<p>Pyykki kori 90 litraa, k\u00e4sin kudottu, pyykkikori synteettisest\u00e4 rottingista, taitettava, kansi ja kahvat, irrotettava pyykkipussi, luonnonv\u00e4ri<\/p>\n","protected":false},"featured_media":46133,"comment_status":"open","ping_status":"closed","template":"","meta":[],"product_brand":[],"product_cat":[32],"product_tag":[],"class_list":{"0":"post-38328","1":"product","2":"type-product","3":"status-publish","4":"has-post-thumbnail","6":"product_cat-uncategorized-fi","8":"first","9":"instock","10":"shipping-taxable","11":"purchasable","12":"product-type-simple"},"_links":{"self":[{"href":"https:\/\/nordicmart.andreevmaster.com\/fi\/wp-json\/wp\/v2\/product\/38328","targetHints":{"allow":["GET"]}}],"collection":[{"href":"https:\/\/nordicmart.andreevmaster.com\/fi\/wp-json\/wp\/v2\/product"}],"about":[{"href":"https:\/\/nordicmart.andreevmaster.com\/fi\/wp-json\/wp\/v2\/types\/product"}],"replies":[{"embeddable":true,"href":"https:\/\/nordicmart.andreevmaster.com\/fi\/wp-json\/wp\/v2\/comments?post=38328"}],"wp:featuredmedia":[{"embeddable":true,"href":"https:\/\/nordicmart.andreevmaster.com\/fi\/wp-json\/wp\/v2\/media\/46133"}],"wp:attachment":[{"href":"https:\/\/nordicmart.andreevmaster.com\/fi\/wp-json\/wp\/v2\/media?parent=38328"}],"wp:term":[{"taxonomy":"product_brand","embeddable":true,"href":"https:\/\/nordicmart.andreevmaster.com\/fi\/wp-json\/wp\/v2\/product_brand?post=38328"},{"taxonomy":"product_cat","embeddable":true,"href":"https:\/\/nordicmart.andreevmaster.com\/fi\/wp-json\/wp\/v2\/product_cat?post=38328"},{"taxonomy":"product_tag","embeddable":true,"href":"https:\/\/nordicmart.andreevmaster.com\/fi\/wp-json\/wp\/v2\/product_tag?post=38328"}],"curies":[{"name":"wp","href":"https:\/\/api.w.org\/{rel}","templated":true}]}}