{"id":38327,"date":"2026-02-27T00:43:27","date_gmt":"2026-02-27T00:43:27","guid":{"rendered":"https:\/\/nordicmart.andreevmaster.com\/product\/songmics-suuri-sailytyslaatikko-kannella\/"},"modified":"2026-02-27T09:59:08","modified_gmt":"2026-02-27T09:59:08","slug":"songmics-suuri-sailytyslaatikko-kannella","status":"publish","type":"product","link":"https:\/\/nordicmart.andreevmaster.com\/fi\/tuote\/songmics-suuri-sailytyslaatikko-kannella\/","title":{"rendered":"SONGMICS Suuri s\u00e4ilytyslaatikko kannella"},"content":{"rendered":"<p>T\u00e4m\u00e4 koristeellinen s\u00e4ilytyslaatikko SONGMICS:lt\u00e4 pit\u00e4\u00e4 kaikki p\u00f6yd\u00e4ll\u00e4 lojuvat tavarat ja pikkuesineet kurissa. Se on pelastus, kun vieraita on tulossa ja sinun on siivottava nopeasti.Silmi\u00e4 hivelev\u00e4: t\u00e4m\u00e4 kaunis, k\u00e4sin kudottu kori rustiikkisesta polyrottingista on koristeena jokaisessa vaatehuoneessa, lastenhuoneessa, makuuhuoneessa, olohuoneessa tai pesutuvassa.Uskollinen palvelija: Kest\u00e4v\u00e4t polyrottingis\u00e4ikeet PP-muovista on kudottu huolellisesti k\u00e4sin vahvan rautalankakehyksen ymp\u00e4rille, jotta on saatu aikaan vakaa, suorakulmainen rakenne. My\u00f6s kansi on tuettu rautalangalla, joten t\u00e4m\u00e4 pyykkikori on kauttaaltaan vakaa tuote. Tuotetiedot:V\u00e4ri: harmaa Materiaali: PP-muovi (polypropeeni), puuvilla, rauta Koko: 55,5 x 34 x 34 cm (P x L x K) Paino: 2,4 kg Laatikon maks. staattinen kantavuus: 20 kg Kannen maks. staattinen kantavuus: 10 kg EAN: 6955880390519<\/p>\n","protected":false},"excerpt":{"rendered":"<p>SONGMICS s\u00e4ilytyslaatikko polyrottingista, s\u00e4ilytyskori, 60 l pyykkikori, koristeellinen arkku kannella, kahvoilla ja puuvillapussilla, suorakulmainen, punottu, makuuhuone, pesutupa, luonnonv\u00e4ri RST56NL<\/p>\n","protected":false},"featured_media":46702,"comment_status":"open","ping_status":"closed","template":"","meta":[],"product_brand":[],"product_cat":[32],"product_tag":[],"class_list":{"0":"post-38327","1":"product","2":"type-product","3":"status-publish","4":"has-post-thumbnail","6":"product_cat-uncategorized-fi","8":"first","9":"instock","10":"shipping-taxable","11":"purchasable","12":"product-type-simple"},"_links":{"self":[{"href":"https:\/\/nordicmart.andreevmaster.com\/fi\/wp-json\/wp\/v2\/product\/38327","targetHints":{"allow":["GET"]}}],"collection":[{"href":"https:\/\/nordicmart.andreevmaster.com\/fi\/wp-json\/wp\/v2\/product"}],"about":[{"href":"https:\/\/nordicmart.andreevmaster.com\/fi\/wp-json\/wp\/v2\/types\/product"}],"replies":[{"embeddable":true,"href":"https:\/\/nordicmart.andreevmaster.com\/fi\/wp-json\/wp\/v2\/comments?post=38327"}],"wp:featuredmedia":[{"embeddable":true,"href":"https:\/\/nordicmart.andreevmaster.com\/fi\/wp-json\/wp\/v2\/media\/46702"}],"wp:attachment":[{"href":"https:\/\/nordicmart.andreevmaster.com\/fi\/wp-json\/wp\/v2\/media?parent=38327"}],"wp:term":[{"taxonomy":"product_brand","embeddable":true,"href":"https:\/\/nordicmart.andreevmaster.com\/fi\/wp-json\/wp\/v2\/product_brand?post=38327"},{"taxonomy":"product_cat","embeddable":true,"href":"https:\/\/nordicmart.andreevmaster.com\/fi\/wp-json\/wp\/v2\/product_cat?post=38327"},{"taxonomy":"product_tag","embeddable":true,"href":"https:\/\/nordicmart.andreevmaster.com\/fi\/wp-json\/wp\/v2\/product_tag?post=38327"}],"curies":[{"name":"wp","href":"https:\/\/api.w.org\/{rel}","templated":true}]}}