{"id":38321,"date":"2026-02-27T00:43:25","date_gmt":"2026-02-27T00:43:25","guid":{"rendered":"https:\/\/nordicmart.andreevmaster.com\/product\/vasagle-pehmustettu-kenkapenkki-tummanruskea\/"},"modified":"2026-02-27T09:59:07","modified_gmt":"2026-02-27T09:59:07","slug":"vasagle-pehmustettu-kenkapenkki-tummanruskea","status":"publish","type":"product","link":"https:\/\/nordicmart.andreevmaster.com\/fi\/tuote\/vasagle-pehmustettu-kenkapenkki-tummanruskea\/","title":{"rendered":"VASAGLE Pehmustettu kenk\u00e4penkki Tummanruskea"},"content":{"rendered":"<p>Pitk\u00e4 k\u00e4ytt\u00f6ik\u00e4 Massiivipuusta valmistettu kenk\u00e4penkki on tukeva ja kest\u00e4v\u00e4. Se kest\u00e4\u00e4 jopa 130 kg:n painon. Varusta eteinen t\u00e4ll\u00e4 penkill\u00e4, jotta voit istua mukavasti, kun laitat kenki\u00e4 jalkaan tai odotat kumppaniasi, joka valmistautuu l\u00e4htem\u00e4\u00e4n ulos. Rakkautta yksityiskohtiin 4 liukumatonta jalkapohjaa suojaavat lattiaasi naarmuilta. Lis\u00e4ksi penkiss\u00e4 on k\u00e4tev\u00e4 koukku, johon voit ripustaa kenk\u00e4lusikan.Kokoaminen hetkess\u00e4 Ymm\u00e4rrett\u00e4vien ohjeiden ja mukana toimitettujen ty\u00f6kalujen ansiosta sinun ei tarvitse viett\u00e4\u00e4 koko sunnuntai-iltap\u00e4iv\u00e4\u00e4 yksinkertaisen penkin kokoamiseen. Seuraa vain ohjeita, niin penkin kokoaminen sujuu helposti ja nopeasti. Tuotetiedot: &#8211; V\u00e4ri: ruskea &#8211; Materiaali: kumipuu &#8211; Koko: 85 x 35 x 45 cm (P x L x K) &#8211; Paino: 9 kg &#8211; Maks. kantavuus: 130 kgToimitus sis\u00e4lt\u00e4\u00e4: &#8211; 1 x kenk\u00e4penkki &#8211; 1 x tarvikepussi &#8211; 1 x ohjeetVASAGLE Huomautukset: &#8211; Tekstiss\u00e4 mainittu maks. kantavuus viittaa staattiseen maksimipainoon.<\/p>\n","protected":false},"excerpt":{"rendered":"<p>VASAGLE kenk\u00e4penkki, pehmustettu meikkituoli hyllyll\u00e4 ja koukulla, runko massiivista kumipuuta, kantavuus enint\u00e4\u00e4n 130 kg, eteiseen, makuuhuoneeseen, olohuoneeseen, ruskea RSB02BR<\/p>\n","protected":false},"featured_media":46127,"comment_status":"open","ping_status":"closed","template":"","meta":[],"product_brand":[],"product_cat":[32],"product_tag":[],"class_list":{"0":"post-38321","1":"product","2":"type-product","3":"status-publish","4":"has-post-thumbnail","6":"product_cat-uncategorized-fi","8":"first","9":"instock","10":"shipping-taxable","11":"purchasable","12":"product-type-simple"},"_links":{"self":[{"href":"https:\/\/nordicmart.andreevmaster.com\/fi\/wp-json\/wp\/v2\/product\/38321","targetHints":{"allow":["GET"]}}],"collection":[{"href":"https:\/\/nordicmart.andreevmaster.com\/fi\/wp-json\/wp\/v2\/product"}],"about":[{"href":"https:\/\/nordicmart.andreevmaster.com\/fi\/wp-json\/wp\/v2\/types\/product"}],"replies":[{"embeddable":true,"href":"https:\/\/nordicmart.andreevmaster.com\/fi\/wp-json\/wp\/v2\/comments?post=38321"}],"wp:featuredmedia":[{"embeddable":true,"href":"https:\/\/nordicmart.andreevmaster.com\/fi\/wp-json\/wp\/v2\/media\/46127"}],"wp:attachment":[{"href":"https:\/\/nordicmart.andreevmaster.com\/fi\/wp-json\/wp\/v2\/media?parent=38321"}],"wp:term":[{"taxonomy":"product_brand","embeddable":true,"href":"https:\/\/nordicmart.andreevmaster.com\/fi\/wp-json\/wp\/v2\/product_brand?post=38321"},{"taxonomy":"product_cat","embeddable":true,"href":"https:\/\/nordicmart.andreevmaster.com\/fi\/wp-json\/wp\/v2\/product_cat?post=38321"},{"taxonomy":"product_tag","embeddable":true,"href":"https:\/\/nordicmart.andreevmaster.com\/fi\/wp-json\/wp\/v2\/product_tag?post=38321"}],"curies":[{"name":"wp","href":"https:\/\/api.w.org\/{rel}","templated":true}]}}