{"id":38319,"date":"2026-02-27T00:43:25","date_gmt":"2026-02-27T00:43:25","guid":{"rendered":"https:\/\/nordicmart.andreevmaster.com\/product\/vasagle-pehmustettu-kenkapenkki\/"},"modified":"2026-02-27T09:59:06","modified_gmt":"2026-02-27T09:59:06","slug":"vasagle-pehmustettu-kenkapenkki","status":"publish","type":"product","link":"https:\/\/nordicmart.andreevmaster.com\/fi\/tuote\/vasagle-pehmustettu-kenkapenkki\/","title":{"rendered":"VASAGLE Pehmustettu kenk\u00e4penkki"},"content":{"rendered":"<p>Penkki kaarevilla k\u00e4sinojilla Ainutlaatuinen muotoilu, massiivipuusta T\u00e4m\u00e4 penkki on suunniteltu erilaiseksi kuin muut. Erityisesti massiivipuu erottaa sen joukosta ja tekee siit\u00e4 riitt\u00e4v\u00e4n vahvan kest\u00e4m\u00e4\u00e4n jopa 130 kg:n painon. T\u00e4m\u00e4 huonekalu palvelee sinua kotonasi monien vuosien ajan. Lis\u00e4ksi se on yksinkertainen mutta tyylik\u00e4s ja sopii hyvin yhteen muiden huonekalujen kanssa.Penkki on my\u00f6s helppo koota. Aseta se eteiseen, niin voit pukea keng\u00e4t mukavasti jalkaan ennen kuin l\u00e4hdet kotoa. Tekniset tiedot V\u00e4ri: ruskea Materiaali: kumipuu Koko: 58 x 35 x 58 cm (P x L x K) Paino: 5,4 kg Maks. staattinen kantavuus: 130 kg<\/p>\n","protected":false},"excerpt":{"rendered":"<p>VASAGLE kenk\u00e4penkki, pehmustettu meikkituoli k\u00e4sinojilla, runko massiivista kumipuuta, kantavuus enint\u00e4\u00e4n 130 kg, eteiseen, makuuhuoneeseen, olohuoneeseen, ruskea RSB01BR<\/p>\n","protected":false},"featured_media":46125,"comment_status":"open","ping_status":"closed","template":"","meta":[],"product_brand":[],"product_cat":[32],"product_tag":[],"class_list":{"0":"post-38319","1":"product","2":"type-product","3":"status-publish","4":"has-post-thumbnail","6":"product_cat-uncategorized-fi","8":"first","9":"instock","10":"shipping-taxable","11":"purchasable","12":"product-type-simple"},"_links":{"self":[{"href":"https:\/\/nordicmart.andreevmaster.com\/fi\/wp-json\/wp\/v2\/product\/38319","targetHints":{"allow":["GET"]}}],"collection":[{"href":"https:\/\/nordicmart.andreevmaster.com\/fi\/wp-json\/wp\/v2\/product"}],"about":[{"href":"https:\/\/nordicmart.andreevmaster.com\/fi\/wp-json\/wp\/v2\/types\/product"}],"replies":[{"embeddable":true,"href":"https:\/\/nordicmart.andreevmaster.com\/fi\/wp-json\/wp\/v2\/comments?post=38319"}],"wp:featuredmedia":[{"embeddable":true,"href":"https:\/\/nordicmart.andreevmaster.com\/fi\/wp-json\/wp\/v2\/media\/46125"}],"wp:attachment":[{"href":"https:\/\/nordicmart.andreevmaster.com\/fi\/wp-json\/wp\/v2\/media?parent=38319"}],"wp:term":[{"taxonomy":"product_brand","embeddable":true,"href":"https:\/\/nordicmart.andreevmaster.com\/fi\/wp-json\/wp\/v2\/product_brand?post=38319"},{"taxonomy":"product_cat","embeddable":true,"href":"https:\/\/nordicmart.andreevmaster.com\/fi\/wp-json\/wp\/v2\/product_cat?post=38319"},{"taxonomy":"product_tag","embeddable":true,"href":"https:\/\/nordicmart.andreevmaster.com\/fi\/wp-json\/wp\/v2\/product_tag?post=38319"}],"curies":[{"name":"wp","href":"https:\/\/api.w.org\/{rel}","templated":true}]}}