{"id":38314,"date":"2026-02-27T00:43:23","date_gmt":"2026-02-27T00:43:23","guid":{"rendered":"https:\/\/nordicmart.andreevmaster.com\/product\/songmics-panttipullojen-keraysastia-95-l-reialla-ja-kannella\/"},"modified":"2026-02-27T09:59:05","modified_gmt":"2026-02-27T09:59:05","slug":"songmics-panttipullojen-keraysastia-95-l-reialla-ja-kannella","status":"publish","type":"product","link":"https:\/\/nordicmart.andreevmaster.com\/fi\/tuote\/songmics-panttipullojen-keraysastia-95-l-reialla-ja-kannella\/","title":{"rendered":"SONGMICS panttipullojen ker\u00e4ysastia 95 l, rei\u00e4ll\u00e4 ja kannella"},"content":{"rendered":"<p>SONGMICS panttipullojen ker\u00e4ysastia, 95 l panttipullojen s\u00e4ilytysastia, bambu, tyhjien pullojen ker\u00e4ysastia, kierr\u00e4tysastia, rei&#8217;itetty, kansi, sis\u00e4pussi kahvoilla, keitti\u00f6, luonnonbeige RRB060Y01<br \/>\nV\u00e4ri: luonnonbeige<br \/>\nMateriaali: bambu, ter\u00e4s, polyester-puuvillakangas, MDF-levyt, kuitukangas, PU-keinonahka, muovi<br \/>\nKoko: 40,5 x 40,5 x 61 cm (P x L x K)<br \/>\nPaino: 2,2 kg<br \/>\nMaks. staattinen kantavuus: 10 kg<\/p>\n","protected":false},"excerpt":{"rendered":"<p>SONGMICS panttipullojen ker\u00e4ysastia, 95 l panttipullojen s\u00e4ilytysastia, bambu, tyhjien pullojen ker\u00e4ysastia, kierr\u00e4tysastia, rei&#8217;itetty, kansi, sis\u00e4pussi kahvoilla, keitti\u00f6, luonnonbeige RRB060Y01<\/p>\n","protected":false},"featured_media":46120,"comment_status":"open","ping_status":"closed","template":"","meta":[],"product_brand":[],"product_cat":[32],"product_tag":[],"class_list":{"0":"post-38314","1":"product","2":"type-product","3":"status-publish","4":"has-post-thumbnail","6":"product_cat-uncategorized-fi","8":"first","9":"instock","10":"shipping-taxable","11":"purchasable","12":"product-type-simple"},"_links":{"self":[{"href":"https:\/\/nordicmart.andreevmaster.com\/fi\/wp-json\/wp\/v2\/product\/38314","targetHints":{"allow":["GET"]}}],"collection":[{"href":"https:\/\/nordicmart.andreevmaster.com\/fi\/wp-json\/wp\/v2\/product"}],"about":[{"href":"https:\/\/nordicmart.andreevmaster.com\/fi\/wp-json\/wp\/v2\/types\/product"}],"replies":[{"embeddable":true,"href":"https:\/\/nordicmart.andreevmaster.com\/fi\/wp-json\/wp\/v2\/comments?post=38314"}],"wp:featuredmedia":[{"embeddable":true,"href":"https:\/\/nordicmart.andreevmaster.com\/fi\/wp-json\/wp\/v2\/media\/46120"}],"wp:attachment":[{"href":"https:\/\/nordicmart.andreevmaster.com\/fi\/wp-json\/wp\/v2\/media?parent=38314"}],"wp:term":[{"taxonomy":"product_brand","embeddable":true,"href":"https:\/\/nordicmart.andreevmaster.com\/fi\/wp-json\/wp\/v2\/product_brand?post=38314"},{"taxonomy":"product_cat","embeddable":true,"href":"https:\/\/nordicmart.andreevmaster.com\/fi\/wp-json\/wp\/v2\/product_cat?post=38314"},{"taxonomy":"product_tag","embeddable":true,"href":"https:\/\/nordicmart.andreevmaster.com\/fi\/wp-json\/wp\/v2\/product_tag?post=38314"}],"curies":[{"name":"wp","href":"https:\/\/api.w.org\/{rel}","templated":true}]}}