{"id":38313,"date":"2026-02-27T00:43:23","date_gmt":"2026-02-27T00:43:23","guid":{"rendered":"https:\/\/nordicmart.andreevmaster.com\/product\/songmics-panttilasien-keraysastia-120-l-reika-ja-kansi\/"},"modified":"2026-02-27T09:59:05","modified_gmt":"2026-02-27T09:59:05","slug":"songmics-panttilasien-keraysastia-120-l-reika-ja-kansi","status":"publish","type":"product","link":"https:\/\/nordicmart.andreevmaster.com\/fi\/tuote\/songmics-panttilasien-keraysastia-120-l-reika-ja-kansi\/","title":{"rendered":"SONGMICS panttilasien ker\u00e4ysastia 120 l, reik\u00e4 ja kansi"},"content":{"rendered":"<p>SONGMICS panttipullojen ker\u00e4ysastia, 95 l panttipullojen s\u00e4ilytysastia, bambu, tyhjien pullojen ker\u00e4ysastia, kierr\u00e4tysastia, rei&#8217;itetty, kansi, sis\u00e4pussi kahvoilla, keitti\u00f6, luonnonbeige RRB060Y01<br \/>\nV\u00e4ri: luonnonbeige<br \/>\nMateriaali: bambu, ter\u00e4s, polyester-puuvillakangas, MDF-levyt, kuitukangas, PU-keinonahka, muovi<br \/>\nKoko: 50,5 x 40,5 x 61 cm (P x L x K)<br \/>\nPaino: 2,5 kg<br \/>\nMaks. staattinen kantavuus: 15 kg<\/p>\n","protected":false},"excerpt":{"rendered":"<p>SONGMICS panttipullojen ker\u00e4ysastia, 95 l panttipullojen s\u00e4ilytysastia, bambu, tyhjien pullojen ker\u00e4ysastia, kierr\u00e4tysastia, rei&#8217;itetty, kansi, sis\u00e4pussi kahvoilla, keitti\u00f6, luonnonbeige RRB060Y01<\/p>\n","protected":false},"featured_media":46119,"comment_status":"open","ping_status":"closed","template":"","meta":[],"product_brand":[],"product_cat":[32],"product_tag":[],"class_list":{"0":"post-38313","1":"product","2":"type-product","3":"status-publish","4":"has-post-thumbnail","6":"product_cat-uncategorized-fi","8":"first","9":"instock","10":"shipping-taxable","11":"purchasable","12":"product-type-simple"},"_links":{"self":[{"href":"https:\/\/nordicmart.andreevmaster.com\/fi\/wp-json\/wp\/v2\/product\/38313","targetHints":{"allow":["GET"]}}],"collection":[{"href":"https:\/\/nordicmart.andreevmaster.com\/fi\/wp-json\/wp\/v2\/product"}],"about":[{"href":"https:\/\/nordicmart.andreevmaster.com\/fi\/wp-json\/wp\/v2\/types\/product"}],"replies":[{"embeddable":true,"href":"https:\/\/nordicmart.andreevmaster.com\/fi\/wp-json\/wp\/v2\/comments?post=38313"}],"wp:featuredmedia":[{"embeddable":true,"href":"https:\/\/nordicmart.andreevmaster.com\/fi\/wp-json\/wp\/v2\/media\/46119"}],"wp:attachment":[{"href":"https:\/\/nordicmart.andreevmaster.com\/fi\/wp-json\/wp\/v2\/media?parent=38313"}],"wp:term":[{"taxonomy":"product_brand","embeddable":true,"href":"https:\/\/nordicmart.andreevmaster.com\/fi\/wp-json\/wp\/v2\/product_brand?post=38313"},{"taxonomy":"product_cat","embeddable":true,"href":"https:\/\/nordicmart.andreevmaster.com\/fi\/wp-json\/wp\/v2\/product_cat?post=38313"},{"taxonomy":"product_tag","embeddable":true,"href":"https:\/\/nordicmart.andreevmaster.com\/fi\/wp-json\/wp\/v2\/product_tag?post=38313"}],"curies":[{"name":"wp","href":"https:\/\/api.w.org\/{rel}","templated":true}]}}