{"id":38312,"date":"2026-02-27T00:43:23","date_gmt":"2026-02-27T00:43:23","guid":{"rendered":"https:\/\/nordicmart.andreevmaster.com\/product\/songmics-sailytyslaatikot-lapinakyvalla-ikkunalla\/"},"modified":"2026-02-27T09:59:05","modified_gmt":"2026-02-27T09:59:05","slug":"songmics-sailytyslaatikot-lapinakyvalla-ikkunalla","status":"publish","type":"product","link":"https:\/\/nordicmart.andreevmaster.com\/fi\/tuote\/songmics-sailytyslaatikot-lapinakyvalla-ikkunalla\/","title":{"rendered":"SONGMICS s\u00e4ilytyslaatikot l\u00e4pin\u00e4kyv\u00e4ll\u00e4 ikkunalla"},"content":{"rendered":"<p>L\u00e4pin\u00e4kyv\u00e4 ikkuna: Lopultkin sinun ei tarvitse en\u00e4\u00e4 kaivella sekavaa laatikkoasi l\u00f6yt\u00e4\u00e4ksesi paria sukkia! N\u00e4iss\u00e4 2 kangaskotelossa on l\u00e4pin\u00e4kyv\u00e4 ikkuna, joten voit helposti tunnistaa kotelon sis\u00e4ll\u00f6n ja l\u00f6yt\u00e4\u00e4 tarvitsemasi tavarat nopeasti.<\/p>\n<p>Pinottavat ja taitettavat: N\u00e4m\u00e4 laatikot voidaan pinota p\u00e4\u00e4llekk\u00e4in, jotta ne viev\u00e4t v\u00e4hemm\u00e4n tilaa asunnossasi. N\u00e4iden k\u00e4yt\u00e4nn\u00f6llisten s\u00e4ilytysapulaisien avulla voit my\u00f6s s\u00e4ilytt\u00e4\u00e4 pikkuesineit\u00e4 yhdess\u00e4 paikassa. Kun et k\u00e4yt\u00e4 niit\u00e4, voit taittaa ne kokoon ja ty\u00f6nt\u00e4\u00e4 s\u00e4ngyn alle.<\/p>\n<p>Magneettikiinnitys: Taitettava kansi avautuu yl\u00f6sp\u00e4in ja pysyy aina auki magneettien ansiosta. N\u00e4in p\u00e4\u00e4set helposti k\u00e4siksi laatikkoon s\u00e4il\u00f6ttyihin tavaroihin.<\/p>\n<p>Metallikehys tukee: Jokaisen laatikon sis\u00e4ll\u00e4 on tukeva metallikehys, joka takaa hyv\u00e4n vakauden, kun laatikot pinotaan p\u00e4\u00e4llekk\u00e4in. Lis\u00e4ksi laatikoiden yl\u00e4osassa on tarranauhat, jotka est\u00e4v\u00e4t laatikoita liukumasta.<br \/>\nTuotetiedot:<br \/>\nV\u00e4ri: harmaa-beige<br \/>\nMateriaali: kuitukangas, jossa on pellavankaltainen tekstuuri, rautakehys, pahvi<br \/>\nKoko: 38 x 35 x 25 cm (P x L x K)<br \/>\nPaino per laatikko: 2 kg<br \/>\nEnimm\u00e4iskantavuus per laatikko: 10 kg<\/p>\n<p>Toimitus sis\u00e4lt\u00e4\u00e4:<br \/>\n2 x s\u00e4ilytyslaatikko<br \/>\n1 x k\u00e4ytt\u00f6ohje (DE, EN, FR, ES, IT)<\/p>\n<p>SONGMICS-ohjeet:<br \/>\n\u00c4l\u00e4 pese tuotetta suoraan vedell\u00e4. Pyyhi se kostealla liinalla lian poistamiseksi.<br \/>\nTuote saattaa tuoksua hieman avattaessa pakkausta. Siirr\u00e4 se t\u00e4ll\u00f6in hyvin tuuletettuun paikkaan. Tuoksu h\u00e4vi\u00e4\u00e4 pian.<\/p>\n","protected":false},"excerpt":{"rendered":"<p>SONGMICS s\u00e4ilytyslaatikot, 2 kpl, l\u00e4pin\u00e4kyv\u00e4ll\u00e4 ikkunalla, pinottavat taitettavat laatikot magneettisella kansilla, metallikehyksell\u00e4, sivukahvoilla, leluille, vaatteille, harmaa-beige RPLB02G<\/p>\n","protected":false},"featured_media":46118,"comment_status":"open","ping_status":"closed","template":"","meta":[],"product_brand":[],"product_cat":[32],"product_tag":[],"class_list":{"0":"post-38312","1":"product","2":"type-product","3":"status-publish","4":"has-post-thumbnail","6":"product_cat-uncategorized-fi","8":"first","9":"instock","10":"shipping-taxable","11":"purchasable","12":"product-type-simple"},"_links":{"self":[{"href":"https:\/\/nordicmart.andreevmaster.com\/fi\/wp-json\/wp\/v2\/product\/38312","targetHints":{"allow":["GET"]}}],"collection":[{"href":"https:\/\/nordicmart.andreevmaster.com\/fi\/wp-json\/wp\/v2\/product"}],"about":[{"href":"https:\/\/nordicmart.andreevmaster.com\/fi\/wp-json\/wp\/v2\/types\/product"}],"replies":[{"embeddable":true,"href":"https:\/\/nordicmart.andreevmaster.com\/fi\/wp-json\/wp\/v2\/comments?post=38312"}],"wp:featuredmedia":[{"embeddable":true,"href":"https:\/\/nordicmart.andreevmaster.com\/fi\/wp-json\/wp\/v2\/media\/46118"}],"wp:attachment":[{"href":"https:\/\/nordicmart.andreevmaster.com\/fi\/wp-json\/wp\/v2\/media?parent=38312"}],"wp:term":[{"taxonomy":"product_brand","embeddable":true,"href":"https:\/\/nordicmart.andreevmaster.com\/fi\/wp-json\/wp\/v2\/product_brand?post=38312"},{"taxonomy":"product_cat","embeddable":true,"href":"https:\/\/nordicmart.andreevmaster.com\/fi\/wp-json\/wp\/v2\/product_cat?post=38312"},{"taxonomy":"product_tag","embeddable":true,"href":"https:\/\/nordicmart.andreevmaster.com\/fi\/wp-json\/wp\/v2\/product_tag?post=38312"}],"curies":[{"name":"wp","href":"https:\/\/api.w.org\/{rel}","templated":true}]}}