{"id":38311,"date":"2026-02-27T00:43:23","date_gmt":"2026-02-27T00:43:23","guid":{"rendered":"https:\/\/nordicmart.andreevmaster.com\/product\/songmics-10-kpln-valokuvakehyssetti-musta\/"},"modified":"2026-02-27T09:59:05","modified_gmt":"2026-02-27T09:59:05","slug":"songmics-10-kpln-valokuvakehyssetti-musta","status":"publish","type":"product","link":"https:\/\/nordicmart.andreevmaster.com\/fi\/tuote\/songmics-10-kpln-valokuvakehyssetti-musta\/","title":{"rendered":"SONGMICS 10 kpl:n valokuvakehyssetti, musta"},"content":{"rendered":"<p>Aseta t\u00e4h\u00e4n kehykseen suosikkikuvasi ja ripusta se sein\u00e4lle. Puukuviolla varustettu valokuvakehys koristaa sein\u00e4\u00e4si ja muistuttaa sinua aina kauniista hetkist\u00e4. Tuotetiedot: &#8211; Mitat: 28,4 x 23,3 x 1,2 cm (L x K x S, 2 kpl) 20,2 x 15,2 x 1,2 cm (L x K x S, 4 kpl) 18,2 x 13,2 x 1,2 cm (L x K x S, 4 kpl) &#8211; Valokuvan mitat: 20 x 25 cm (2 kpl) 13 x 18 cm (4 kpl ) 10 x 15 cm (4 kpl ) &#8211; Kehyksen v\u00e4ri: musta &#8211; Materiaali: MDF, polystyreeni &#8211; Paino: 2,15 kg Toimitus sis\u00e4lt\u00e4\u00e4: &#8211; 10 x valokuvakehys &#8211; 1 x ohjeet (DE, EN, IT, FR, ES) Huomautukset: &#8211; Ilmakuplat ja l\u00e4pikuultavan kuvanpeitteen huono valonl\u00e4p\u00e4isykyky johtuvat suojakalvoista. Poista molemmat suojakalvot ennen k\u00e4ytt\u00f6\u00e4.<\/p>\n","protected":false},"excerpt":{"rendered":"<p>SONGMICS Kuvakehys 10-osainen sarja Valokuvakehykset \u2013 2 kpl 20 x 25 cm, 4 kpl 13 x 18 cm ja 4 kpl 10 x 15 cm Puukehys Valkoinen RPF310W<\/p>\n","protected":false},"featured_media":46117,"comment_status":"open","ping_status":"closed","template":"","meta":[],"product_brand":[],"product_cat":[32],"product_tag":[],"class_list":{"0":"post-38311","1":"product","2":"type-product","3":"status-publish","4":"has-post-thumbnail","6":"product_cat-uncategorized-fi","8":"first","9":"instock","10":"shipping-taxable","11":"purchasable","12":"product-type-simple"},"_links":{"self":[{"href":"https:\/\/nordicmart.andreevmaster.com\/fi\/wp-json\/wp\/v2\/product\/38311","targetHints":{"allow":["GET"]}}],"collection":[{"href":"https:\/\/nordicmart.andreevmaster.com\/fi\/wp-json\/wp\/v2\/product"}],"about":[{"href":"https:\/\/nordicmart.andreevmaster.com\/fi\/wp-json\/wp\/v2\/types\/product"}],"replies":[{"embeddable":true,"href":"https:\/\/nordicmart.andreevmaster.com\/fi\/wp-json\/wp\/v2\/comments?post=38311"}],"wp:featuredmedia":[{"embeddable":true,"href":"https:\/\/nordicmart.andreevmaster.com\/fi\/wp-json\/wp\/v2\/media\/46117"}],"wp:attachment":[{"href":"https:\/\/nordicmart.andreevmaster.com\/fi\/wp-json\/wp\/v2\/media?parent=38311"}],"wp:term":[{"taxonomy":"product_brand","embeddable":true,"href":"https:\/\/nordicmart.andreevmaster.com\/fi\/wp-json\/wp\/v2\/product_brand?post=38311"},{"taxonomy":"product_cat","embeddable":true,"href":"https:\/\/nordicmart.andreevmaster.com\/fi\/wp-json\/wp\/v2\/product_cat?post=38311"},{"taxonomy":"product_tag","embeddable":true,"href":"https:\/\/nordicmart.andreevmaster.com\/fi\/wp-json\/wp\/v2\/product_tag?post=38311"}],"curies":[{"name":"wp","href":"https:\/\/api.w.org\/{rel}","templated":true}]}}