{"id":38308,"date":"2026-02-27T00:43:22","date_gmt":"2026-02-27T00:43:22","guid":{"rendered":"https:\/\/nordicmart.andreevmaster.com\/product\/songmics-valokuvakehyskollage-12-valokuvaa-musta\/"},"modified":"2026-02-27T09:59:04","modified_gmt":"2026-02-27T09:59:04","slug":"songmics-valokuvakehyskollage-12-valokuvaa-musta","status":"publish","type":"product","link":"https:\/\/nordicmart.andreevmaster.com\/fi\/tuote\/songmics-valokuvakehyskollage-12-valokuvaa-musta\/","title":{"rendered":"SONGMICS valokuvakehyskollage 12 valokuvaa musta"},"content":{"rendered":"<p>Kuvakehyskollaasi t\u00e4ynn\u00e4 muistoja: N\u00e4m\u00e4 tyylikk\u00e4\u00e4t valkoiset kuvakehykset koristavat olohuoneesi, toimistosi, ty\u00f6huoneesi tai makuuhuoneesi kauneimmilla muistoillasi. Aseta 12 valokuvaa t\u00e4h\u00e4n valokuvakehykseen ja ripusta se tyhj\u00e4lle sein\u00e4lle, niin voit jakaa j\u00e4nnitt\u00e4vimm\u00e4t hetket vieraidesi kanssa. Lis\u00e4ksi valokuvasi ovat hyvin suojattuja puukuitulevyn ja lasilevyn v\u00e4liss\u00e4. Tuotetiedot:V\u00e4ri: musta Materiaali: keskitihe\u00e4 kuitulevy (MDF), lasi Koko: 63,3 x 3,6 x 63,3 cm (P x L x K) Paino: 2,2 kg Toimitus sis\u00e4lt\u00e4\u00e4: 1 x kuvakehyskollage 1 x s\u00e4ilytyslaatikko tarvikkeille 1 x ohjeet (DE, EN, FR, ES, IT) SONGMICS-huomautukset:T\u00e4m\u00e4 tuote koostuu useista kuvakehyksist\u00e4, jotka on kiinnitett\u00e4v\u00e4 sein\u00e4lle. Kuvakehyksi\u00e4 ei voi k\u00e4ytt\u00e4\u00e4 erikseen.<\/p>\n","protected":false},"excerpt":{"rendered":"<p>Kuvakehyskollaasi, 12 valokuvakehyst\u00e4 10 x 15 cm:n kuville, valokuvakollaasi, sein\u00e4kollaasi, monikehys, sein\u00e4koriste, pilvinen valkoinen<\/p>\n","protected":false},"featured_media":46701,"comment_status":"open","ping_status":"closed","template":"","meta":[],"product_brand":[],"product_cat":[32],"product_tag":[],"class_list":{"0":"post-38308","1":"product","2":"type-product","3":"status-publish","4":"has-post-thumbnail","6":"product_cat-uncategorized-fi","8":"first","9":"instock","10":"shipping-taxable","11":"purchasable","12":"product-type-simple"},"_links":{"self":[{"href":"https:\/\/nordicmart.andreevmaster.com\/fi\/wp-json\/wp\/v2\/product\/38308","targetHints":{"allow":["GET"]}}],"collection":[{"href":"https:\/\/nordicmart.andreevmaster.com\/fi\/wp-json\/wp\/v2\/product"}],"about":[{"href":"https:\/\/nordicmart.andreevmaster.com\/fi\/wp-json\/wp\/v2\/types\/product"}],"replies":[{"embeddable":true,"href":"https:\/\/nordicmart.andreevmaster.com\/fi\/wp-json\/wp\/v2\/comments?post=38308"}],"wp:featuredmedia":[{"embeddable":true,"href":"https:\/\/nordicmart.andreevmaster.com\/fi\/wp-json\/wp\/v2\/media\/46701"}],"wp:attachment":[{"href":"https:\/\/nordicmart.andreevmaster.com\/fi\/wp-json\/wp\/v2\/media?parent=38308"}],"wp:term":[{"taxonomy":"product_brand","embeddable":true,"href":"https:\/\/nordicmart.andreevmaster.com\/fi\/wp-json\/wp\/v2\/product_brand?post=38308"},{"taxonomy":"product_cat","embeddable":true,"href":"https:\/\/nordicmart.andreevmaster.com\/fi\/wp-json\/wp\/v2\/product_cat?post=38308"},{"taxonomy":"product_tag","embeddable":true,"href":"https:\/\/nordicmart.andreevmaster.com\/fi\/wp-json\/wp\/v2\/product_tag?post=38308"}],"curies":[{"name":"wp","href":"https:\/\/api.w.org\/{rel}","templated":true}]}}