{"id":38304,"date":"2026-02-27T00:43:21","date_gmt":"2026-02-27T00:43:21","guid":{"rendered":"https:\/\/nordicmart.andreevmaster.com\/product\/songmics-a4-kuvakehys-jalkia-jattamattomat-seinakoukut-tammenmusta\/"},"modified":"2026-02-27T09:59:03","modified_gmt":"2026-02-27T09:59:03","slug":"songmics-a4-kuvakehys-jalkia-jattamattomat-seinakoukut-tammenmusta","status":"publish","type":"product","link":"https:\/\/nordicmart.andreevmaster.com\/fi\/tuote\/songmics-a4-kuvakehys-jalkia-jattamattomat-seinakoukut-tammenmusta\/","title":{"rendered":"SONGMICS A4-kuvakehys, j\u00e4lki\u00e4 j\u00e4tt\u00e4m\u00e4tt\u00f6m\u00e4t sein\u00e4koukut, tammenmusta"},"content":{"rendered":"<p>SONGMICS Kuvakehys A4, 3 passepartoutia, valokuvakehys useille kuville, kollaasi valokuville A4, j\u00e4lki\u00e4 j\u00e4tt\u00e4m\u00e4tt\u00f6m\u00e4t sein\u00e4koukut<br \/>\nV\u00e4ri: tuhkanmusta<br \/>\nMateriaali: MDF (keskitihe\u00e4 kuitulevy), lasi<br \/>\nKuvakehyksen koko: 36,5 x 26 cm (P x L)<br \/>\nKehyksen paksuus: 1,5 cm<br \/>\nKahden kehyksen paino: 1,6 kg<\/p>\n","protected":false},"excerpt":{"rendered":"<p>SONGMICS Kuvakehys A4, 3 passepartoutia, valokuvakehys useille kuville, kollaasi valokuville A4, j\u00e4lki\u00e4 j\u00e4tt\u00e4m\u00e4tt\u00f6m\u00e4t sein\u00e4koukut<\/p>\n","protected":false},"featured_media":46111,"comment_status":"open","ping_status":"closed","template":"","meta":[],"product_brand":[],"product_cat":[32],"product_tag":[],"class_list":{"0":"post-38304","1":"product","2":"type-product","3":"status-publish","4":"has-post-thumbnail","6":"product_cat-uncategorized-fi","8":"first","9":"instock","10":"shipping-taxable","11":"purchasable","12":"product-type-simple"},"_links":{"self":[{"href":"https:\/\/nordicmart.andreevmaster.com\/fi\/wp-json\/wp\/v2\/product\/38304","targetHints":{"allow":["GET"]}}],"collection":[{"href":"https:\/\/nordicmart.andreevmaster.com\/fi\/wp-json\/wp\/v2\/product"}],"about":[{"href":"https:\/\/nordicmart.andreevmaster.com\/fi\/wp-json\/wp\/v2\/types\/product"}],"replies":[{"embeddable":true,"href":"https:\/\/nordicmart.andreevmaster.com\/fi\/wp-json\/wp\/v2\/comments?post=38304"}],"wp:featuredmedia":[{"embeddable":true,"href":"https:\/\/nordicmart.andreevmaster.com\/fi\/wp-json\/wp\/v2\/media\/46111"}],"wp:attachment":[{"href":"https:\/\/nordicmart.andreevmaster.com\/fi\/wp-json\/wp\/v2\/media?parent=38304"}],"wp:term":[{"taxonomy":"product_brand","embeddable":true,"href":"https:\/\/nordicmart.andreevmaster.com\/fi\/wp-json\/wp\/v2\/product_brand?post=38304"},{"taxonomy":"product_cat","embeddable":true,"href":"https:\/\/nordicmart.andreevmaster.com\/fi\/wp-json\/wp\/v2\/product_cat?post=38304"},{"taxonomy":"product_tag","embeddable":true,"href":"https:\/\/nordicmart.andreevmaster.com\/fi\/wp-json\/wp\/v2\/product_tag?post=38304"}],"curies":[{"name":"wp","href":"https:\/\/api.w.org\/{rel}","templated":true}]}}