{"id":38301,"date":"2026-02-27T00:43:20","date_gmt":"2026-02-27T00:43:20","guid":{"rendered":"https:\/\/nordicmart.andreevmaster.com\/product\/songmics-10-valokuvakehysta-10-x-15-cmn-kuville-merensininen\/"},"modified":"2026-02-27T09:59:02","modified_gmt":"2026-02-27T09:59:02","slug":"songmics-10-valokuvakehysta-10-x-15-cmn-kuville-merensininen","status":"publish","type":"product","link":"https:\/\/nordicmart.andreevmaster.com\/fi\/tuote\/songmics-10-valokuvakehysta-10-x-15-cmn-kuville-merensininen\/","title":{"rendered":"SONGMICS 10 valokuvakehyst\u00e4 10 x 15 cm:n kuville, merensininen"},"content":{"rendered":"<p>Kuvakehyskollage, 10 valokuvakehyst\u00e4 10 x 15 cm:n kuville, valokuvakollage, sein\u00e4kollage, monikehys, sein\u00e4koriste, vintage-ruskea<br \/>\nV\u00e4ri: tummansininen<br \/>\nMateriaali: MDF-kehys (keskitihe\u00e4 kuitulevy), PS-muovilevy (polystyreeni)<br \/>\nKoko: 60 x 49,3 cm (P x L)<br \/>\nSopivat valokuvakoot: 10 x 15 cm<br \/>\nKollaasikehyksen paksuus: 3,6 cm<br \/>\nPaino: 1,8 kg<\/p>\n","protected":false},"excerpt":{"rendered":"<p>Kuvakehyskollage, 10 valokuvakehyst\u00e4 10 x 15 cm:n kuville, valokuvakollage, sein\u00e4kollage, monikehys, sein\u00e4koriste, vintage-ruskea<\/p>\n","protected":false},"featured_media":46108,"comment_status":"open","ping_status":"closed","template":"","meta":[],"product_brand":[],"product_cat":[32],"product_tag":[],"class_list":{"0":"post-38301","1":"product","2":"type-product","3":"status-publish","4":"has-post-thumbnail","6":"product_cat-uncategorized-fi","8":"first","9":"instock","10":"shipping-taxable","11":"purchasable","12":"product-type-simple"},"_links":{"self":[{"href":"https:\/\/nordicmart.andreevmaster.com\/fi\/wp-json\/wp\/v2\/product\/38301","targetHints":{"allow":["GET"]}}],"collection":[{"href":"https:\/\/nordicmart.andreevmaster.com\/fi\/wp-json\/wp\/v2\/product"}],"about":[{"href":"https:\/\/nordicmart.andreevmaster.com\/fi\/wp-json\/wp\/v2\/types\/product"}],"replies":[{"embeddable":true,"href":"https:\/\/nordicmart.andreevmaster.com\/fi\/wp-json\/wp\/v2\/comments?post=38301"}],"wp:featuredmedia":[{"embeddable":true,"href":"https:\/\/nordicmart.andreevmaster.com\/fi\/wp-json\/wp\/v2\/media\/46108"}],"wp:attachment":[{"href":"https:\/\/nordicmart.andreevmaster.com\/fi\/wp-json\/wp\/v2\/media?parent=38301"}],"wp:term":[{"taxonomy":"product_brand","embeddable":true,"href":"https:\/\/nordicmart.andreevmaster.com\/fi\/wp-json\/wp\/v2\/product_brand?post=38301"},{"taxonomy":"product_cat","embeddable":true,"href":"https:\/\/nordicmart.andreevmaster.com\/fi\/wp-json\/wp\/v2\/product_cat?post=38301"},{"taxonomy":"product_tag","embeddable":true,"href":"https:\/\/nordicmart.andreevmaster.com\/fi\/wp-json\/wp\/v2\/product_tag?post=38301"}],"curies":[{"name":"wp","href":"https:\/\/api.w.org\/{rel}","templated":true}]}}