{"id":38298,"date":"2026-02-27T00:43:19","date_gmt":"2026-02-27T00:43:19","guid":{"rendered":"https:\/\/nordicmart.andreevmaster.com\/product\/12-kelluvan-kuvakehyksen-sarja-2\/"},"modified":"2026-02-27T09:59:02","modified_gmt":"2026-02-27T09:59:02","slug":"12-kelluvan-kuvakehyksen-sarja-2","status":"publish","type":"product","link":"https:\/\/nordicmart.andreevmaster.com\/fi\/tuote\/12-kelluvan-kuvakehyksen-sarja-2\/","title":{"rendered":"12 kelluvan kuvakehyksen sarja"},"content":{"rendered":"<p>Anna kuvien leijua: Jos maalaat kauniin kuvan tai otat upean maisemakuvan, voit tehd\u00e4 niist\u00e4 taideteoksen n\u00e4ill\u00e4 kuvakehyksill\u00e4. Kehykset pit\u00e4v\u00e4t kuvan kahden lasilevyn v\u00e4liss\u00e4, jolloin se n\u00e4ytt\u00e4\u00e4 silt\u00e4 kuin kuva leijuisi ilmassa. Moderni ilme, valkoinen pinta, jossa on jyvi\u00e4 &#8211; n\u00e4m\u00e4 valokuvakehykset sopivat erilaisiin sisustustyyleihin.N\u00e4iden 3 valokuvakehyksen kohokohdat:Kuvat koossa 10,2 x 15,2 cm, 12,7 x 17,8 cm ja 15,2 x 20,3 cm mahtuvat valokuvakehyksiin4 k\u00e4ytt\u00f6tarkoitusta: Kuvien kiinnitt\u00e4minen: Aseta p\u00f6yd\u00e4lle tai ripusta sein\u00e4lle &#8211; sek\u00e4 vaaka- ett\u00e4 pystysuoraanTakapuolella olevat piilorei\u00e4t mahdollistavat kehysten kiinnitt\u00e4misen tiukasti sein\u00e4\u00e4n3 mukana tulevaa paperia, joissa on merkinn\u00e4t, auttavat sinua m\u00e4\u00e4ritt\u00e4m\u00e4\u00e4n, mihin kohtaan kehykset kiinnitet\u00e4\u00e4n sein\u00e4\u00e4nSis\u00e4ltyv\u00e4t metallitelineet tukevat valokuvakehyksi\u00e4, Sis\u00e4ltyv\u00e4t metallitelineet tukevat valokuvakehyksi\u00e4, jotta ne voivat seist\u00e4 vakaasti p\u00f6yd\u00e4ll\u00e4Sivuaukon, jossa on klipsi, avulla voit helposti vaihtaa ja kiinnitt\u00e4\u00e4 kuvatKehykset on valmistettu korkealaatuisesta lasista ja MDF-levyst\u00e4, jotta voit katsella ter\u00e4vi\u00e4 kuvia ja k\u00e4ytt\u00e4\u00e4 kehyksi\u00e4 pitk\u00e4\u00e4nTuotetiedot:V\u00e4ri: Valkoinen Materiaali: Valkoinen: Materiaali: Valkoinen: MDF (keskitihe\u00e4 kuitulevy), lasi Koko: 24,5 x 19,5 cm (L x S) Kokonaispaino: 1,7 kg Toimituksen laajuus: 12 x kuvakehykset 24 x metalliset tukitangot 12 x paperi ja merkkaimet 4 x liimapiste SONGMICS Huomautuksia: Lis\u00e4varusteet kehysten kiinnitt\u00e4miseksi sein\u00e4\u00e4n EIV\u00c4T sis\u00e4lly toimitukseen. Koska sein\u00e4materiaaleja on monenlaisia, sinun tulee k\u00e4ytt\u00e4\u00e4 sein\u00e4si olosuhteisiin sopivia kiinnitystarvikkeita.Kaikki lasipaneelin reunat on hiottu alas, jotta varmistat turvallisuutesi kuvia vaihtaessasi. Pid\u00e4 kuitenkin lapset erossa t\u00e4st\u00e4 tuotteesta ja aseta se tasaiselle alustalle tai kiinnit\u00e4 se tukevasti sein\u00e4\u00e4n.<\/p>\n","protected":false},"excerpt":{"rendered":"<p>Anna kuvien leijua: Jos maalaat kauniin kuvan tai otat upean maisemakuvan, voit tehd\u00e4 niist\u00e4 taideteoksen n\u00e4ill\u00e4 kuvakehyksill\u00e4. Kehykset pit\u00e4v\u00e4t kuvan kahden lasilevyn v\u00e4liss\u00e4, jolloin se n\u00e4ytt\u00e4\u00e4 silt\u00e4 kuin kuva leijuisi ilmassa. Moderni ilme, valkoinen pinta, jossa on jyvi\u00e4 &#8211; n\u00e4m\u00e4 valokuvakehykset sopivat erilaisiin sisustustyyleihin.N\u00e4iden 3 valokuvakehyksen kohokohdat:Kuvat koossa 10,2 x 15,2 cm, 12,7 x 17,8 [&hellip;]<\/p>\n","protected":false},"featured_media":0,"comment_status":"open","ping_status":"closed","template":"","meta":[],"product_brand":[],"product_cat":[32],"product_tag":[],"class_list":{"0":"post-38298","1":"product","2":"type-product","3":"status-publish","5":"product_cat-uncategorized-fi","7":"first","8":"instock","9":"shipping-taxable","10":"purchasable","11":"product-type-simple"},"_links":{"self":[{"href":"https:\/\/nordicmart.andreevmaster.com\/fi\/wp-json\/wp\/v2\/product\/38298","targetHints":{"allow":["GET"]}}],"collection":[{"href":"https:\/\/nordicmart.andreevmaster.com\/fi\/wp-json\/wp\/v2\/product"}],"about":[{"href":"https:\/\/nordicmart.andreevmaster.com\/fi\/wp-json\/wp\/v2\/types\/product"}],"replies":[{"embeddable":true,"href":"https:\/\/nordicmart.andreevmaster.com\/fi\/wp-json\/wp\/v2\/comments?post=38298"}],"wp:attachment":[{"href":"https:\/\/nordicmart.andreevmaster.com\/fi\/wp-json\/wp\/v2\/media?parent=38298"}],"wp:term":[{"taxonomy":"product_brand","embeddable":true,"href":"https:\/\/nordicmart.andreevmaster.com\/fi\/wp-json\/wp\/v2\/product_brand?post=38298"},{"taxonomy":"product_cat","embeddable":true,"href":"https:\/\/nordicmart.andreevmaster.com\/fi\/wp-json\/wp\/v2\/product_cat?post=38298"},{"taxonomy":"product_tag","embeddable":true,"href":"https:\/\/nordicmart.andreevmaster.com\/fi\/wp-json\/wp\/v2\/product_tag?post=38298"}],"curies":[{"name":"wp","href":"https:\/\/api.w.org\/{rel}","templated":true}]}}