{"id":38297,"date":"2026-02-27T00:43:18","date_gmt":"2026-02-27T00:43:18","guid":{"rendered":"https:\/\/nordicmart.andreevmaster.com\/product\/10-pyorivan-valokuvakehyksen-sarja-203-x-254-cm-8-x-10-tuumaa-kokoisille-valokuville-2\/"},"modified":"2026-02-27T09:59:02","modified_gmt":"2026-02-27T09:59:02","slug":"10-pyorivan-valokuvakehyksen-sarja-203-x-254-cm-8-x-10-tuumaa-kokoisille-valokuville-2","status":"publish","type":"product","link":"https:\/\/nordicmart.andreevmaster.com\/fi\/tuote\/10-pyorivan-valokuvakehyksen-sarja-203-x-254-cm-8-x-10-tuumaa-kokoisille-valokuville-2\/","title":{"rendered":"10 py\u00f6riv\u00e4n valokuvakehyksen sarja 20,3 x 25,4 cm (8 x 10 tuumaa) kokoisille valokuville."},"content":{"rendered":"<p>Kierr\u00e4, esit\u00e4 ja koristele: K\u00e4\u00e4ntyv\u00e4ss\u00e4 kuvakehyksess\u00e4 on 2 lasilevy\u00e4, joiden kummallakin puolella on valokuva. Moderni ilme, valkoinen pinta, jossa on jyv\u00e4\u00e4 &#8211; kehykset sopivat eri sisustustyyleihin.N\u00e4iden 2 valokuvakehyksen kohokohdat: Kaksi 20,3 x 25,4 cm:n kuvia mahtuu kumpaankin kehykseen6 k\u00e4ytt\u00f6kertaa: tukeminen jalustojen kanssa, seisomaan j\u00e4tt\u00e4minen ilman jalustoja, sein\u00e4lle kiinnitt\u00e4minen &#8211; sek\u00e4 vaaka- ett\u00e4 pystysuoraanSis\u00e4ltyv\u00e4t metalliset jalustat tukevat valokuvakehyksi\u00e4 niin, ett\u00e4 ne voivat helposti seisoa vinossa p\u00f6yd\u00e4ll\u00e4Kehysten 3 cm:n syvyyden ansiosta kehykset voivat seisoa vakaasti tasaisella pinnalla ilman jalustojaTakapuolella olevat piilotetut rei\u00e4t mahdollistavat, Takapuolella olevien piiloreikien avulla voit kiinnitt\u00e4\u00e4 kehykset tiukasti sein\u00e4\u00e4n. 2 mukana tulevaa paperia, joissa on merkinn\u00e4t, auttavat sinua m\u00e4\u00e4ritt\u00e4m\u00e4\u00e4n paikat, joihin kehykset kiinnitet\u00e4\u00e4n sein\u00e4\u00e4n. Sivuaukon, jossa on klipsi, avulla voit helposti vaihtaa ja kiinnitt\u00e4\u00e4 kuvatKehykset on valmistettu korkealaatuisesta lasista ja MDF-levyst\u00e4, joten voit katsella ter\u00e4vi\u00e4 kuvia ja k\u00e4ytt\u00e4\u00e4 kehyksi\u00e4 pysyv\u00e4stiTuotetiedot: 1. Valokuvakehykset ovat valmistettu korkealaatuisesta lasista ja MDF-levyst\u00e4, joten voit katsella ter\u00e4vi\u00e4 kuvia ja k\u00e4ytt\u00e4\u00e4 kehyksi\u00e4 pysyv\u00e4sti:V\u00e4rit: ValkoinenMateriaali: Valkoinen: Koot: 32,8 x 28,7 cm (L x S), 33,8 x 27,8 cm (L x S) Kokonaispaino: 2,5 kg Toimituksen laajuus: 10 x kuvakehykset 20 x metalliset tukitangot 10 x paperi ja merkint\u00e4kyn\u00e4t SONGMICS Huomautuksia: Tarvikkeet kehysten kiinnitt\u00e4miseksi sein\u00e4\u00e4n EIV\u00c4T sis\u00e4lly toimitukseen. Koska sein\u00e4materiaaleja on monenlaisia, sinun tulee k\u00e4ytt\u00e4\u00e4 sein\u00e4si olosuhteisiin sopivia kiinnitystarvikkeita.Kaikki lasin reunat on hiottu alas, jotta varmistat turvallisuutesi, kun vaihdat kuvia. Aseta tuote tasaiselle alustalle tai kiinnit\u00e4 se tukevasti sein\u00e4\u00e4n. Valokuvakehyksi\u00e4 ei voi k\u00e4\u00e4nt\u00e4\u00e4, kun kiinnit\u00e4t ne sein\u00e4\u00e4n.<\/p>\n","protected":false},"excerpt":{"rendered":"<p>Kierr\u00e4, esit\u00e4 ja koristele: K\u00e4\u00e4ntyv\u00e4ss\u00e4 kuvakehyksess\u00e4 on 2 lasilevy\u00e4, joiden kummallakin puolella on valokuva. Moderni ilme, valkoinen pinta, jossa on jyv\u00e4\u00e4 &#8211; kehykset sopivat eri sisustustyyleihin.N\u00e4iden 2 valokuvakehyksen kohokohdat: Kaksi 20,3 x 25,4 cm:n kuvia mahtuu kumpaankin kehykseen6 k\u00e4ytt\u00f6kertaa: tukeminen jalustojen kanssa, seisomaan j\u00e4tt\u00e4minen ilman jalustoja, sein\u00e4lle kiinnitt\u00e4minen &#8211; sek\u00e4 vaaka- ett\u00e4 pystysuoraanSis\u00e4ltyv\u00e4t metalliset jalustat [&hellip;]<\/p>\n","protected":false},"featured_media":0,"comment_status":"open","ping_status":"closed","template":"","meta":[],"product_brand":[],"product_cat":[32],"product_tag":[],"class_list":{"0":"post-38297","1":"product","2":"type-product","3":"status-publish","5":"product_cat-uncategorized-fi","7":"first","8":"instock","9":"shipping-taxable","10":"purchasable","11":"product-type-simple"},"_links":{"self":[{"href":"https:\/\/nordicmart.andreevmaster.com\/fi\/wp-json\/wp\/v2\/product\/38297","targetHints":{"allow":["GET"]}}],"collection":[{"href":"https:\/\/nordicmart.andreevmaster.com\/fi\/wp-json\/wp\/v2\/product"}],"about":[{"href":"https:\/\/nordicmart.andreevmaster.com\/fi\/wp-json\/wp\/v2\/types\/product"}],"replies":[{"embeddable":true,"href":"https:\/\/nordicmart.andreevmaster.com\/fi\/wp-json\/wp\/v2\/comments?post=38297"}],"wp:attachment":[{"href":"https:\/\/nordicmart.andreevmaster.com\/fi\/wp-json\/wp\/v2\/media?parent=38297"}],"wp:term":[{"taxonomy":"product_brand","embeddable":true,"href":"https:\/\/nordicmart.andreevmaster.com\/fi\/wp-json\/wp\/v2\/product_brand?post=38297"},{"taxonomy":"product_cat","embeddable":true,"href":"https:\/\/nordicmart.andreevmaster.com\/fi\/wp-json\/wp\/v2\/product_cat?post=38297"},{"taxonomy":"product_tag","embeddable":true,"href":"https:\/\/nordicmart.andreevmaster.com\/fi\/wp-json\/wp\/v2\/product_tag?post=38297"}],"curies":[{"name":"wp","href":"https:\/\/api.w.org\/{rel}","templated":true}]}}