{"id":38295,"date":"2026-02-27T00:43:18","date_gmt":"2026-02-27T00:43:18","guid":{"rendered":"https:\/\/nordicmart.andreevmaster.com\/product\/songmics-3-osainen-valokuvakehyssetti\/"},"modified":"2026-02-27T09:59:01","modified_gmt":"2026-02-27T09:59:01","slug":"songmics-3-osainen-valokuvakehyssetti","status":"publish","type":"product","link":"https:\/\/nordicmart.andreevmaster.com\/fi\/tuote\/songmics-3-osainen-valokuvakehyssetti\/","title":{"rendered":"SONGMICS 3-osainen valokuvakehyssetti"},"content":{"rendered":"<p>Haluatko nauttia lastesi kuvista milloin tahansa? Haluatko jakaa kauneimmat hetket muiden kanssa? Vai haluatko esitt\u00e4\u00e4 piirustuksesi tyylikk\u00e4\u00e4sti? N\u00e4m\u00e4 3 kuvakehyst\u00e4 toteuttavat kaikki suunnitelmasi!<\/p>\n<p>Tuo kuvasi oikeaan valoon: esittele valokuvasi n\u00e4iss\u00e4 3 valokuvakehyksess\u00e4 ja anna kodillesi yksil\u00f6llinen luonne. Tyylikk\u00e4\u00e4n puun syyns\u00e4 ansiosta n\u00e4m\u00e4 valokuvakehykset kiinnitt\u00e4v\u00e4t kaikki katseet taideteoksiisi tai suosikkikuviesi!<\/p>\n<p>T\u00e4m\u00e4n valokuvakehyssarjan kohokohdat:<\/p>\n<p>Ei vaadi asennusta.<br \/>\nRipustettavissa vaaka- tai pystysuoraan.<br \/>\nVoidaan asettaa vaakasuoraan tai pystysuoraan.<br \/>\nYksinkertainen muotoilu; sopii monien muiden sisustustuotteiden kanssa.<br \/>\nLasilevy, jonka reunat on hiottu; turvallinen k\u00e4ytt\u00e4\u00e4.<br \/>\nErinomainen lahja rakkaillesi.<br \/>\nKuvien vaihto on helppoa k\u00e4\u00e4ntyvien kiinnittimien ansiosta takapuolella. Tuotetiedot:<br \/>\nV\u00e4ri: valkoinen puuviilulla, harmaa puuviilulla, ruskea puuviilulla<br \/>\nMateriaali: MDF (keskitihe\u00e4 kuitulevy), lasi<br \/>\nKoko: 17,5 x 1,5 x 22,8 cm (P x L x K)<br \/>\nSopivat kuvakoot: 10 x 15 cm (passepartoutilla), 13 x 18 cm (ilman passepartoutia)<br \/>\nKuvien todellinen n\u00e4kyv\u00e4 alue: ilman passepartoutia: 11,5 x 16,5 cm (P x L), passepartoutilla: 9 x 14 cm (P x L)<br \/>\nKokonaispaino: 1,03 kg<\/p>\n<p>Toimitus sis\u00e4lt\u00e4\u00e4:<br \/>\n3 x valokuvakehys<\/p>\n<p>SONGMICS Huomautukset:<br \/>\nLasilevyn kaikki reunat on hiottu turvallisuuden takaamiseksi kuvia vaihdettaessa. Siit\u00e4 huolimatta t\u00e4m\u00e4 tuote on pidett\u00e4v\u00e4 poissa lasten ulottuvilta.<br \/>\nAseta tuote tasaiselle pinnalle tai kiinnit\u00e4 se tukevasti sein\u00e4\u00e4n.<br \/>\n\u00c4l\u00e4 k\u00e4yt\u00e4 tuotetta, jos se on vaurioitunut, ja ota t\u00e4ll\u00f6in v\u00e4litt\u00f6m\u00e4sti yhteytt\u00e4 meihin, jotta v\u00e4lt\u00e4t vaurioituneiden osien aiheuttamat vammat.<\/p>\n","protected":false},"excerpt":{"rendered":"<p>SONGMICS Kuvakehykset, 3 kpl, valokuvakehykset passepartoutilla, valokuville 10 x 15 cm (4 x 6 tuumaa) ja 13 x 18 cm (5 x 7 tuumaa), koriste, lasilevyll\u00e4, puukuviolla, valkoinen, harmaa ja ruskea RPF38WG<\/p>\n","protected":false},"featured_media":46106,"comment_status":"open","ping_status":"closed","template":"","meta":[],"product_brand":[],"product_cat":[32],"product_tag":[],"class_list":{"0":"post-38295","1":"product","2":"type-product","3":"status-publish","4":"has-post-thumbnail","6":"product_cat-uncategorized-fi","8":"first","9":"instock","10":"shipping-taxable","11":"purchasable","12":"product-type-simple"},"_links":{"self":[{"href":"https:\/\/nordicmart.andreevmaster.com\/fi\/wp-json\/wp\/v2\/product\/38295","targetHints":{"allow":["GET"]}}],"collection":[{"href":"https:\/\/nordicmart.andreevmaster.com\/fi\/wp-json\/wp\/v2\/product"}],"about":[{"href":"https:\/\/nordicmart.andreevmaster.com\/fi\/wp-json\/wp\/v2\/types\/product"}],"replies":[{"embeddable":true,"href":"https:\/\/nordicmart.andreevmaster.com\/fi\/wp-json\/wp\/v2\/comments?post=38295"}],"wp:featuredmedia":[{"embeddable":true,"href":"https:\/\/nordicmart.andreevmaster.com\/fi\/wp-json\/wp\/v2\/media\/46106"}],"wp:attachment":[{"href":"https:\/\/nordicmart.andreevmaster.com\/fi\/wp-json\/wp\/v2\/media?parent=38295"}],"wp:term":[{"taxonomy":"product_brand","embeddable":true,"href":"https:\/\/nordicmart.andreevmaster.com\/fi\/wp-json\/wp\/v2\/product_brand?post=38295"},{"taxonomy":"product_cat","embeddable":true,"href":"https:\/\/nordicmart.andreevmaster.com\/fi\/wp-json\/wp\/v2\/product_cat?post=38295"},{"taxonomy":"product_tag","embeddable":true,"href":"https:\/\/nordicmart.andreevmaster.com\/fi\/wp-json\/wp\/v2\/product_tag?post=38295"}],"curies":[{"name":"wp","href":"https:\/\/api.w.org\/{rel}","templated":true}]}}