{"id":38294,"date":"2026-02-27T00:43:18","date_gmt":"2026-02-27T00:43:18","guid":{"rendered":"https:\/\/nordicmart.andreevmaster.com\/product\/songmics-3-kpln-sarja-kelluvia-valokuvakehyksia\/"},"modified":"2026-02-27T09:59:01","modified_gmt":"2026-02-27T09:59:01","slug":"songmics-3-kpln-sarja-kelluvia-valokuvakehyksia","status":"publish","type":"product","link":"https:\/\/nordicmart.andreevmaster.com\/fi\/tuote\/songmics-3-kpln-sarja-kelluvia-valokuvakehyksia\/","title":{"rendered":"SONGMICS 3 kpl:n sarja kelluvia valokuvakehyksi\u00e4"},"content":{"rendered":"<p>Anna kuvien leijua: Kun maalaat kauniin kuvan tai otat upean maisemakuvan, voit muuttaa ne taideteoksiksi n\u00e4iden kuvakehysten avulla. Kehykset pit\u00e4v\u00e4t kuvan kahden lasilevyn v\u00e4liss\u00e4, jolloin n\u00e4ytt\u00e4\u00e4 silt\u00e4, kuin kuva leijuisi ilmassa. Moderni ulkon\u00e4k\u00f6, valkoinen pinta ja puunsyykuvio \u2013 n\u00e4m\u00e4 valokuvakehykset sopivat erilaisiin sisustustyyleihin. N\u00e4iden 3 valokuvakehyksen kohokohdat: Valokuvat, joiden koko on 10,2 x 15,2 cm, 12,7 x 17,8 cm, 15,2 x 20,3 cm ja 20,3 x 25,4 cm, sopivat valokuvakehyksiin. 4 k\u00e4ytt\u00f6mahdollisuutta: Aseta p\u00f6yd\u00e4lle tai ripusta sein\u00e4lle \u2013 sek\u00e4 vaaka- ett\u00e4 pystysuunnassa. Piilotetut rei\u00e4t takapuolella mahdollistavat kehyksen kiinnitt\u00e4misen tiiviisti sein\u00e4\u00e4n. 3 mukana toimitettua paperia merkinn\u00f6ill\u00e4 auttavat m\u00e4\u00e4ritt\u00e4m\u00e4\u00e4n kehyksen kiinnityskohdat sein\u00e4\u00e4n. Mukana toimitetut metallijalat tukevat valokuvakehyksi\u00e4, jotta ne pysyv\u00e4t vakaasti p\u00f6yd\u00e4ll\u00e4. Sivussa oleva kolo ja pidike mahdollistavat kuvien helpon vaihtamisen ja kiinnitt\u00e4misen. Kehykset on valmistettu korkealaatuisesta lasista ja MDF-levyst\u00e4, jotta voit katsella ter\u00e4vi\u00e4 kuvia ja k\u00e4ytt\u00e4\u00e4 kehyksi\u00e4 pitk\u00e4aikaisesti. Tuotetiedot: V\u00e4ri: Valkoinen Materiaali: MDF (keskitihe\u00e4 kuitulevy), lasi Koko: 32 x 27 cm (P x L) Kokonaispaino: 2,9 kg Pakkaus sis\u00e4lt\u00e4\u00e4: 3 x valokuvakehys 6 x metallitukitanko 3 x merkitty paperi 4 x tarrapiste SONGICSin huomautukset: Kehysten kiinnitt\u00e4miseen sein\u00e4\u00e4n tarvittavat tarvikkeet EIV\u00c4T sis\u00e4lly toimitukseen. Koska sein\u00e4materiaaleja on monenlaisia, k\u00e4yt\u00e4 sein\u00e4n olosuhteisiin sopivia kiinnitystarvikkeita. Lasilevyn kaikki reunat on hiottu turvallisuuden takaamiseksi kuvia vaihdettaessa. Pid\u00e4 kuitenkin lapset poissa t\u00e4m\u00e4n tuotteen l\u00e4helt\u00e4. Aseta tuote tasaiselle pinnalle tai kiinnit\u00e4 se tukevasti sein\u00e4\u00e4n.<\/p>\n","protected":false},"excerpt":{"rendered":"<p>SONGMICS Kuvakehys 3 kpl:n sarja, kelluva, valokuville 10,2 x 15,2 cm (4 x 6 tuumaa) 12,7 x 17,8 cm (5 x 7 tuumaa) 15,2 x 20,3 cm (6 x 8 tuumaa) 20,3 x 25,4 cm (8 x 10 tuumaa), 2 lasilevy\u00e4, valkoinen RPF380W01<\/p>\n","protected":false},"featured_media":46105,"comment_status":"open","ping_status":"closed","template":"","meta":[],"product_brand":[],"product_cat":[32],"product_tag":[],"class_list":{"0":"post-38294","1":"product","2":"type-product","3":"status-publish","4":"has-post-thumbnail","6":"product_cat-uncategorized-fi","8":"first","9":"instock","10":"shipping-taxable","11":"purchasable","12":"product-type-simple"},"_links":{"self":[{"href":"https:\/\/nordicmart.andreevmaster.com\/fi\/wp-json\/wp\/v2\/product\/38294","targetHints":{"allow":["GET"]}}],"collection":[{"href":"https:\/\/nordicmart.andreevmaster.com\/fi\/wp-json\/wp\/v2\/product"}],"about":[{"href":"https:\/\/nordicmart.andreevmaster.com\/fi\/wp-json\/wp\/v2\/types\/product"}],"replies":[{"embeddable":true,"href":"https:\/\/nordicmart.andreevmaster.com\/fi\/wp-json\/wp\/v2\/comments?post=38294"}],"wp:featuredmedia":[{"embeddable":true,"href":"https:\/\/nordicmart.andreevmaster.com\/fi\/wp-json\/wp\/v2\/media\/46105"}],"wp:attachment":[{"href":"https:\/\/nordicmart.andreevmaster.com\/fi\/wp-json\/wp\/v2\/media?parent=38294"}],"wp:term":[{"taxonomy":"product_brand","embeddable":true,"href":"https:\/\/nordicmart.andreevmaster.com\/fi\/wp-json\/wp\/v2\/product_brand?post=38294"},{"taxonomy":"product_cat","embeddable":true,"href":"https:\/\/nordicmart.andreevmaster.com\/fi\/wp-json\/wp\/v2\/product_cat?post=38294"},{"taxonomy":"product_tag","embeddable":true,"href":"https:\/\/nordicmart.andreevmaster.com\/fi\/wp-json\/wp\/v2\/product_tag?post=38294"}],"curies":[{"name":"wp","href":"https:\/\/api.w.org\/{rel}","templated":true}]}}