{"id":38291,"date":"2026-02-27T00:43:17","date_gmt":"2026-02-27T00:43:17","guid":{"rendered":"https:\/\/nordicmart.andreevmaster.com\/product\/3-kuvakehyksen-sarja-4x6-4x6-tuumaa-5x7-tuumaa-5x7-tuumaa-6x8-tuumaa-6x8-tuumaa-valkoinen-2\/"},"modified":"2026-02-27T09:59:00","modified_gmt":"2026-02-27T09:59:00","slug":"3-kuvakehyksen-sarja-4x6-4x6-tuumaa-5x7-tuumaa-5x7-tuumaa-6x8-tuumaa-6x8-tuumaa-valkoinen-2","status":"publish","type":"product","link":"https:\/\/nordicmart.andreevmaster.com\/fi\/tuote\/3-kuvakehyksen-sarja-4x6-4x6-tuumaa-5x7-tuumaa-5x7-tuumaa-6x8-tuumaa-6x8-tuumaa-valkoinen-2\/","title":{"rendered":"3 kuvakehyksen sarja, 4&#215;6 (4&#215;6 tuumaa) 5&#215;7 tuumaa (5&#215;7 tuumaa) 6&#215;8 tuumaa (6&#215;8 tuumaa), Valkoinen"},"content":{"rendered":"<p>Tee valokuvista kelluvia: N\u00e4yt\u00e4 suosikkikuvasi n\u00e4iden valokuvakehysten 2 kiteen v\u00e4liss\u00e4, ne n\u00e4ytt\u00e4v\u00e4t leijuvan ilmassa. Sopii 4&#8243; x 6&#8243;, 5&#8243; x 7&#8243; ja 6&#8243; x 8&#8243; valokuville.Ripustettuna tai seisten: N\u00e4m\u00e4 3 valokuvakehyst\u00e4 voidaan helposti kiinnitt\u00e4\u00e4 sein\u00e4lle k\u00e4ytt\u00e4m\u00e4ll\u00e4 takana olevia piilotettuja reiki\u00e4 ja sijoittaa p\u00f6yd\u00e4lle k\u00e4ytt\u00e4m\u00e4ll\u00e4 mukana toimitettuja metallikiinnikkeit\u00e4 sek\u00e4 vaaka- ett\u00e4 pystysuunnassa.<\/p>\n<p>Pitk\u00e4 k\u00e4ytt\u00f6ik\u00e4, optimaalinen suojaus: Tukevat MDF-kehykset kest\u00e4v\u00e4t aikaa. 2 kristallia mahdollistavat ter\u00e4vien valokuvien n\u00e4kymisen. Lasin viistetyt reunat takaavat turvallisuuden kuvia vaihdettaessa<\/p>\n<p>Helppo koota: Aseta kehys 2 kupin v\u00e4liin, ty\u00f6nn\u00e4 se sivuaukkoon ja kiinnit\u00e4 se klipseill\u00e4. Liitteen\u00e4 olevat paperit, joissa on merkit, auttavat sinua ripustamaan n\u00e4m\u00e4 valokuvakehykset oikeaan paikkaan<\/p>\n<p>LOISTAVA LAHJAIDEA: Anna t\u00e4m\u00e4 3 valokuvakehyksen setti lahjapakkauksen kanssa l\u00e4heisillesi syntym\u00e4p\u00e4iv\u00e4ksi, valmistumisp\u00e4iv\u00e4ksi, vauvakutsuille tai tupaantuliaisiksi. N\u00e4in hyv\u00e4t ajat ikuistetaan<\/p>\n<p>Anna kuvien leijua: Jos maalaat kauniin kuvan tai otat upean maisemakuvan, voit tehd\u00e4 niist\u00e4 taideteoksen n\u00e4ill\u00e4 valokuvakehyksill\u00e4. Kehykset pit\u00e4v\u00e4t kuvan kahden lasilevyn v\u00e4liss\u00e4, jolloin se n\u00e4ytt\u00e4\u00e4 silt\u00e4 kuin kuva leijuisi ilmassa. Moderni ulkon\u00e4k\u00f6, valkoinen pinta, jossa on jyvi\u00e4 &#8211; n\u00e4m\u00e4 valokuvakehykset sopivat erilaisiin sisustustyyleihin.N\u00e4iden 3 valokuvakehyksen kohokohdat:Kuvat koossa 10,2 x 15,2 cm, 12,7 x 17,8 cm ja 15,2 x 20,3 cm mahtuvat valokuvakehyksiin4 k\u00e4ytt\u00f6tarkoitusta: Kuvien kiinnitt\u00e4minen: Aseta p\u00f6yd\u00e4lle tai ripusta sein\u00e4lle &#8211; sek\u00e4 vaaka- ett\u00e4 pystysuoraanTakapuolella olevat piilorei\u00e4t mahdollistavat kehysten kiinnitt\u00e4misen tiukasti sein\u00e4\u00e4n3 mukana tulevaa paperia, joissa on merkinn\u00e4t, auttavat sinua m\u00e4\u00e4ritt\u00e4m\u00e4\u00e4n, mihin kohtaan kehykset kiinnitet\u00e4\u00e4n sein\u00e4\u00e4nSis\u00e4ltyv\u00e4t metallitelineet tukevat valokuvakehyksi\u00e4, Sis\u00e4ltyv\u00e4t metallitelineet tukevat valokuvakehyksi\u00e4, jotta ne voivat seist\u00e4 vakaasti p\u00f6yd\u00e4ll\u00e4Sivuaukon, jossa on klipsi, avulla voit helposti vaihtaa ja kiinnitt\u00e4\u00e4 kuvatKehykset on valmistettu korkealaatuisesta lasista ja MDF-levyst\u00e4, jotta voit katsella ter\u00e4vi\u00e4 kuvia ja k\u00e4ytt\u00e4\u00e4 kehyksi\u00e4 pitk\u00e4\u00e4nTuotetiedot:V\u00e4ri: Valkoinen Materiaali: Valkoinen: Materiaali: Valkoinen: MDF (keskitihe\u00e4 kuitulevy), lasi Koko: 24,5 x 19,5 cm (L x S) Kokonaispaino: 1,7 kg Toimituksen laajuus: 3 x kuvakehykset 6 x metalliset tukitangot 3 x paperi ja merkkaimet 4 x liimapiste SONGMICS Huomautuksia: Tarvikkeet kehysten kiinnitt\u00e4miseksi sein\u00e4\u00e4n EIV\u00c4T sis\u00e4lly toimitukseen. Koska sein\u00e4materiaaleja on monenlaisia, sinun tulee k\u00e4ytt\u00e4\u00e4 sein\u00e4si olosuhteisiin sopivia kiinnitystarvikkeita.Kaikki lasipaneelin reunat on hiottu alas, jotta varmistat turvallisuutesi kuvia vaihtaessasi. Pid\u00e4 kuitenkin lapset erossa t\u00e4st\u00e4 tuotteesta ja aseta se tasaiselle alustalle tai kiinnit\u00e4 se tukevasti sein\u00e4\u00e4n.<\/p>\n","protected":false},"excerpt":{"rendered":"<p>Tee valokuvista kelluvia: N\u00e4yt\u00e4 suosikkikuvasi n\u00e4iden valokuvakehysten 2 kiteen v\u00e4liss\u00e4, ne n\u00e4ytt\u00e4v\u00e4t leijuvan ilmassa. Sopii 4&#8243; x 6&#8243;, 5&#8243; x 7&#8243; ja 6&#8243; x 8&#8243; valokuville.Ripustettuna tai seisten: N\u00e4m\u00e4 3 valokuvakehyst\u00e4 voidaan helposti kiinnitt\u00e4\u00e4 sein\u00e4lle k\u00e4ytt\u00e4m\u00e4ll\u00e4 takana olevia piilotettuja reiki\u00e4 ja sijoittaa p\u00f6yd\u00e4lle k\u00e4ytt\u00e4m\u00e4ll\u00e4 mukana toimitettuja metallikiinnikkeit\u00e4 sek\u00e4 vaaka- ett\u00e4 pystysuunnassa. Pitk\u00e4 k\u00e4ytt\u00f6ik\u00e4, optimaalinen suojaus: [&hellip;]<\/p>\n","protected":false},"featured_media":0,"comment_status":"open","ping_status":"closed","template":"","meta":[],"product_brand":[],"product_cat":[32],"product_tag":[],"class_list":{"0":"post-38291","1":"product","2":"type-product","3":"status-publish","5":"product_cat-uncategorized-fi","7":"first","8":"instock","9":"shipping-taxable","10":"purchasable","11":"product-type-simple"},"_links":{"self":[{"href":"https:\/\/nordicmart.andreevmaster.com\/fi\/wp-json\/wp\/v2\/product\/38291","targetHints":{"allow":["GET"]}}],"collection":[{"href":"https:\/\/nordicmart.andreevmaster.com\/fi\/wp-json\/wp\/v2\/product"}],"about":[{"href":"https:\/\/nordicmart.andreevmaster.com\/fi\/wp-json\/wp\/v2\/types\/product"}],"replies":[{"embeddable":true,"href":"https:\/\/nordicmart.andreevmaster.com\/fi\/wp-json\/wp\/v2\/comments?post=38291"}],"wp:attachment":[{"href":"https:\/\/nordicmart.andreevmaster.com\/fi\/wp-json\/wp\/v2\/media?parent=38291"}],"wp:term":[{"taxonomy":"product_brand","embeddable":true,"href":"https:\/\/nordicmart.andreevmaster.com\/fi\/wp-json\/wp\/v2\/product_brand?post=38291"},{"taxonomy":"product_cat","embeddable":true,"href":"https:\/\/nordicmart.andreevmaster.com\/fi\/wp-json\/wp\/v2\/product_cat?post=38291"},{"taxonomy":"product_tag","embeddable":true,"href":"https:\/\/nordicmart.andreevmaster.com\/fi\/wp-json\/wp\/v2\/product_tag?post=38291"}],"curies":[{"name":"wp","href":"https:\/\/api.w.org\/{rel}","templated":true}]}}