{"id":38290,"date":"2026-02-27T00:43:16","date_gmt":"2026-02-27T00:43:16","guid":{"rendered":"https:\/\/nordicmart.andreevmaster.com\/product\/songmics-valokuvakehys-3-kpl-13-x-18-cm-valkoinen\/"},"modified":"2026-02-27T09:58:59","modified_gmt":"2026-02-27T09:58:59","slug":"songmics-valokuvakehys-3-kpl-13-x-18-cm-valkoinen","status":"publish","type":"product","link":"https:\/\/nordicmart.andreevmaster.com\/fi\/tuote\/songmics-valokuvakehys-3-kpl-13-x-18-cm-valkoinen\/","title":{"rendered":"SONGMICS valokuvakehys 3 kpl 13 x 18 cm valkoinen"},"content":{"rendered":"<p>Valokuvakehys: tapa s\u00e4ilytt\u00e4\u00e4 parhaat muistomme. T\u00e4m\u00e4 3 kappaleen valokuvakehyssetti on t\u00e4ydellinen lahja rakkauden tai yst\u00e4vyyden tunteiden ilmaisemiseen. Ilmaise rakkautesi l\u00e4heisillesi valitsemalla n\u00e4m\u00e4 SONGMICS-valokuvakehykset! On hyv\u00e4 idea koristella rakkaidemme sein\u00e4t upeilla hetkeill\u00e4, joita olemme viett\u00e4neet yhdess\u00e4 kaikkien n\u00e4iden vuosien aikana. Se on paras tapa, jolla voimme varmistaa, ett\u00e4 meit\u00e4 ei unohdeta ja ett\u00e4 olemme aina l\u00e4sn\u00e4, vaikka olisimmekin kaukana. Sisusta sein\u00e4t, huoneet ja eteinen n\u00e4ill\u00e4 13 x 18 cm:n valokuvakehyksill\u00e4, jotka on valmistettu E1-luokan MDF-levyst\u00e4 ja lasilevyst\u00e4. \u00c4l\u00e4 odota en\u00e4\u00e4, vaan hanki t\u00e4m\u00e4 3 kappaleen valokuvakehyssetti! Erinomainen asiakaspalvelumme on k\u00e4ytett\u00e4viss\u00e4si ennen ja j\u00e4lkeen ostoksesi ja vastaa kysymyksiisi s\u00e4hk\u00f6postitse 24 tunnin kuluessa. Prioriteettimme on t\u00e4ydellinen tyytyv\u00e4isyytesi, ja SONGMICS takaa sen! Tuotetiedot: &#8211; V\u00e4ri: valkoinen &#8211; Materiaali: MDF, lasi &#8211; Valokuvan koko: 13 x 18 cm &#8211; Kehyksen mitat: 16 x 21,1 cm &#8211; Reunan leveys: 2 cm &#8211; Reunan paksuus: 1,5 cm &#8211; Paino: 1 kg Toimitus sis\u00e4lt\u00e4\u00e4: &#8211; 3 x SONGMICS-valokuvakehys Huomautukset: &#8211; T\u00e4m\u00e4 tuote sis\u00e4lt\u00e4\u00e4 lasiosia, pid\u00e4 se poissa lasten ulottuvilta. &#8211; \u00c4l\u00e4 laita arvokkaita esineit\u00e4 valokuvakehyksen alle. &#8211; Sein\u00e4kiinnikkeet eiv\u00e4t sis\u00e4lly toimitukseen.<\/p>\n","protected":false},"excerpt":{"rendered":"<p>SONGMICS 3-osainen valokuvakehyssetti, 13 x 18 cm valokuvakehys kollaasi, valokuvakehys lasilevyll\u00e4, kehyksen leveys 2 cm, MDF valkoinen RPF33WT<\/p>\n","protected":false},"featured_media":46102,"comment_status":"open","ping_status":"closed","template":"","meta":[],"product_brand":[],"product_cat":[32],"product_tag":[],"class_list":{"0":"post-38290","1":"product","2":"type-product","3":"status-publish","4":"has-post-thumbnail","6":"product_cat-uncategorized-fi","8":"first","9":"instock","10":"shipping-taxable","11":"purchasable","12":"product-type-simple"},"_links":{"self":[{"href":"https:\/\/nordicmart.andreevmaster.com\/fi\/wp-json\/wp\/v2\/product\/38290","targetHints":{"allow":["GET"]}}],"collection":[{"href":"https:\/\/nordicmart.andreevmaster.com\/fi\/wp-json\/wp\/v2\/product"}],"about":[{"href":"https:\/\/nordicmart.andreevmaster.com\/fi\/wp-json\/wp\/v2\/types\/product"}],"replies":[{"embeddable":true,"href":"https:\/\/nordicmart.andreevmaster.com\/fi\/wp-json\/wp\/v2\/comments?post=38290"}],"wp:featuredmedia":[{"embeddable":true,"href":"https:\/\/nordicmart.andreevmaster.com\/fi\/wp-json\/wp\/v2\/media\/46102"}],"wp:attachment":[{"href":"https:\/\/nordicmart.andreevmaster.com\/fi\/wp-json\/wp\/v2\/media?parent=38290"}],"wp:term":[{"taxonomy":"product_brand","embeddable":true,"href":"https:\/\/nordicmart.andreevmaster.com\/fi\/wp-json\/wp\/v2\/product_brand?post=38290"},{"taxonomy":"product_cat","embeddable":true,"href":"https:\/\/nordicmart.andreevmaster.com\/fi\/wp-json\/wp\/v2\/product_cat?post=38290"},{"taxonomy":"product_tag","embeddable":true,"href":"https:\/\/nordicmart.andreevmaster.com\/fi\/wp-json\/wp\/v2\/product_tag?post=38290"}],"curies":[{"name":"wp","href":"https:\/\/api.w.org\/{rel}","templated":true}]}}