{"id":38287,"date":"2026-02-27T00:43:16","date_gmt":"2026-02-27T00:43:16","guid":{"rendered":"https:\/\/nordicmart.andreevmaster.com\/product\/songmics-7-valokuvan-kehykset-musta\/"},"modified":"2026-02-27T09:58:59","modified_gmt":"2026-02-27T09:58:59","slug":"songmics-7-valokuvan-kehykset-musta","status":"publish","type":"product","link":"https:\/\/nordicmart.andreevmaster.com\/fi\/tuote\/songmics-7-valokuvan-kehykset-musta\/","title":{"rendered":"SONGMICS 7 valokuvan kehykset, musta"},"content":{"rendered":"<p>S\u00e4ilyt\u00e4 kauniit muistosi T\u00e4m\u00e4n 7-osaisen valokuvakehyksen sarjan avulla voit esitt\u00e4\u00e4 henkil\u00f6kohtaisia valokuviasi, taideteoksiasi, ker\u00e4ilyesineit\u00e4si tai lastesi piirustuksia ja s\u00e4ilytt\u00e4\u00e4 kauniit muistosi. Yksinkertainen mutta tyylik\u00e4s muotoilu N\u00e4m\u00e4 puukuitulevyst\u00e4 valmistetut kehykset, joilla on selke\u00e4 siluetti ja sile\u00e4 pinta, sopivat sek\u00e4 klassisille ett\u00e4 nykyaikaisille kuville. Ne ovat huomaamattomia, jotta ne t\u00e4ydent\u00e4v\u00e4t valokuviasi tai taideteoksiasi ilman, ett\u00e4 valokuva tai taideteos itse j\u00e4\u00e4 varjoon. Ihanteellinen lahjavaihtoehto Kehystetyt muistot ovat ihmisille hyvin t\u00e4rkeit\u00e4, mink\u00e4 vuoksi t\u00e4m\u00e4 valokuvakehys on hyv\u00e4 valinta lahjaksi. Sen avulla voit s\u00e4ilytt\u00e4\u00e4 n\u00e4m\u00e4 onnelliset ja kauniit hetket ikuisesti. Tuotetiedot:  &#8211; V\u00e4ri: musta &#8211; Materiaali: MDF, lasi &#8211; Valokuvan mitat: 21 x 29,7 cm (iso), 13 x 18 cm (keskikokoinen), 10 x 15 cm (pieni) &#8211; Reunan leveys: 2 cm &#8211; Reunan paksuus: 1,5 cm &#8211; Paino: 2,5 kg Toimitus sis\u00e4lt\u00e4\u00e4: &#8211; 1 x iso valokuvakehys &#8211; 2 x keskikokoinen valokuvakehys &#8211; 4 x pieni valokuvakehys SONGMICS Huomautukset:  &#8211; V\u00e4lt\u00e4 arvotavaroiden sijoittamista valokuvakehyksen alle. &#8211; Sein\u00e4ruuveja ei toimiteta mukana, koska erilaiset sein\u00e4materiaalit vaativat erilaisia kiinnitystapoja. Ota tarvittaessa yhteytt\u00e4 paikalliseen rautakauppaan.<\/p>\n","protected":false},"excerpt":{"rendered":"<p>SONGMICS valokuvakehyssetti, 7-osainen valokuvakehyssetti, lasilevy, 3 kokoa, yksi 21 x 29,7 cm, kaksi 13 x 18 cm, nelj\u00e4 10 x 15 cm, useille valokuville, valkoinen RPF31WT<\/p>\n","protected":false},"featured_media":46099,"comment_status":"open","ping_status":"closed","template":"","meta":[],"product_brand":[],"product_cat":[32],"product_tag":[],"class_list":{"0":"post-38287","1":"product","2":"type-product","3":"status-publish","4":"has-post-thumbnail","6":"product_cat-uncategorized-fi","8":"first","9":"instock","10":"shipping-taxable","11":"purchasable","12":"product-type-simple"},"_links":{"self":[{"href":"https:\/\/nordicmart.andreevmaster.com\/fi\/wp-json\/wp\/v2\/product\/38287","targetHints":{"allow":["GET"]}}],"collection":[{"href":"https:\/\/nordicmart.andreevmaster.com\/fi\/wp-json\/wp\/v2\/product"}],"about":[{"href":"https:\/\/nordicmart.andreevmaster.com\/fi\/wp-json\/wp\/v2\/types\/product"}],"replies":[{"embeddable":true,"href":"https:\/\/nordicmart.andreevmaster.com\/fi\/wp-json\/wp\/v2\/comments?post=38287"}],"wp:featuredmedia":[{"embeddable":true,"href":"https:\/\/nordicmart.andreevmaster.com\/fi\/wp-json\/wp\/v2\/media\/46099"}],"wp:attachment":[{"href":"https:\/\/nordicmart.andreevmaster.com\/fi\/wp-json\/wp\/v2\/media?parent=38287"}],"wp:term":[{"taxonomy":"product_brand","embeddable":true,"href":"https:\/\/nordicmart.andreevmaster.com\/fi\/wp-json\/wp\/v2\/product_brand?post=38287"},{"taxonomy":"product_cat","embeddable":true,"href":"https:\/\/nordicmart.andreevmaster.com\/fi\/wp-json\/wp\/v2\/product_cat?post=38287"},{"taxonomy":"product_tag","embeddable":true,"href":"https:\/\/nordicmart.andreevmaster.com\/fi\/wp-json\/wp\/v2\/product_tag?post=38287"}],"curies":[{"name":"wp","href":"https:\/\/api.w.org\/{rel}","templated":true}]}}