{"id":38286,"date":"2026-02-27T00:43:15","date_gmt":"2026-02-27T00:43:15","guid":{"rendered":"https:\/\/nordicmart.andreevmaster.com\/product\/songmics-valokuvakehys-10-kpln-sarja-vintage-ruskea\/"},"modified":"2026-02-27T09:58:59","modified_gmt":"2026-02-27T09:58:59","slug":"songmics-valokuvakehys-10-kpln-sarja-vintage-ruskea","status":"publish","type":"product","link":"https:\/\/nordicmart.andreevmaster.com\/fi\/tuote\/songmics-valokuvakehys-10-kpln-sarja-vintage-ruskea\/","title":{"rendered":"SONGMICS valokuvakehys 10 kpl:n sarja, vintage-ruskea"},"content":{"rendered":"<p>Haluatko katsella lastesi suloisia hymyj\u00e4, jakaa onnellisimpia hetki\u00e4si muiden kanssa tai esitt\u00e4\u00e4 taideteoksia? N\u00e4m\u00e4 SONGMICS-valokuvakehykset suojaavat selfiet\u00e4si, taideteoksiasi tai valokuviasi ja korostavat niit\u00e4 samalla ainutlaatuisella tavalla. Yksil\u00f6llisyys ja hienostuneisuus: ripusta upeita maisemia tai ilmeikk\u00e4it\u00e4 muotokuvia seinillesi ja anna kodillesi yksil\u00f6llinen ilme. N\u00e4iden kehysten vintage-ruskea s\u00e4vy vet\u00e4\u00e4 katseet puoleensa kuin taikaiskulla ja ohjaa ne kauneimpiin valokuviisi. N\u00e4iden valokuvakehysten kohokohdat: Kehykset toimitetaan esiasennettuina; ei tarvitse koota. Sopii kahdelle 20 x 25 cm:n, nelj\u00e4lle 13 x 18 cm:n ja nelj\u00e4lle 10 x 15 cm:n valokuvalle. Voidaan ripustaa vaaka- tai pystysuoraan. Sopii pystyasennossa muotokuva- tai panoraamakuville. Modernit kehykset, jotka antavat kodillesi luonnetta. Muovilevyt ilman ter\u00e4vi\u00e4 reunoja. Upea lahja rakkaillesi. Tuotetiedot:V\u00e4ri: vintage-ruskea Materiaali: MDF (keskitihe\u00e4 kuitulevy), PS-muovi Koko: 23,1 x 1,2 x 28,7 cm (P x L x K) 16 x 1,2 x 21 cm (P x L x K) 13,5 x 1,2 x 18,5 cm (P x L x K) Sopivat valokuvakoot: 20 x 25 cm, 13 x 18 cm, 10 x 15 cm Todellinen n\u00e4kyv\u00e4 koko: 19,5 x 24,5 cm, 12 x 17 cm, 9,5 x 14,5 cm Kokonaispaino: 2,9 kg Toimitus sis\u00e4lt\u00e4\u00e4: 10 x valokuvakehys SONGMICS-ohjeet: Muovilevyn kaikki reunat on hiottu turvallisuuden takaamiseksi kuvia vaihdettaessa. Siit\u00e4 huolimatta t\u00e4m\u00e4 tuote on pidett\u00e4v\u00e4 poissa lasten ulottuvilta. Varmista, ett\u00e4 kehykset on kiinnitetty tukevasti sein\u00e4\u00e4n.<\/p>\n","protected":false},"excerpt":{"rendered":"<p>SONGMICS valokuvakehyssetti, 10 kpl valokuvakehyksi\u00e4 \u2013 2 kpl 20 x 25 cm, 4 kpl 13 x 18 cm ja 4 kpl 10 x 15 cm, puukehys, valkoinen RPF310W<\/p>\n","protected":false},"featured_media":46098,"comment_status":"open","ping_status":"closed","template":"","meta":[],"product_brand":[],"product_cat":[32],"product_tag":[],"class_list":{"0":"post-38286","1":"product","2":"type-product","3":"status-publish","4":"has-post-thumbnail","6":"product_cat-uncategorized-fi","8":"first","9":"instock","10":"shipping-taxable","11":"purchasable","12":"product-type-simple"},"_links":{"self":[{"href":"https:\/\/nordicmart.andreevmaster.com\/fi\/wp-json\/wp\/v2\/product\/38286","targetHints":{"allow":["GET"]}}],"collection":[{"href":"https:\/\/nordicmart.andreevmaster.com\/fi\/wp-json\/wp\/v2\/product"}],"about":[{"href":"https:\/\/nordicmart.andreevmaster.com\/fi\/wp-json\/wp\/v2\/types\/product"}],"replies":[{"embeddable":true,"href":"https:\/\/nordicmart.andreevmaster.com\/fi\/wp-json\/wp\/v2\/comments?post=38286"}],"wp:featuredmedia":[{"embeddable":true,"href":"https:\/\/nordicmart.andreevmaster.com\/fi\/wp-json\/wp\/v2\/media\/46098"}],"wp:attachment":[{"href":"https:\/\/nordicmart.andreevmaster.com\/fi\/wp-json\/wp\/v2\/media?parent=38286"}],"wp:term":[{"taxonomy":"product_brand","embeddable":true,"href":"https:\/\/nordicmart.andreevmaster.com\/fi\/wp-json\/wp\/v2\/product_brand?post=38286"},{"taxonomy":"product_cat","embeddable":true,"href":"https:\/\/nordicmart.andreevmaster.com\/fi\/wp-json\/wp\/v2\/product_cat?post=38286"},{"taxonomy":"product_tag","embeddable":true,"href":"https:\/\/nordicmart.andreevmaster.com\/fi\/wp-json\/wp\/v2\/product_tag?post=38286"}],"curies":[{"name":"wp","href":"https:\/\/api.w.org\/{rel}","templated":true}]}}