{"id":38281,"date":"2026-02-27T00:43:14","date_gmt":"2026-02-27T00:43:14","guid":{"rendered":"https:\/\/nordicmart.andreevmaster.com\/product\/songmics-valokuvakehys-10-kpl-ruskea\/"},"modified":"2026-02-27T09:58:58","modified_gmt":"2026-02-27T09:58:58","slug":"songmics-valokuvakehys-10-kpl-ruskea","status":"publish","type":"product","link":"https:\/\/nordicmart.andreevmaster.com\/fi\/tuote\/songmics-valokuvakehys-10-kpl-ruskea\/","title":{"rendered":"SONGMICS valokuvakehys 10 kpl ruskea"},"content":{"rendered":"<p>Haluatko katsella lastesi suloisia hymyj\u00e4, jakaa onnellisimpia hetki\u00e4si muiden kanssa tai esitt\u00e4\u00e4 taideteoksia? N\u00e4m\u00e4 SONGMICS-valokuvakehykset suojaavat selfiej\u00e4si, taideteoksiasi tai valokuviasi ja korostavat niit\u00e4 samalla ainutlaatuisella tavalla. Yksil\u00f6llisyytt\u00e4 ja hienostuneisuutta Ripusta upeita maisemia tai ilmeikk\u00e4it\u00e4 muotokuvia seinillesi ja anna kodillesi yksil\u00f6llinen ilme. N\u00e4iden kehysten ruskea s\u00e4vy vet\u00e4\u00e4 katseet puoleensa kuin taikaiskulla ja ohjaa ne kauneimpiin valokuviisi. N\u00e4iden valokuvakehysten kohokohdat: &#8211; Kehykset toimitetaan esiasennettuina; ei tarvitse koota &#8211; Sopii kahdelle 20 x 25 cm, nelj\u00e4lle 13 x 18 cm ja nelj\u00e4lle 10 x 15 cm valokuvalle &#8211; Voidaan ripustaa vaaka- tai pystysuoraan &#8211; Sopii pystyasennossa muotokuva- tai panoraamakuville &#8211; Modernit kehykset, jotka antavat kodillesi luonnetta &#8211; Lasilevyt ilman ter\u00e4vi\u00e4 reunoja &#8211; Upea lahja rakkaillesi Tuotetiedot: &#8211; V\u00e4ri: ruskea &#8211; Materiaali: MDF (keskitihe\u00e4 kuitulevy), lasi &#8211; Koko:- 23,1 x 1,2 x 28,7 cm (P x L x K) &#8211; 16 x 1,2 x 21 cm (P x L x K) &#8211; 13,5 x 1,2 x 18,5 cm (P x L x K) &#8211; Sopivat valokuvakoot: 20 x 25 cm, 13 x 18 cm, 10 x 15 cm &#8211; Todellinen n\u00e4kyv\u00e4 koko: 19,5 x 24,5 cm, 12 x 17 cm, 9,5 x 14,5 cm &#8211; Kokonaispaino: 2,9 kg Toimitus sis\u00e4lt\u00e4\u00e4: &#8211; 10 x valokuvakehys SONGICSin huomautukset: &#8211; Lasilevyn kaikki reunat on hiottu turvallisuuden takaamiseksi kuvia vaihdettaessa. Pid\u00e4 kuitenkin lapset poissa t\u00e4m\u00e4n tuotteen l\u00e4heisyydest\u00e4. &#8211; Varmista, ett\u00e4 kehykset on kiinnitetty tukevasti sein\u00e4\u00e4n.<\/p>\n","protected":false},"excerpt":{"rendered":"<p>SONGMICS valokuvakehyssetti, 10 kpl valokuvakehyksi\u00e4 \u2013 2 kpl 20 x 25 cm, 4 kpl 13 x 18 cm ja 4 kpl 10 x 15 cm, puukehys, valkoinen RPF310W<\/p>\n","protected":false},"featured_media":46093,"comment_status":"open","ping_status":"closed","template":"","meta":[],"product_brand":[],"product_cat":[32],"product_tag":[],"class_list":{"0":"post-38281","1":"product","2":"type-product","3":"status-publish","4":"has-post-thumbnail","6":"product_cat-uncategorized-fi","8":"first","9":"instock","10":"shipping-taxable","11":"purchasable","12":"product-type-simple"},"_links":{"self":[{"href":"https:\/\/nordicmart.andreevmaster.com\/fi\/wp-json\/wp\/v2\/product\/38281","targetHints":{"allow":["GET"]}}],"collection":[{"href":"https:\/\/nordicmart.andreevmaster.com\/fi\/wp-json\/wp\/v2\/product"}],"about":[{"href":"https:\/\/nordicmart.andreevmaster.com\/fi\/wp-json\/wp\/v2\/types\/product"}],"replies":[{"embeddable":true,"href":"https:\/\/nordicmart.andreevmaster.com\/fi\/wp-json\/wp\/v2\/comments?post=38281"}],"wp:featuredmedia":[{"embeddable":true,"href":"https:\/\/nordicmart.andreevmaster.com\/fi\/wp-json\/wp\/v2\/media\/46093"}],"wp:attachment":[{"href":"https:\/\/nordicmart.andreevmaster.com\/fi\/wp-json\/wp\/v2\/media?parent=38281"}],"wp:term":[{"taxonomy":"product_brand","embeddable":true,"href":"https:\/\/nordicmart.andreevmaster.com\/fi\/wp-json\/wp\/v2\/product_brand?post=38281"},{"taxonomy":"product_cat","embeddable":true,"href":"https:\/\/nordicmart.andreevmaster.com\/fi\/wp-json\/wp\/v2\/product_cat?post=38281"},{"taxonomy":"product_tag","embeddable":true,"href":"https:\/\/nordicmart.andreevmaster.com\/fi\/wp-json\/wp\/v2\/product_tag?post=38281"}],"curies":[{"name":"wp","href":"https:\/\/api.w.org\/{rel}","templated":true}]}}