{"id":38278,"date":"2026-02-27T00:43:13","date_gmt":"2026-02-27T00:43:13","guid":{"rendered":"https:\/\/nordicmart.andreevmaster.com\/product\/songmics-kuvakehys-3-kpl-hopea\/"},"modified":"2026-02-27T09:58:57","modified_gmt":"2026-02-27T09:58:57","slug":"songmics-kuvakehys-3-kpl-hopea","status":"publish","type":"product","link":"https:\/\/nordicmart.andreevmaster.com\/fi\/tuote\/songmics-kuvakehys-3-kpl-hopea\/","title":{"rendered":"SONGMICS Kuvakehys 3 kpl, hopea"},"content":{"rendered":"<p>Haluatko ikuistaa el\u00e4m\u00e4si hetket? Haluatko jakaa kauneimmat hetket muiden kanssa? Tai haluatko nauttia suosikkikuvistasi milloin tahansa? Laita selfiet, rakkaimpiesi valokuvat ja muut muistot SONGMICS-valokuvakehyksiin ja tuo ne esiin. Korosta taideteoksiasi n\u00e4ill\u00e4 valokuvakehyksill\u00e4: esittele valokuvasi tai piirustuksesi n\u00e4iss\u00e4 3 valokuvakehyksess\u00e4 ja anna kodillesi luonnetta. T\u00e4ytettyin\u00e4 kauneimmilla muistoillasi n\u00e4m\u00e4 tyylikk\u00e4\u00e4t, kapeareunaiset valokuvakehykset her\u00e4tt\u00e4v\u00e4t vieraidesi huomion! T\u00e4m\u00e4n valokuvakehyssarjan (3 kpl) kohokohdat: Ei vaadi asennusta. Voidaan ripustaa vaakasuoraan tai pystysuoraan. Voidaan asettaa vaakasuoraan tai pystysuoraan. Yksinkertainen muotoilu; sopii monien muiden sisustustuotteiden kanssa. Lasilevy, jonka reunat on hiottu; turvallinen k\u00e4ytt\u00e4\u00e4.Erinomainen lahja rakkaillesi.Kuvien vaihto on helppoa k\u00e4\u00e4ntyvien kiinnittimien ansiosta takapuolella.Tuotetiedot:V\u00e4ri: valkoinenMateriaali: MDF (keskitihe\u00e4 kuitulevy), lasiKoko: 22 x 2 x 32 (P x L x K)Kuvakoko: ilman passepartoutia: 20 x 30 cm (P x L); Passepartout: 13 x 18 cm (P x L) Paino: 1,5 kg Toimitus sis\u00e4lt\u00e4\u00e4: 3 x valokuvakehys SONGICS-ohjeet: Pid\u00e4 tuote poissa lasten ulottuvilta loukkaantumisten v\u00e4ltt\u00e4miseksi. Tarkista asennuksen j\u00e4lkeen, ett\u00e4 tuote on kiinnitetty tukevasti sein\u00e4\u00e4n. Tarkista tuotteen pakkauksen avaamisen j\u00e4lkeen, ett\u00e4 se n\u00e4ytt\u00e4\u00e4 olevan kunnossa. Jos se on viallinen, ota v\u00e4litt\u00f6m\u00e4sti yhteytt\u00e4 meihin loukkaantumisten v\u00e4ltt\u00e4miseksi ja ratkaisun l\u00f6yt\u00e4miseksi.<\/p>\n","protected":false},"excerpt":{"rendered":"<p>SONGMICS RPF30WT<\/p>\n","protected":false},"featured_media":46090,"comment_status":"open","ping_status":"closed","template":"","meta":[],"product_brand":[],"product_cat":[32],"product_tag":[],"class_list":{"0":"post-38278","1":"product","2":"type-product","3":"status-publish","4":"has-post-thumbnail","6":"product_cat-uncategorized-fi","8":"first","9":"instock","10":"shipping-taxable","11":"purchasable","12":"product-type-simple"},"_links":{"self":[{"href":"https:\/\/nordicmart.andreevmaster.com\/fi\/wp-json\/wp\/v2\/product\/38278","targetHints":{"allow":["GET"]}}],"collection":[{"href":"https:\/\/nordicmart.andreevmaster.com\/fi\/wp-json\/wp\/v2\/product"}],"about":[{"href":"https:\/\/nordicmart.andreevmaster.com\/fi\/wp-json\/wp\/v2\/types\/product"}],"replies":[{"embeddable":true,"href":"https:\/\/nordicmart.andreevmaster.com\/fi\/wp-json\/wp\/v2\/comments?post=38278"}],"wp:featuredmedia":[{"embeddable":true,"href":"https:\/\/nordicmart.andreevmaster.com\/fi\/wp-json\/wp\/v2\/media\/46090"}],"wp:attachment":[{"href":"https:\/\/nordicmart.andreevmaster.com\/fi\/wp-json\/wp\/v2\/media?parent=38278"}],"wp:term":[{"taxonomy":"product_brand","embeddable":true,"href":"https:\/\/nordicmart.andreevmaster.com\/fi\/wp-json\/wp\/v2\/product_brand?post=38278"},{"taxonomy":"product_cat","embeddable":true,"href":"https:\/\/nordicmart.andreevmaster.com\/fi\/wp-json\/wp\/v2\/product_cat?post=38278"},{"taxonomy":"product_tag","embeddable":true,"href":"https:\/\/nordicmart.andreevmaster.com\/fi\/wp-json\/wp\/v2\/product_tag?post=38278"}],"curies":[{"name":"wp","href":"https:\/\/api.w.org\/{rel}","templated":true}]}}