{"id":38277,"date":"2026-02-27T00:43:13","date_gmt":"2026-02-27T00:43:13","guid":{"rendered":"https:\/\/nordicmart.andreevmaster.com\/product\/songmics-2-kpl-kaantyvia-valokuvakehyksia-203-x-254-cm-8-x-10-tuumaa\/"},"modified":"2026-02-27T09:58:57","modified_gmt":"2026-02-27T09:58:57","slug":"songmics-2-kpl-kaantyvia-valokuvakehyksia-203-x-254-cm-8-x-10-tuumaa","status":"publish","type":"product","link":"https:\/\/nordicmart.andreevmaster.com\/fi\/tuote\/songmics-2-kpl-kaantyvia-valokuvakehyksia-203-x-254-cm-8-x-10-tuumaa\/","title":{"rendered":"SONGMICS 2 kpl k\u00e4\u00e4ntyvi\u00e4 valokuvakehyksi\u00e4 20,3 x 25,4 cm (8 x 10 tuumaa)"},"content":{"rendered":"<p>K\u00e4\u00e4nn\u00e4, esittele ja koristele: K\u00e4\u00e4nnett\u00e4viss\u00e4 olevissa valokuvakehyksiss\u00e4 on 2 lasilevy\u00e4, jotta kummallakin puolella voidaan esitt\u00e4\u00e4 yksi valokuva. Moderni ulkon\u00e4k\u00f6, valkoinen pinta ja puunsyykuvio \u2013 kehykset sopivat erilaisiin sisustustyyleihin. N\u00e4iden 2 valokuvakehyksen kohokohdat: Jokaiseen kehykseen mahtuu kaksi 20,3 x 25,4 cm kokoista kuvaa 6 k\u00e4ytt\u00f6mahdollisuutta: tukea telineill\u00e4, asettaa ilman telineit\u00e4, kiinnitt\u00e4\u00e4 sein\u00e4lle \u2013 sek\u00e4 vaaka- ett\u00e4 pystysuoraan. Mukana toimitetut metallitelineet tukevat valokuvakehyksi\u00e4, jotta ne voivat seist\u00e4 hieman vinossa p\u00f6yd\u00e4ll\u00e4. Kehyksen syvyyden ansiosta (3 cm) kehykset voivat seist\u00e4 vakaasti tasaisella pinnalla ilman telineit\u00e4. Takapuolella olevat piilotetut rei\u00e4t mahdollistavat kiinnitt\u00e4\u00e4 kehykset tiiviisti sein\u00e4\u00e4n. 2 mukana toimitettua merkitty\u00e4 paperia auttavat m\u00e4\u00e4ritt\u00e4m\u00e4\u00e4n kehyksen kiinnityskohdat sein\u00e4\u00e4n. Sivussa oleva kolo ja pidike mahdollistavat kuvien helpon vaihtamisen ja kiinnitt\u00e4misen. Kehykset on valmistettu korkealaatuisesta lasista ja MDF-levyst\u00e4, jotta voit katsella ter\u00e4vi\u00e4 kuvia ja k\u00e4ytt\u00e4\u00e4 kehyksi\u00e4 pitk\u00e4aikaisesti. Tuotetiedot:V\u00e4ri: valkoinen Materiaali: MDF (keskitihe\u00e4 kuitulevy), lasi Koko: 32,8 x 28,7 cm (P x L), 33,8 x 27,8 cm (P x L) Kokonaispaino: 2,5 kg Toimitus sis\u00e4lt\u00e4\u00e4: 2 x valokuvakehys 4 x metallinen tukitanko 2 x merkitty paperi SONGICSin huomautukset:Tarvikkeet kehyksen kiinnitt\u00e4miseksi sein\u00e4\u00e4n EIV\u00c4T sis\u00e4lly toimitukseen. Koska sein\u00e4materiaaleja on monenlaisia, k\u00e4yt\u00e4 sein\u00e4n olosuhteisiin sopivia kiinnitystarvikkeita. Lasilevyn kaikki reunat on hiottu turvallisuuden takaamiseksi kuvia vaihdettaessa. Pid\u00e4 kuitenkin lapset poissa t\u00e4m\u00e4n tuotteen l\u00e4helt\u00e4. Aseta tuote tasaiselle pinnalle tai kiinnit\u00e4 se tukevasti sein\u00e4\u00e4n. Valokuvakehyksi\u00e4 ei voi k\u00e4\u00e4nt\u00e4\u00e4, kun ne on kiinnitetty sein\u00e4\u00e4n.<\/p>\n","protected":false},"excerpt":{"rendered":"<p>SONGMICS valokuvakehys, 2 kpl, valokuvakehys, k\u00e4\u00e4nnett\u00e4v\u00e4, valokuville 20,3 x 25,4 cm (8 x 10 tuumaa), 2 lasilevy\u00e4, seisomaan tai ripustettavaksi, MDF, valkoinen RPF281W01<\/p>\n","protected":false},"featured_media":46089,"comment_status":"open","ping_status":"closed","template":"","meta":[],"product_brand":[],"product_cat":[32],"product_tag":[],"class_list":{"0":"post-38277","1":"product","2":"type-product","3":"status-publish","4":"has-post-thumbnail","6":"product_cat-uncategorized-fi","8":"first","9":"instock","10":"shipping-taxable","11":"purchasable","12":"product-type-simple"},"_links":{"self":[{"href":"https:\/\/nordicmart.andreevmaster.com\/fi\/wp-json\/wp\/v2\/product\/38277","targetHints":{"allow":["GET"]}}],"collection":[{"href":"https:\/\/nordicmart.andreevmaster.com\/fi\/wp-json\/wp\/v2\/product"}],"about":[{"href":"https:\/\/nordicmart.andreevmaster.com\/fi\/wp-json\/wp\/v2\/types\/product"}],"replies":[{"embeddable":true,"href":"https:\/\/nordicmart.andreevmaster.com\/fi\/wp-json\/wp\/v2\/comments?post=38277"}],"wp:featuredmedia":[{"embeddable":true,"href":"https:\/\/nordicmart.andreevmaster.com\/fi\/wp-json\/wp\/v2\/media\/46089"}],"wp:attachment":[{"href":"https:\/\/nordicmart.andreevmaster.com\/fi\/wp-json\/wp\/v2\/media?parent=38277"}],"wp:term":[{"taxonomy":"product_brand","embeddable":true,"href":"https:\/\/nordicmart.andreevmaster.com\/fi\/wp-json\/wp\/v2\/product_brand?post=38277"},{"taxonomy":"product_cat","embeddable":true,"href":"https:\/\/nordicmart.andreevmaster.com\/fi\/wp-json\/wp\/v2\/product_cat?post=38277"},{"taxonomy":"product_tag","embeddable":true,"href":"https:\/\/nordicmart.andreevmaster.com\/fi\/wp-json\/wp\/v2\/product_tag?post=38277"}],"curies":[{"name":"wp","href":"https:\/\/api.w.org\/{rel}","templated":true}]}}