{"id":38275,"date":"2026-02-27T00:43:12","date_gmt":"2026-02-27T00:43:12","guid":{"rendered":"https:\/\/nordicmart.andreevmaster.com\/product\/songmics-valokuvakehyskollaasi-4-valokuvalle\/"},"modified":"2026-02-27T09:58:56","modified_gmt":"2026-02-27T09:58:56","slug":"songmics-valokuvakehyskollaasi-4-valokuvalle","status":"publish","type":"product","link":"https:\/\/nordicmart.andreevmaster.com\/fi\/tuote\/songmics-valokuvakehyskollaasi-4-valokuvalle\/","title":{"rendered":"SONGMICS-valokuvakehyskollaasi 4 valokuvalle"},"content":{"rendered":"<p>N\u00e4m\u00e4 SONGMICS-valokuvakehykset yhdist\u00e4v\u00e4t tyylikk\u00e4\u00e4n muotoilun ja hienon viimeistelyn, ja ne sopivat t\u00e4ydellisesti suosikkikuviesi esillepanoon ja arvokkaiden muistojesi s\u00e4ilytt\u00e4miseen. Valitse muutama kaunis valokuva ja kehyst\u00e4 ne. Ne tulevat olemaan kauneimpia sisustustuotteita asunnossasi. Aseta valokuvasi (koko 10 x 15 cm) n\u00e4ihin valokuvakehyksiin ja ripusta ne sein\u00e4lle \u2013 n\u00e4in muutat kotisi galleriaksi! Lis\u00e4ksi t\u00e4m\u00e4 valokuvakollaasi vakuuttaa hyvin suunnitellulla muotoilullaan. Sinun ei tarvitse mietti\u00e4 valokuvien j\u00e4rjestyst\u00e4, sill\u00e4 t\u00e4m\u00e4 valokuvakollaasi toimitetaan sinulle valmiiksi koottuna. Sinun tarvitsee vain ripustaa se sein\u00e4lle. N\u00e4m\u00e4 4 valokuvakehyst\u00e4 auttavat sinua s\u00e4ilytt\u00e4m\u00e4\u00e4n upeat hetket ikuisesti. Anna olohuoneellesi, makuuhuoneellesi tai toimistollesi uusi ilme t\u00e4ll\u00e4 valokuvakollaasilla! Tuotetiedot: &#8211; V\u00e4ri: luonnonv\u00e4rit &#8211; Materiaali: MDF (keskitihe\u00e4 kuitulevy), lasi &#8211; Koko: 30,5 x 30,5 cm &#8211; Kuvan koko: 10 x 15 cm &#8211; Reunan leveys: 2 cm &#8211; Reunan paksuus: 1,2 cm &#8211; Paino: 0,9 kg Toimitus sis\u00e4lt\u00e4\u00e4:- 1 x kuvakehyskollage SONGMICS Huomautukset: &#8211; Pid\u00e4 lapset poissa t\u00e4m\u00e4n tuotteen l\u00e4helt\u00e4 loukkaantumisten v\u00e4ltt\u00e4miseksi. &#8211; Tarkista tuotteen pakkauksen avaamisen j\u00e4lkeen, ett\u00e4 se on ehj\u00e4. \u00c4l\u00e4 k\u00e4yt\u00e4 tuotetta, jos se on vaurioitunut, ja ota v\u00e4litt\u00f6m\u00e4sti yhteytt\u00e4 meihin loukkaantumisten v\u00e4ltt\u00e4miseksi.<\/p>\n","protected":false},"excerpt":{"rendered":"<p>SONGMICS Kuvakehys kollaasi 4 valokuvalle, 10 x 15 cm, sein\u00e4lle kiinnitett\u00e4v\u00e4 valokuvagalleria, lasilevyll\u00e4, valkoinen RPF25WT<\/p>\n","protected":false},"featured_media":46087,"comment_status":"open","ping_status":"closed","template":"","meta":[],"product_brand":[],"product_cat":[32],"product_tag":[],"class_list":{"0":"post-38275","1":"product","2":"type-product","3":"status-publish","4":"has-post-thumbnail","6":"product_cat-uncategorized-fi","8":"first","9":"instock","10":"shipping-taxable","11":"purchasable","12":"product-type-simple"},"_links":{"self":[{"href":"https:\/\/nordicmart.andreevmaster.com\/fi\/wp-json\/wp\/v2\/product\/38275","targetHints":{"allow":["GET"]}}],"collection":[{"href":"https:\/\/nordicmart.andreevmaster.com\/fi\/wp-json\/wp\/v2\/product"}],"about":[{"href":"https:\/\/nordicmart.andreevmaster.com\/fi\/wp-json\/wp\/v2\/types\/product"}],"replies":[{"embeddable":true,"href":"https:\/\/nordicmart.andreevmaster.com\/fi\/wp-json\/wp\/v2\/comments?post=38275"}],"wp:featuredmedia":[{"embeddable":true,"href":"https:\/\/nordicmart.andreevmaster.com\/fi\/wp-json\/wp\/v2\/media\/46087"}],"wp:attachment":[{"href":"https:\/\/nordicmart.andreevmaster.com\/fi\/wp-json\/wp\/v2\/media?parent=38275"}],"wp:term":[{"taxonomy":"product_brand","embeddable":true,"href":"https:\/\/nordicmart.andreevmaster.com\/fi\/wp-json\/wp\/v2\/product_brand?post=38275"},{"taxonomy":"product_cat","embeddable":true,"href":"https:\/\/nordicmart.andreevmaster.com\/fi\/wp-json\/wp\/v2\/product_cat?post=38275"},{"taxonomy":"product_tag","embeddable":true,"href":"https:\/\/nordicmart.andreevmaster.com\/fi\/wp-json\/wp\/v2\/product_tag?post=38275"}],"curies":[{"name":"wp","href":"https:\/\/api.w.org\/{rel}","templated":true}]}}