{"id":38274,"date":"2026-02-27T00:43:12","date_gmt":"2026-02-27T00:43:12","guid":{"rendered":"https:\/\/nordicmart.andreevmaster.com\/product\/songmics-valokuvakollaasi-4-valokuvalle-musta\/"},"modified":"2026-02-27T09:58:56","modified_gmt":"2026-02-27T09:58:56","slug":"songmics-valokuvakollaasi-4-valokuvalle-musta","status":"publish","type":"product","link":"https:\/\/nordicmart.andreevmaster.com\/fi\/tuote\/songmics-valokuvakollaasi-4-valokuvalle-musta\/","title":{"rendered":"SONGMICS valokuvakollaasi 4 valokuvalle, musta"},"content":{"rendered":"<p>SONGMICS-valokuvakehys yhdist\u00e4\u00e4 tyylikk\u00e4\u00e4n muotoilun ja hienon viimeistelyn ja sopii t\u00e4ydellisesti suosikkikuviesi esillepanoon ja arvokkaiden muistojesi s\u00e4ilytt\u00e4miseen. Valitse muutama merkityksellinen valokuva ja kehyst\u00e4 ne. Niist\u00e4 tulee kauneimpia ja merkityksellisimpi\u00e4 sisustustuotteita. T\u00e4m\u00e4n 10 x 15 cm:n valokuvakollaasin avulla voit muuttaa jokap\u00e4iv\u00e4iset valokuvasi taiden\u00e4yttelyksi! Laadukas valokuvakehys on valmistettu huolellisesti yksityiskohtia huomioiden. Se ei vaadi kokoamista, koska se toimitetaan yhten\u00e4 kappaleena. N\u00e4m\u00e4 4 toisiinsa kiinnittyv\u00e4\u00e4 kehyst\u00e4 auttavat sinua s\u00e4ilytt\u00e4m\u00e4\u00e4n upeat hetket ja luomaan kauniin visuaalisen vaikutelman olohuoneeseesi, makuuhuoneeseesi tai toimistoosi. Tuotetiedot: &#8211; V\u00e4ri: musta &#8211; Materiaali: MDF, lasi &#8211; Tuotteen koko: 30,5 x 30,5 cm &#8211; Valokuvan mitat: 10 x 15 cm &#8211; Reunan leveys: 2 cm &#8211; Reunan paksuus: 1,2 cm &#8211; Paino: 1 kg Toimitus sis\u00e4lt\u00e4\u00e4: &#8211; 1 x SONGMICS-valokuvakehys Huomautukset:  &#8211; V\u00e4lt\u00e4 arvotavaroiden sijoittamista valokuvakehyksen alle. &#8211; Sein\u00e4ruuveja ei toimiteta mukana, koska erilaiset sein\u00e4materiaalit vaativat erilaisia kiinnitystapoja. Ota tarvittaessa yhteytt\u00e4 paikalliseen rautakauppaan.<\/p>\n","protected":false},"excerpt":{"rendered":"<p>SONGMICS Kuvakehys kollaasi 4 valokuvalle, 10 x 15 cm, sein\u00e4lle kiinnitett\u00e4v\u00e4 valokuvagalleria, lasilevyll\u00e4, valkoinen RPF25WT<\/p>\n","protected":false},"featured_media":46086,"comment_status":"open","ping_status":"closed","template":"","meta":[],"product_brand":[],"product_cat":[32],"product_tag":[],"class_list":{"0":"post-38274","1":"product","2":"type-product","3":"status-publish","4":"has-post-thumbnail","6":"product_cat-uncategorized-fi","8":"first","9":"instock","10":"shipping-taxable","11":"purchasable","12":"product-type-simple"},"_links":{"self":[{"href":"https:\/\/nordicmart.andreevmaster.com\/fi\/wp-json\/wp\/v2\/product\/38274","targetHints":{"allow":["GET"]}}],"collection":[{"href":"https:\/\/nordicmart.andreevmaster.com\/fi\/wp-json\/wp\/v2\/product"}],"about":[{"href":"https:\/\/nordicmart.andreevmaster.com\/fi\/wp-json\/wp\/v2\/types\/product"}],"replies":[{"embeddable":true,"href":"https:\/\/nordicmart.andreevmaster.com\/fi\/wp-json\/wp\/v2\/comments?post=38274"}],"wp:featuredmedia":[{"embeddable":true,"href":"https:\/\/nordicmart.andreevmaster.com\/fi\/wp-json\/wp\/v2\/media\/46086"}],"wp:attachment":[{"href":"https:\/\/nordicmart.andreevmaster.com\/fi\/wp-json\/wp\/v2\/media?parent=38274"}],"wp:term":[{"taxonomy":"product_brand","embeddable":true,"href":"https:\/\/nordicmart.andreevmaster.com\/fi\/wp-json\/wp\/v2\/product_brand?post=38274"},{"taxonomy":"product_cat","embeddable":true,"href":"https:\/\/nordicmart.andreevmaster.com\/fi\/wp-json\/wp\/v2\/product_cat?post=38274"},{"taxonomy":"product_tag","embeddable":true,"href":"https:\/\/nordicmart.andreevmaster.com\/fi\/wp-json\/wp\/v2\/product_tag?post=38274"}],"curies":[{"name":"wp","href":"https:\/\/api.w.org\/{rel}","templated":true}]}}