{"id":38271,"date":"2026-02-27T00:43:11","date_gmt":"2026-02-27T00:43:11","guid":{"rendered":"https:\/\/nordicmart.andreevmaster.com\/product\/songmics-vaakasuora-valokuvakollaasi-12-valokuvalle\/"},"modified":"2026-02-27T09:58:55","modified_gmt":"2026-02-27T09:58:55","slug":"songmics-vaakasuora-valokuvakollaasi-12-valokuvalle","status":"publish","type":"product","link":"https:\/\/nordicmart.andreevmaster.com\/fi\/tuote\/songmics-vaakasuora-valokuvakollaasi-12-valokuvalle\/","title":{"rendered":"SONGMICS vaakasuora valokuvakollaasi 12 valokuvalle"},"content":{"rendered":"<p>T\u00e4yt\u00e4 t\u00e4m\u00e4 kehys suosikkikuvillasi ja ripusta se sein\u00e4lle. Puukuviollinen valokuvakehys koristaa sein\u00e4\u00e4si ja muistuttaa sinua aina kauniista hetkist\u00e4. Tuotetiedot: &#8211; Mitat: 89 x 33 cm &#8211; MDF-levyn paksuus: 1,2 cm &#8211; Kehyksen leveys: 1,8 cm &#8211; PS-kuvapeitteen paksuus: 1 mm Toimitus sis\u00e4lt\u00e4\u00e4: &#8211; 1 x valokuvakehys 12 valokuvalle &#8211; 1 x ohjeet &#8211; 1 x kiinnityspussi Huomautukset: &#8211; Poista ennen k\u00e4ytt\u00f6\u00e4 PS-kuvapeitteiden molemmin puolin olevat suojakalvot. &#8211; Kokoamista ei tule suorittaa karhealla pinnalla naarmujen v\u00e4ltt\u00e4miseksi. &#8211; Kuvakehys koostuu useista osista, jotka on koottava itse.<\/p>\n","protected":false},"excerpt":{"rendered":"<p>SONGMICS-valokuvakehyskollaasi 12 valokuvalle, kukin 10 x 15 cm, valokuvakehys MDF-levyst\u00e4, asennus vaaditaan, valkoinen, puukuviolla RPF22W<\/p>\n","protected":false},"featured_media":46083,"comment_status":"open","ping_status":"closed","template":"","meta":[],"product_brand":[],"product_cat":[32],"product_tag":[],"class_list":{"0":"post-38271","1":"product","2":"type-product","3":"status-publish","4":"has-post-thumbnail","6":"product_cat-uncategorized-fi","8":"first","9":"instock","10":"shipping-taxable","11":"purchasable","12":"product-type-simple"},"_links":{"self":[{"href":"https:\/\/nordicmart.andreevmaster.com\/fi\/wp-json\/wp\/v2\/product\/38271","targetHints":{"allow":["GET"]}}],"collection":[{"href":"https:\/\/nordicmart.andreevmaster.com\/fi\/wp-json\/wp\/v2\/product"}],"about":[{"href":"https:\/\/nordicmart.andreevmaster.com\/fi\/wp-json\/wp\/v2\/types\/product"}],"replies":[{"embeddable":true,"href":"https:\/\/nordicmart.andreevmaster.com\/fi\/wp-json\/wp\/v2\/comments?post=38271"}],"wp:featuredmedia":[{"embeddable":true,"href":"https:\/\/nordicmart.andreevmaster.com\/fi\/wp-json\/wp\/v2\/media\/46083"}],"wp:attachment":[{"href":"https:\/\/nordicmart.andreevmaster.com\/fi\/wp-json\/wp\/v2\/media?parent=38271"}],"wp:term":[{"taxonomy":"product_brand","embeddable":true,"href":"https:\/\/nordicmart.andreevmaster.com\/fi\/wp-json\/wp\/v2\/product_brand?post=38271"},{"taxonomy":"product_cat","embeddable":true,"href":"https:\/\/nordicmart.andreevmaster.com\/fi\/wp-json\/wp\/v2\/product_cat?post=38271"},{"taxonomy":"product_tag","embeddable":true,"href":"https:\/\/nordicmart.andreevmaster.com\/fi\/wp-json\/wp\/v2\/product_tag?post=38271"}],"curies":[{"name":"wp","href":"https:\/\/api.w.org\/{rel}","templated":true}]}}