{"id":38270,"date":"2026-02-27T00:43:11","date_gmt":"2026-02-27T00:43:11","guid":{"rendered":"https:\/\/nordicmart.andreevmaster.com\/product\/songmics-valokuvakehyskollaasi-12-valokuvaa-musta\/"},"modified":"2026-02-27T09:58:55","modified_gmt":"2026-02-27T09:58:55","slug":"songmics-valokuvakehyskollaasi-12-valokuvaa-musta","status":"publish","type":"product","link":"https:\/\/nordicmart.andreevmaster.com\/fi\/tuote\/songmics-valokuvakehyskollaasi-12-valokuvaa-musta\/","title":{"rendered":"SONGMICS valokuvakehyskollaasi 12 valokuvaa musta"},"content":{"rendered":"<p>Kuvakehyskollaasi t\u00e4ynn\u00e4 muistoja: N\u00e4m\u00e4 tyylikk\u00e4\u00e4t valkoiset kuvakehykset koristavat olohuoneesi, toimistosi, ty\u00f6huoneesi tai makuuhuoneesi kauneimmilla muistoillasi. Aseta 12 valokuvaa n\u00e4ihin valokuvakehyksiin ja ripusta ne tyhj\u00e4lle sein\u00e4lle, niin voit jakaa j\u00e4nnitt\u00e4vimm\u00e4t hetket vieraidesi kanssa. Lis\u00e4ksi valokuvasi ovat hyvin suojattuja puukuitulevyn ja lasilevyn v\u00e4liss\u00e4. Tuotetiedot:V\u00e4ri: musta Materiaali: keskitihe\u00e4 kuitulevy (MDF), lasi Koko: 63,3 x 3,6 x 63,3 cm (P x L x K) Paino: 2,2 kg Toimitus sis\u00e4lt\u00e4\u00e4: 1 x kuvakehyskollage 1 x s\u00e4ilytyslaatikko tarvikkeille 1 x ohjeet (DE, EN, FR, ES, IT) SONGMICS-huomautukset:T\u00e4m\u00e4 tuote koostuu useista kuvakehyksist\u00e4, jotka on kiinnitett\u00e4v\u00e4 sein\u00e4lle. Kuvakehyksi\u00e4 ei voi k\u00e4ytt\u00e4\u00e4 erikseen.<\/p>\n","protected":false},"excerpt":{"rendered":"<p>SONGMICS-valokuvakehyskollaasi 12 valokuvalle, kukin 10 x 15 cm, valokuvakehys MDF-levyst\u00e4, asennus vaaditaan, valkoinen, puukuviolla RPF22W<\/p>\n","protected":false},"featured_media":46082,"comment_status":"open","ping_status":"closed","template":"","meta":[],"product_brand":[],"product_cat":[32],"product_tag":[],"class_list":{"0":"post-38270","1":"product","2":"type-product","3":"status-publish","4":"has-post-thumbnail","6":"product_cat-uncategorized-fi","8":"first","9":"instock","10":"shipping-taxable","11":"purchasable","12":"product-type-simple"},"_links":{"self":[{"href":"https:\/\/nordicmart.andreevmaster.com\/fi\/wp-json\/wp\/v2\/product\/38270","targetHints":{"allow":["GET"]}}],"collection":[{"href":"https:\/\/nordicmart.andreevmaster.com\/fi\/wp-json\/wp\/v2\/product"}],"about":[{"href":"https:\/\/nordicmart.andreevmaster.com\/fi\/wp-json\/wp\/v2\/types\/product"}],"replies":[{"embeddable":true,"href":"https:\/\/nordicmart.andreevmaster.com\/fi\/wp-json\/wp\/v2\/comments?post=38270"}],"wp:featuredmedia":[{"embeddable":true,"href":"https:\/\/nordicmart.andreevmaster.com\/fi\/wp-json\/wp\/v2\/media\/46082"}],"wp:attachment":[{"href":"https:\/\/nordicmart.andreevmaster.com\/fi\/wp-json\/wp\/v2\/media?parent=38270"}],"wp:term":[{"taxonomy":"product_brand","embeddable":true,"href":"https:\/\/nordicmart.andreevmaster.com\/fi\/wp-json\/wp\/v2\/product_brand?post=38270"},{"taxonomy":"product_cat","embeddable":true,"href":"https:\/\/nordicmart.andreevmaster.com\/fi\/wp-json\/wp\/v2\/product_cat?post=38270"},{"taxonomy":"product_tag","embeddable":true,"href":"https:\/\/nordicmart.andreevmaster.com\/fi\/wp-json\/wp\/v2\/product_tag?post=38270"}],"curies":[{"name":"wp","href":"https:\/\/api.w.org\/{rel}","templated":true}]}}