{"id":38268,"date":"2026-02-27T00:43:10","date_gmt":"2026-02-27T00:43:10","guid":{"rendered":"https:\/\/nordicmart.andreevmaster.com\/product\/songmics-valokuvakehyskollaasi-10-valokuvalle-valkoinen\/"},"modified":"2026-02-27T09:58:55","modified_gmt":"2026-02-27T09:58:55","slug":"songmics-valokuvakehyskollaasi-10-valokuvalle-valkoinen","status":"publish","type":"product","link":"https:\/\/nordicmart.andreevmaster.com\/fi\/tuote\/songmics-valokuvakehyskollaasi-10-valokuvalle-valkoinen\/","title":{"rendered":"SONGMICS valokuvakehyskollaasi 10 valokuvalle, valkoinen"},"content":{"rendered":"<p>Aseta t\u00e4h\u00e4n kehykseen suosikkikuvasi ja ripusta se sein\u00e4lle. Puukuviollinen kuvakehys koristaa sein\u00e4\u00e4si ja muistuttaa sinua aina kauniista hetkist\u00e4. Tuotetiedot:  &#8211; Kokonaismitat: 60 x 49,3 x 3,6 cm (L x K x S) &#8211; Valokuvan mitat: 10 x 15 cm &#8211; Kehyksen v\u00e4ri: valkoinen &#8211; Materiaali: MDF, polystyreeni &#8211; Paino: 1,8 kg Toimitus sis\u00e4lt\u00e4\u00e4:  &#8211; 10 x valokuvakehys &#8211; 1 x kiinnityspussi &#8211; 1 x pussi puutappeja SONGMICS Huomautukset:  &#8211; Ilmakuplat ja l\u00e4pikuultavan kuvanpeitteen huono valonl\u00e4p\u00e4isykyky johtuvat suojakalvoista. Poista molemmat suojakalvot ennen k\u00e4ytt\u00f6\u00e4. &#8211; Kollaasikehys koostuu useista valokuvakehyksist\u00e4. T\u00e4m\u00e4 malli on koottava ja ripustettava sein\u00e4lle; valokuvakehyksi\u00e4 ei voi k\u00e4ytt\u00e4\u00e4 erikseen.<\/p>\n","protected":false},"excerpt":{"rendered":"<p>SONGMICS Kuvakehyskollaasi 10 valokuvalle, kukin 10 x 15 cm (4&#8243; x 6&#8243;), MDF-levyst\u00e4, vaatii kokoonpanon, valkoinen RPF20WT<\/p>\n","protected":false},"featured_media":46080,"comment_status":"open","ping_status":"closed","template":"","meta":[],"product_brand":[],"product_cat":[32],"product_tag":[],"class_list":{"0":"post-38268","1":"product","2":"type-product","3":"status-publish","4":"has-post-thumbnail","6":"product_cat-uncategorized-fi","8":"first","9":"instock","10":"shipping-taxable","11":"purchasable","12":"product-type-simple"},"_links":{"self":[{"href":"https:\/\/nordicmart.andreevmaster.com\/fi\/wp-json\/wp\/v2\/product\/38268","targetHints":{"allow":["GET"]}}],"collection":[{"href":"https:\/\/nordicmart.andreevmaster.com\/fi\/wp-json\/wp\/v2\/product"}],"about":[{"href":"https:\/\/nordicmart.andreevmaster.com\/fi\/wp-json\/wp\/v2\/types\/product"}],"replies":[{"embeddable":true,"href":"https:\/\/nordicmart.andreevmaster.com\/fi\/wp-json\/wp\/v2\/comments?post=38268"}],"wp:featuredmedia":[{"embeddable":true,"href":"https:\/\/nordicmart.andreevmaster.com\/fi\/wp-json\/wp\/v2\/media\/46080"}],"wp:attachment":[{"href":"https:\/\/nordicmart.andreevmaster.com\/fi\/wp-json\/wp\/v2\/media?parent=38268"}],"wp:term":[{"taxonomy":"product_brand","embeddable":true,"href":"https:\/\/nordicmart.andreevmaster.com\/fi\/wp-json\/wp\/v2\/product_brand?post=38268"},{"taxonomy":"product_cat","embeddable":true,"href":"https:\/\/nordicmart.andreevmaster.com\/fi\/wp-json\/wp\/v2\/product_cat?post=38268"},{"taxonomy":"product_tag","embeddable":true,"href":"https:\/\/nordicmart.andreevmaster.com\/fi\/wp-json\/wp\/v2\/product_tag?post=38268"}],"curies":[{"name":"wp","href":"https:\/\/api.w.org\/{rel}","templated":true}]}}