{"id":38266,"date":"2026-02-27T00:43:10","date_gmt":"2026-02-27T00:43:10","guid":{"rendered":"https:\/\/nordicmart.andreevmaster.com\/product\/songmics-12-valokuvan-valokuvakehyskollaasi-valkoinen\/"},"modified":"2026-02-27T09:58:54","modified_gmt":"2026-02-27T09:58:54","slug":"songmics-12-valokuvan-valokuvakehyskollaasi-valkoinen","status":"publish","type":"product","link":"https:\/\/nordicmart.andreevmaster.com\/fi\/tuote\/songmics-12-valokuvan-valokuvakehyskollaasi-valkoinen\/","title":{"rendered":"SONGMICS 12 valokuvan valokuvakehyskollaasi, valkoinen"},"content":{"rendered":"<p>T\u00e4yt\u00e4 t\u00e4m\u00e4 kehys suosikkikuvillasi ja ripusta se sein\u00e4lle. Puukuviollinen kuvakehys koristaa sein\u00e4\u00e4si ja muistuttaa sinua aina kauniista hetkist\u00e4. Huomautukset: &#8211; Poista ennen k\u00e4ytt\u00f6\u00e4 PS-kuvapeitteiden molemminpuoliset suojakalvot. &#8211; Kokoamista ei tule tehd\u00e4 karhealla pinnalla, jotta v\u00e4ltyt\u00e4\u00e4n naarmuuntumiselta.- Kuvakehys koostuu useista osista, jotka on koottava itse. Tuotetiedot:- Mitat: 61 x 46,5 cm &#8211; Yksitt\u00e4isten kuvakehysten mitat: 12,8 x 17,8 cm &#8211; MDF-levyn paksuus: 1,2 cm &#8211; Kehyksen leveys: 2 cm &#8211; PS-kuvapeitteen paksuus: 1 mm &#8211; V\u00e4ri: valkoinen Toimitus sis\u00e4lt\u00e4\u00e4:- 1 x valokuvakehys 12 valokuvalle &#8211; 1 x yksitt\u00e4inen valokuvakehys &#8211; 1 x ohjeet &#8211; 1 x kiinnityspussi<\/p>\n","protected":false},"excerpt":{"rendered":"<p>SONGMICS Kuvakehyskollaasi 12 valokuvalle, kukin 10 x 15 cm (4 x 6), 1 yksitt\u00e4inen valokuvakehys, 13 valokuvagalleria kollaaseja varten, MDF-levyst\u00e4, asennus vaaditaan, valkoinen, puukuviolla RPF112W<\/p>\n","protected":false},"featured_media":46078,"comment_status":"open","ping_status":"closed","template":"","meta":[],"product_brand":[],"product_cat":[32],"product_tag":[],"class_list":{"0":"post-38266","1":"product","2":"type-product","3":"status-publish","4":"has-post-thumbnail","6":"product_cat-uncategorized-fi","8":"first","9":"instock","10":"shipping-taxable","11":"purchasable","12":"product-type-simple"},"_links":{"self":[{"href":"https:\/\/nordicmart.andreevmaster.com\/fi\/wp-json\/wp\/v2\/product\/38266","targetHints":{"allow":["GET"]}}],"collection":[{"href":"https:\/\/nordicmart.andreevmaster.com\/fi\/wp-json\/wp\/v2\/product"}],"about":[{"href":"https:\/\/nordicmart.andreevmaster.com\/fi\/wp-json\/wp\/v2\/types\/product"}],"replies":[{"embeddable":true,"href":"https:\/\/nordicmart.andreevmaster.com\/fi\/wp-json\/wp\/v2\/comments?post=38266"}],"wp:featuredmedia":[{"embeddable":true,"href":"https:\/\/nordicmart.andreevmaster.com\/fi\/wp-json\/wp\/v2\/media\/46078"}],"wp:attachment":[{"href":"https:\/\/nordicmart.andreevmaster.com\/fi\/wp-json\/wp\/v2\/media?parent=38266"}],"wp:term":[{"taxonomy":"product_brand","embeddable":true,"href":"https:\/\/nordicmart.andreevmaster.com\/fi\/wp-json\/wp\/v2\/product_brand?post=38266"},{"taxonomy":"product_cat","embeddable":true,"href":"https:\/\/nordicmart.andreevmaster.com\/fi\/wp-json\/wp\/v2\/product_cat?post=38266"},{"taxonomy":"product_tag","embeddable":true,"href":"https:\/\/nordicmart.andreevmaster.com\/fi\/wp-json\/wp\/v2\/product_tag?post=38266"}],"curies":[{"name":"wp","href":"https:\/\/api.w.org\/{rel}","templated":true}]}}