{"id":38265,"date":"2026-02-27T00:43:09","date_gmt":"2026-02-27T00:43:09","guid":{"rendered":"https:\/\/nordicmart.andreevmaster.com\/product\/songmics-3-osainen-valokuvakehyssetti-passepartout-kehyksilla-tuhkanmusta\/"},"modified":"2026-02-27T09:58:54","modified_gmt":"2026-02-27T09:58:54","slug":"songmics-3-osainen-valokuvakehyssetti-passepartout-kehyksilla-tuhkanmusta","status":"publish","type":"product","link":"https:\/\/nordicmart.andreevmaster.com\/fi\/tuote\/songmics-3-osainen-valokuvakehyssetti-passepartout-kehyksilla-tuhkanmusta\/","title":{"rendered":"SONGMICS 3-osainen valokuvakehyssetti passepartout-kehyksill\u00e4, tuhkanmusta"},"content":{"rendered":"<p>SONGMICS 3-osainen valokuvakehyssetti, valokuvakehykset 28 x 36 cm, 20 x 25 cm, A4-kuvat, passepartout-kehyksill\u00e4, kehykset, sein\u00e4lle tai p\u00f6yd\u00e4lle, valokuvagalleria, lasi, MDF, 37 x 29,3 cm, tuhkanmusta RPF063B01<br \/>\nV\u00e4ri: tuhkanmusta<br \/>\nMateriaali: MDF (keskitihe\u00e4 kuitulevy), lasi<br \/>\nKoko: 43,4 x 31,1 cm (P x L)<br \/>\nKehyksen paksuus: 2,8 cm<br \/>\n3 kehyksen paino: 3,5 kg<\/p>\n","protected":false},"excerpt":{"rendered":"<p>SONGMICS 3-osainen valokuvakehyssetti, valokuvakehykset 28 x 36 cm, 20 x 25 cm, A4-kuvat, passepartout-kehyksill\u00e4, kehykset, sein\u00e4lle tai p\u00f6yd\u00e4lle, valokuvagalleria, lasi, MDF, 37 x 29,3 cm, tuhkanmusta RPF063B01<\/p>\n","protected":false},"featured_media":46077,"comment_status":"open","ping_status":"closed","template":"","meta":[],"product_brand":[],"product_cat":[32],"product_tag":[],"class_list":{"0":"post-38265","1":"product","2":"type-product","3":"status-publish","4":"has-post-thumbnail","6":"product_cat-uncategorized-fi","8":"first","9":"instock","10":"shipping-taxable","11":"purchasable","12":"product-type-simple"},"_links":{"self":[{"href":"https:\/\/nordicmart.andreevmaster.com\/fi\/wp-json\/wp\/v2\/product\/38265","targetHints":{"allow":["GET"]}}],"collection":[{"href":"https:\/\/nordicmart.andreevmaster.com\/fi\/wp-json\/wp\/v2\/product"}],"about":[{"href":"https:\/\/nordicmart.andreevmaster.com\/fi\/wp-json\/wp\/v2\/types\/product"}],"replies":[{"embeddable":true,"href":"https:\/\/nordicmart.andreevmaster.com\/fi\/wp-json\/wp\/v2\/comments?post=38265"}],"wp:featuredmedia":[{"embeddable":true,"href":"https:\/\/nordicmart.andreevmaster.com\/fi\/wp-json\/wp\/v2\/media\/46077"}],"wp:attachment":[{"href":"https:\/\/nordicmart.andreevmaster.com\/fi\/wp-json\/wp\/v2\/media?parent=38265"}],"wp:term":[{"taxonomy":"product_brand","embeddable":true,"href":"https:\/\/nordicmart.andreevmaster.com\/fi\/wp-json\/wp\/v2\/product_brand?post=38265"},{"taxonomy":"product_cat","embeddable":true,"href":"https:\/\/nordicmart.andreevmaster.com\/fi\/wp-json\/wp\/v2\/product_cat?post=38265"},{"taxonomy":"product_tag","embeddable":true,"href":"https:\/\/nordicmart.andreevmaster.com\/fi\/wp-json\/wp\/v2\/product_tag?post=38265"}],"curies":[{"name":"wp","href":"https:\/\/api.w.org\/{rel}","templated":true}]}}