{"id":38262,"date":"2026-02-27T00:43:09","date_gmt":"2026-02-27T00:43:09","guid":{"rendered":"https:\/\/nordicmart.andreevmaster.com\/product\/songmics-valokuvakehys-2-kpl-jalkia-jattamattomilla-seinakoukkuilla-345-x-255-cm-mattavalkoinen\/"},"modified":"2026-02-27T09:58:54","modified_gmt":"2026-02-27T09:58:54","slug":"songmics-valokuvakehys-2-kpl-jalkia-jattamattomilla-seinakoukkuilla-345-x-255-cm-mattavalkoinen","status":"publish","type":"product","link":"https:\/\/nordicmart.andreevmaster.com\/fi\/tuote\/songmics-valokuvakehys-2-kpl-jalkia-jattamattomilla-seinakoukkuilla-345-x-255-cm-mattavalkoinen\/","title":{"rendered":"SONGMICS-valokuvakehys, 2 kpl, j\u00e4lki\u00e4 j\u00e4tt\u00e4m\u00e4tt\u00f6mill\u00e4 sein\u00e4koukkuilla, 34,5 x 25,5 cm, mattavalkoinen"},"content":{"rendered":"<p>SONGMICS valokuvakehys, A4, 22 x 28 cm, lasten palkinnot, laatikko jopa 150 piirustukselle, MDF, lasi, passepartout, tarra, j\u00e4lki\u00e4 j\u00e4tt\u00e4m\u00e4tt\u00f6m\u00e4t sein\u00e4koukut, 34,5 x 25,5 cm, tuhkanmusta RPF052B01<br \/>\nV\u00e4ri: Mattavalkoinen<br \/>\nMateriaali: MDF (keskitihe\u00e4 kuitulevy), lasi<br \/>\nKoko: 34,5 x 25,5 cm (P x L)<br \/>\nKehyksen paksuus: 4,5 cm<br \/>\nKokonaispaino: 2,6 kg<\/p>\n","protected":false},"excerpt":{"rendered":"<p>SONGMICS valokuvakehys, A4, 22 x 28 cm, lasten palkinnot, laatikko jopa 150 piirustukselle, MDF, lasi, passepartout, tarra, j\u00e4lki\u00e4 j\u00e4tt\u00e4m\u00e4tt\u00f6m\u00e4t sein\u00e4koukut, 34,5 x 25,5 cm, tuhkanmusta RPF052B01<\/p>\n","protected":false},"featured_media":46074,"comment_status":"open","ping_status":"closed","template":"","meta":[],"product_brand":[],"product_cat":[32],"product_tag":[],"class_list":{"0":"post-38262","1":"product","2":"type-product","3":"status-publish","4":"has-post-thumbnail","6":"product_cat-uncategorized-fi","8":"first","9":"instock","10":"shipping-taxable","11":"purchasable","12":"product-type-simple"},"_links":{"self":[{"href":"https:\/\/nordicmart.andreevmaster.com\/fi\/wp-json\/wp\/v2\/product\/38262","targetHints":{"allow":["GET"]}}],"collection":[{"href":"https:\/\/nordicmart.andreevmaster.com\/fi\/wp-json\/wp\/v2\/product"}],"about":[{"href":"https:\/\/nordicmart.andreevmaster.com\/fi\/wp-json\/wp\/v2\/types\/product"}],"replies":[{"embeddable":true,"href":"https:\/\/nordicmart.andreevmaster.com\/fi\/wp-json\/wp\/v2\/comments?post=38262"}],"wp:featuredmedia":[{"embeddable":true,"href":"https:\/\/nordicmart.andreevmaster.com\/fi\/wp-json\/wp\/v2\/media\/46074"}],"wp:attachment":[{"href":"https:\/\/nordicmart.andreevmaster.com\/fi\/wp-json\/wp\/v2\/media?parent=38262"}],"wp:term":[{"taxonomy":"product_brand","embeddable":true,"href":"https:\/\/nordicmart.andreevmaster.com\/fi\/wp-json\/wp\/v2\/product_brand?post=38262"},{"taxonomy":"product_cat","embeddable":true,"href":"https:\/\/nordicmart.andreevmaster.com\/fi\/wp-json\/wp\/v2\/product_cat?post=38262"},{"taxonomy":"product_tag","embeddable":true,"href":"https:\/\/nordicmart.andreevmaster.com\/fi\/wp-json\/wp\/v2\/product_tag?post=38262"}],"curies":[{"name":"wp","href":"https:\/\/api.w.org\/{rel}","templated":true}]}}