{"id":38258,"date":"2026-02-27T00:43:07","date_gmt":"2026-02-27T00:43:07","guid":{"rendered":"https:\/\/nordicmart.andreevmaster.com\/product\/songmics-valokuvakehys-16-passepartoutia-lasi-tammenmusta\/"},"modified":"2026-02-27T09:58:53","modified_gmt":"2026-02-27T09:58:53","slug":"songmics-valokuvakehys-16-passepartoutia-lasi-tammenmusta","status":"publish","type":"product","link":"https:\/\/nordicmart.andreevmaster.com\/fi\/tuote\/songmics-valokuvakehys-16-passepartoutia-lasi-tammenmusta\/","title":{"rendered":"SONGMICS-valokuvakehys 16 passepartoutia, lasi, tammenmusta"},"content":{"rendered":"<p>SONGMICS valokuvakehys 16 passepartoutia, 10 kpl valokuvakehyksi\u00e4, kaksi 20 x 25 cm, nelj\u00e4 13 x 18 cm, nelj\u00e4 10 x 15 cm, ripustettava, pystytett\u00e4v\u00e4, MDF, lasi, 12 j\u00e4lki\u00e4 j\u00e4tt\u00e4m\u00e4t\u00f6nt\u00e4 sein\u00e4koukkua<br \/>\nV\u00e4ri: vintage-ruskea<br \/>\nMateriaali: MDF (keskitihe\u00e4 kuitulevy), lasi<br \/>\nSuurten kehysten koko: 28 x 23 cm (P x L)<br \/>\nKeskikokoisen kehyksen koko: 20,4 x 15,3 cm (P x L)<br \/>\nPienen kehyksen koko: 17,9 x 12,8 cm (P x L)<br \/>\nKehysten paksuus: 1,5 cm<br \/>\n10 kehyksen paino: 2,8 kg<\/p>\n","protected":false},"excerpt":{"rendered":"<p>SONGMICS valokuvakehys 16 passepartoutia, 10 kpl valokuvakehyksi\u00e4, kaksi 20 x 25 cm, nelj\u00e4 13 x 18 cm, nelj\u00e4 10 x 15 cm, ripustettava, pystytett\u00e4v\u00e4, MDF, lasi, 12 j\u00e4lki\u00e4 j\u00e4tt\u00e4m\u00e4t\u00f6nt\u00e4 sein\u00e4koukkua<\/p>\n","protected":false},"featured_media":46070,"comment_status":"open","ping_status":"closed","template":"","meta":[],"product_brand":[],"product_cat":[32],"product_tag":[],"class_list":{"0":"post-38258","1":"product","2":"type-product","3":"status-publish","4":"has-post-thumbnail","6":"product_cat-uncategorized-fi","8":"first","9":"instock","10":"shipping-taxable","11":"purchasable","12":"product-type-simple"},"_links":{"self":[{"href":"https:\/\/nordicmart.andreevmaster.com\/fi\/wp-json\/wp\/v2\/product\/38258","targetHints":{"allow":["GET"]}}],"collection":[{"href":"https:\/\/nordicmart.andreevmaster.com\/fi\/wp-json\/wp\/v2\/product"}],"about":[{"href":"https:\/\/nordicmart.andreevmaster.com\/fi\/wp-json\/wp\/v2\/types\/product"}],"replies":[{"embeddable":true,"href":"https:\/\/nordicmart.andreevmaster.com\/fi\/wp-json\/wp\/v2\/comments?post=38258"}],"wp:featuredmedia":[{"embeddable":true,"href":"https:\/\/nordicmart.andreevmaster.com\/fi\/wp-json\/wp\/v2\/media\/46070"}],"wp:attachment":[{"href":"https:\/\/nordicmart.andreevmaster.com\/fi\/wp-json\/wp\/v2\/media?parent=38258"}],"wp:term":[{"taxonomy":"product_brand","embeddable":true,"href":"https:\/\/nordicmart.andreevmaster.com\/fi\/wp-json\/wp\/v2\/product_brand?post=38258"},{"taxonomy":"product_cat","embeddable":true,"href":"https:\/\/nordicmart.andreevmaster.com\/fi\/wp-json\/wp\/v2\/product_cat?post=38258"},{"taxonomy":"product_tag","embeddable":true,"href":"https:\/\/nordicmart.andreevmaster.com\/fi\/wp-json\/wp\/v2\/product_tag?post=38258"}],"curies":[{"name":"wp","href":"https:\/\/api.w.org\/{rel}","templated":true}]}}