{"id":38253,"date":"2026-02-27T00:43:06","date_gmt":"2026-02-27T00:43:06","guid":{"rendered":"https:\/\/nordicmart.andreevmaster.com\/product\/songmics-7-osainen-valokuvakehyssetti-jossa-jalkia-jattamattomat-seinakoukut-tuhkanmusta\/"},"modified":"2026-02-27T09:58:51","modified_gmt":"2026-02-27T09:58:51","slug":"songmics-7-osainen-valokuvakehyssetti-jossa-jalkia-jattamattomat-seinakoukut-tuhkanmusta","status":"publish","type":"product","link":"https:\/\/nordicmart.andreevmaster.com\/fi\/tuote\/songmics-7-osainen-valokuvakehyssetti-jossa-jalkia-jattamattomat-seinakoukut-tuhkanmusta\/","title":{"rendered":"SONGMICS 7-osainen valokuvakehyssetti, jossa j\u00e4lki\u00e4 j\u00e4tt\u00e4m\u00e4tt\u00f6m\u00e4t sein\u00e4koukut, tuhkanmusta"},"content":{"rendered":"<p>SONGMICS-valokuvakehys 10 passepartoutia, 7-osainen valokuvakehyssetti, yksi 20 x 25 cm, kaksi 13 x 18 cm, nelj\u00e4 10 x 15 cm, ripustettava, pystytett\u00e4v\u00e4, MDF, lasi, 9 j\u00e4lki\u00e4 j\u00e4tt\u00e4m\u00e4t\u00f6nt\u00e4 sein\u00e4koukkua, tuhkanmusta RPF047B01<br \/>\nV\u00e4ri: tuhkanmusta<br \/>\nMateriaali: MDF (keskitihe\u00e4 kuitulevy), lasi<br \/>\nSuuren kehyksen koko: 23 x 28 cm<br \/>\nKeskikokoisen kehyksen koko: 15,3 x 20,4 cm<br \/>\nPienen kehyksen koko: 12,8 x 17,9 cm<br \/>\nKehyksen paksuus: 1,5 cm<br \/>\n7 kehyksen paino: 1,7 kg<\/p>\n","protected":false},"excerpt":{"rendered":"<p>SONGMICS-valokuvakehys 10 passepartoutia, 7-osainen valokuvakehyssetti, yksi 20 x 25 cm, kaksi 13 x 18 cm, nelj\u00e4 10 x 15 cm, ripustettava, pystytett\u00e4v\u00e4, MDF, lasi, 9 j\u00e4lki\u00e4 j\u00e4tt\u00e4m\u00e4t\u00f6nt\u00e4 sein\u00e4koukkua, tuhkanmusta RPF047B01<\/p>\n","protected":false},"featured_media":46065,"comment_status":"open","ping_status":"closed","template":"","meta":[],"product_brand":[],"product_cat":[32],"product_tag":[],"class_list":{"0":"post-38253","1":"product","2":"type-product","3":"status-publish","4":"has-post-thumbnail","6":"product_cat-uncategorized-fi","8":"first","9":"instock","10":"shipping-taxable","11":"purchasable","12":"product-type-simple"},"_links":{"self":[{"href":"https:\/\/nordicmart.andreevmaster.com\/fi\/wp-json\/wp\/v2\/product\/38253","targetHints":{"allow":["GET"]}}],"collection":[{"href":"https:\/\/nordicmart.andreevmaster.com\/fi\/wp-json\/wp\/v2\/product"}],"about":[{"href":"https:\/\/nordicmart.andreevmaster.com\/fi\/wp-json\/wp\/v2\/types\/product"}],"replies":[{"embeddable":true,"href":"https:\/\/nordicmart.andreevmaster.com\/fi\/wp-json\/wp\/v2\/comments?post=38253"}],"wp:featuredmedia":[{"embeddable":true,"href":"https:\/\/nordicmart.andreevmaster.com\/fi\/wp-json\/wp\/v2\/media\/46065"}],"wp:attachment":[{"href":"https:\/\/nordicmart.andreevmaster.com\/fi\/wp-json\/wp\/v2\/media?parent=38253"}],"wp:term":[{"taxonomy":"product_brand","embeddable":true,"href":"https:\/\/nordicmart.andreevmaster.com\/fi\/wp-json\/wp\/v2\/product_brand?post=38253"},{"taxonomy":"product_cat","embeddable":true,"href":"https:\/\/nordicmart.andreevmaster.com\/fi\/wp-json\/wp\/v2\/product_cat?post=38253"},{"taxonomy":"product_tag","embeddable":true,"href":"https:\/\/nordicmart.andreevmaster.com\/fi\/wp-json\/wp\/v2\/product_tag?post=38253"}],"curies":[{"name":"wp","href":"https:\/\/api.w.org\/{rel}","templated":true}]}}