{"id":38252,"date":"2026-02-27T00:43:06","date_gmt":"2026-02-27T00:43:06","guid":{"rendered":"https:\/\/nordicmart.andreevmaster.com\/product\/songmics-valokuvakehys-3-kpl-passepartout\/"},"modified":"2026-02-27T09:58:51","modified_gmt":"2026-02-27T09:58:51","slug":"songmics-valokuvakehys-3-kpl-passepartout","status":"publish","type":"product","link":"https:\/\/nordicmart.andreevmaster.com\/fi\/tuote\/songmics-valokuvakehys-3-kpl-passepartout\/","title":{"rendered":"SONGMICS valokuvakehys 3 kpl, passepartout"},"content":{"rendered":"<p>Suuri koko kovaan k\u00e4ytt\u00f6\u00f6n T\u00e4m\u00e4 sarja sis\u00e4lt\u00e4\u00e4 3 isoa kehyst\u00e4 A3-kokoisille kuville, joilla voit esitt\u00e4\u00e4 maisemia, taideteoksia tai todistuksia; ihanteellinen k\u00e4ytett\u00e4v\u00e4ksi kotona ja toimistossa. Lis\u00e4bonuksena mukana toimitetaan passepartout\/valokuvakehyksen matot, joiden avulla voit esitt\u00e4\u00e4 kuvia kahdessa koossa: A3, 29,7 x 42 cm (ilman mattoa) tai A4, 21 x 29,7 cm (maton kanssa). Yksinkertainen mutta tyylik\u00e4s koriste N\u00e4m\u00e4 valokuvakehykset on valmistettu puukuitulevyst\u00e4, ja niiden siluetti on selke\u00e4 ja pinta sile\u00e4. Ne sopivat sek\u00e4 klassisiin ett\u00e4 nykyaikaisiin teoksiin. Ne ovat huomaamattomia, joten ne t\u00e4ydent\u00e4v\u00e4t valokuviasi tai taideteoksiasi ilman, ett\u00e4 valokuva tai taideteos j\u00e4\u00e4 niiden varjoon. Paksunnetut kehyksen reunat (1,8 cm) lis\u00e4\u00e4v\u00e4t stereoskooppista vaikutusta ja tekev\u00e4t kehyksest\u00e4 koristeellisemman. Kaikki mukavuutesi vuoksi N\u00e4m\u00e4 valokuvakehykset on varustettu takatukilla ja 2 ripustimella, jotta ne voidaan asettaa p\u00f6yd\u00e4lle tai ripustaa sein\u00e4lle. Lis\u00e4ksi ne voidaan asettaa joko vaaka- tai pystysuoraan, mik\u00e4 lis\u00e4\u00e4 niiden monipuolisuutta. Tuotetiedot:  &#8211; V\u00e4ri: valkoinen &#8211; Materiaali: MDF, lasi &#8211; Valokuvan mitat: 29,7 x 42 cm (ilman passepartoutia), 21 x 29,7 cm (passepartoutin kanssa) &#8211; Reunan leveys: 2 cm &#8211; Reunan paksuus: 1,8 cm &#8211; Paino: 4,2 kg Toimitus sis\u00e4lt\u00e4\u00e4:  &#8211; 3 x SONGMICS-valokuvakehys Huomautukset:  &#8211; V\u00e4lt\u00e4 arvotavaroiden sijoittamista valokuvakehyksen alle. &#8211; Sein\u00e4ruuvit eiv\u00e4t sis\u00e4lly toimitukseen, koska erilaiset sein\u00e4materiaalit vaativat erilaisia kiinnitystapoja. Ota tarvittaessa yhteytt\u00e4 paikalliseen rautakauppaan.<\/p>\n","protected":false},"excerpt":{"rendered":"<p>SONGMICS 3-osainen valokuvakehyssetti, DIN A3 (29,7 x 42 cm) ilman passepartoutia, A4 (21 x 29,7 cm) passepartoutilla, valokuvakehys, lasilevy, kehyksen leveys 2 cm, MDF, valkoinen RPF03WT<\/p>\n","protected":false},"featured_media":46064,"comment_status":"open","ping_status":"closed","template":"","meta":[],"product_brand":[],"product_cat":[32],"product_tag":[],"class_list":{"0":"post-38252","1":"product","2":"type-product","3":"status-publish","4":"has-post-thumbnail","6":"product_cat-uncategorized-fi","8":"first","9":"instock","10":"shipping-taxable","11":"purchasable","12":"product-type-simple"},"_links":{"self":[{"href":"https:\/\/nordicmart.andreevmaster.com\/fi\/wp-json\/wp\/v2\/product\/38252","targetHints":{"allow":["GET"]}}],"collection":[{"href":"https:\/\/nordicmart.andreevmaster.com\/fi\/wp-json\/wp\/v2\/product"}],"about":[{"href":"https:\/\/nordicmart.andreevmaster.com\/fi\/wp-json\/wp\/v2\/types\/product"}],"replies":[{"embeddable":true,"href":"https:\/\/nordicmart.andreevmaster.com\/fi\/wp-json\/wp\/v2\/comments?post=38252"}],"wp:featuredmedia":[{"embeddable":true,"href":"https:\/\/nordicmart.andreevmaster.com\/fi\/wp-json\/wp\/v2\/media\/46064"}],"wp:attachment":[{"href":"https:\/\/nordicmart.andreevmaster.com\/fi\/wp-json\/wp\/v2\/media?parent=38252"}],"wp:term":[{"taxonomy":"product_brand","embeddable":true,"href":"https:\/\/nordicmart.andreevmaster.com\/fi\/wp-json\/wp\/v2\/product_brand?post=38252"},{"taxonomy":"product_cat","embeddable":true,"href":"https:\/\/nordicmart.andreevmaster.com\/fi\/wp-json\/wp\/v2\/product_cat?post=38252"},{"taxonomy":"product_tag","embeddable":true,"href":"https:\/\/nordicmart.andreevmaster.com\/fi\/wp-json\/wp\/v2\/product_tag?post=38252"}],"curies":[{"name":"wp","href":"https:\/\/api.w.org\/{rel}","templated":true}]}}