{"id":38251,"date":"2026-02-27T00:43:05","date_gmt":"2026-02-27T00:43:05","guid":{"rendered":"https:\/\/nordicmart.andreevmaster.com\/product\/songmics-valokuvakehyskollaasi-9-valokuvalle-valkoinen\/"},"modified":"2026-02-27T09:58:51","modified_gmt":"2026-02-27T09:58:51","slug":"songmics-valokuvakehyskollaasi-9-valokuvalle-valkoinen","status":"publish","type":"product","link":"https:\/\/nordicmart.andreevmaster.com\/fi\/tuote\/songmics-valokuvakehyskollaasi-9-valokuvalle-valkoinen\/","title":{"rendered":"SONGMICS valokuvakehyskollaasi 9 valokuvalle Valkoinen"},"content":{"rendered":"<p>Haluatko katsella lastesi suloisia hymyj\u00e4, jakaa onnellisimpia hetki\u00e4si muiden kanssa tai esitt\u00e4\u00e4 taideteoksia? T\u00e4m\u00e4 SONGMICS-valokuvakehyskollaasi suojaa selfiet\u00e4si, taideteoksiasi tai valokuviasi ja korostaa niit\u00e4 samalla ainutlaatuisella tavalla.   Yksil\u00f6llisyys ja hienostuneisuus Ripusta upeita maisemia tai ilmeikk\u00e4it\u00e4 muotokuvia seinillesi ja anna kodillesi yksil\u00f6llinen ilme. P\u00e4\u00e4llekk\u00e4iset kehykset vet\u00e4v\u00e4t katseet puoleensa kuin taikaiskulla ja ohjaavat ne kauneimpiin valokuviisi.   T\u00e4m\u00e4n kollaasin kohokohdat: &#8211; Sopii yhdeks\u00e4lle 10 x 15 cm:n valokuvalle &#8211; Voidaan ripustaa vaaka- tai pystysuoraan &#8211; Lasilevyt ilman ter\u00e4vi\u00e4 reunoja &#8211; Upea lahja rakkaillesi &#8211; Piikkikiinnikkeet nopeaan sein\u00e4kiinnitykseen &#8211; K\u00e4\u00e4nnett\u00e4v\u00e4t kiinnikkeet helpottavat kuvien vaihtamista &#8211; Selke\u00e4t asennusohjeet ja numeroidut osat helpottavat kokoamista Tuotetiedot:- V\u00e4ri: valkoinen &#8211; Materiaali: MDF (keskitihe\u00e4 kuitulevy), lasi &#8211; Koko: 47,4 x 2,4 x 47 cm (P x L x K) &#8211; Sopiva valokuvakoko: 10 x 15 cm &#8211; Todellinen n\u00e4kyv\u00e4 koko: 9,5 x 14,5 cm &#8211; Paino: 1,65 kg Toimitus sis\u00e4lt\u00e4\u00e4:- 1 x valokuvakehyskollaasi SONGMICS Huomautukset: &#8211; Kaikki lasin reunat on hiottu hiekalla, jotta voit vaihtaa valokuvia turvallisesti. Kollaasi on kuitenkin pidett\u00e4v\u00e4 lasten ulottumattomissa. &#8211; Varmista, ett\u00e4 kollaasi on kiinnitetty tukevasti sein\u00e4\u00e4n.<\/p>\n","protected":false},"excerpt":{"rendered":"<p>SONGMICS-valokuvakehyskollaasi 9 valokuvalle, valokuvakehys, valokuvakehys, valokuvakollaasi, sopii 10 x 15 cm (4 x 6 tuuman) kokoisille valokuville, sein\u00e4kiinnitys, perhevalokuvat, MDF, lasi, valkoinen RPF029W01<\/p>\n","protected":false},"featured_media":46063,"comment_status":"open","ping_status":"closed","template":"","meta":[],"product_brand":[],"product_cat":[32],"product_tag":[],"class_list":{"0":"post-38251","1":"product","2":"type-product","3":"status-publish","4":"has-post-thumbnail","6":"product_cat-uncategorized-fi","8":"first","9":"instock","10":"shipping-taxable","11":"purchasable","12":"product-type-simple"},"_links":{"self":[{"href":"https:\/\/nordicmart.andreevmaster.com\/fi\/wp-json\/wp\/v2\/product\/38251","targetHints":{"allow":["GET"]}}],"collection":[{"href":"https:\/\/nordicmart.andreevmaster.com\/fi\/wp-json\/wp\/v2\/product"}],"about":[{"href":"https:\/\/nordicmart.andreevmaster.com\/fi\/wp-json\/wp\/v2\/types\/product"}],"replies":[{"embeddable":true,"href":"https:\/\/nordicmart.andreevmaster.com\/fi\/wp-json\/wp\/v2\/comments?post=38251"}],"wp:featuredmedia":[{"embeddable":true,"href":"https:\/\/nordicmart.andreevmaster.com\/fi\/wp-json\/wp\/v2\/media\/46063"}],"wp:attachment":[{"href":"https:\/\/nordicmart.andreevmaster.com\/fi\/wp-json\/wp\/v2\/media?parent=38251"}],"wp:term":[{"taxonomy":"product_brand","embeddable":true,"href":"https:\/\/nordicmart.andreevmaster.com\/fi\/wp-json\/wp\/v2\/product_brand?post=38251"},{"taxonomy":"product_cat","embeddable":true,"href":"https:\/\/nordicmart.andreevmaster.com\/fi\/wp-json\/wp\/v2\/product_cat?post=38251"},{"taxonomy":"product_tag","embeddable":true,"href":"https:\/\/nordicmart.andreevmaster.com\/fi\/wp-json\/wp\/v2\/product_tag?post=38251"}],"curies":[{"name":"wp","href":"https:\/\/api.w.org\/{rel}","templated":true}]}}