{"id":38249,"date":"2026-02-27T00:43:05","date_gmt":"2026-02-27T00:43:05","guid":{"rendered":"https:\/\/nordicmart.andreevmaster.com\/product\/songmics-4-valokuvakehysta-10-x-15-cmn-kuville-seinakoristeeksi\/"},"modified":"2026-02-27T09:58:50","modified_gmt":"2026-02-27T09:58:50","slug":"songmics-4-valokuvakehysta-10-x-15-cmn-kuville-seinakoristeeksi","status":"publish","type":"product","link":"https:\/\/nordicmart.andreevmaster.com\/fi\/tuote\/songmics-4-valokuvakehysta-10-x-15-cmn-kuville-seinakoristeeksi\/","title":{"rendered":"SONGMICS 4 valokuvakehyst\u00e4 10 x 15 cm:n kuville sein\u00e4koristeeksi"},"content":{"rendered":"<p>SONGMICS valokuvakehyskollaasi 4 valokuvalle (10 x 15 cm), lasilevyll\u00e4, sein\u00e4kiinnitys, valokuvagalleriaesitys, vintage-ruskea RPF025X01<br \/>\nV\u00e4ri: vaalea kulta<br \/>\nMateriaali: MDF-kehys (keskitihe\u00e4 kuitulevy), lasilevy<br \/>\nKoko: 30,5 x 30,5 cm (P x L)<br \/>\nSopivat valokuvakoot: 10 x 15 cm<br \/>\nKollaasikehyksen paksuus: 1,2 cm<br \/>\nPaino: 0,9 kg<\/p>\n","protected":false},"excerpt":{"rendered":"<p>SONGMICS valokuvakehyskollaasi 4 valokuvalle (10 x 15 cm), lasilevyll\u00e4, sein\u00e4kiinnitys, valokuvagalleriaesitys, vintage-ruskea RPF025X01<\/p>\n","protected":false},"featured_media":46061,"comment_status":"open","ping_status":"closed","template":"","meta":[],"product_brand":[],"product_cat":[32],"product_tag":[],"class_list":{"0":"post-38249","1":"product","2":"type-product","3":"status-publish","4":"has-post-thumbnail","6":"product_cat-uncategorized-fi","8":"first","9":"instock","10":"shipping-taxable","11":"purchasable","12":"product-type-simple"},"_links":{"self":[{"href":"https:\/\/nordicmart.andreevmaster.com\/fi\/wp-json\/wp\/v2\/product\/38249","targetHints":{"allow":["GET"]}}],"collection":[{"href":"https:\/\/nordicmart.andreevmaster.com\/fi\/wp-json\/wp\/v2\/product"}],"about":[{"href":"https:\/\/nordicmart.andreevmaster.com\/fi\/wp-json\/wp\/v2\/types\/product"}],"replies":[{"embeddable":true,"href":"https:\/\/nordicmart.andreevmaster.com\/fi\/wp-json\/wp\/v2\/comments?post=38249"}],"wp:featuredmedia":[{"embeddable":true,"href":"https:\/\/nordicmart.andreevmaster.com\/fi\/wp-json\/wp\/v2\/media\/46061"}],"wp:attachment":[{"href":"https:\/\/nordicmart.andreevmaster.com\/fi\/wp-json\/wp\/v2\/media?parent=38249"}],"wp:term":[{"taxonomy":"product_brand","embeddable":true,"href":"https:\/\/nordicmart.andreevmaster.com\/fi\/wp-json\/wp\/v2\/product_brand?post=38249"},{"taxonomy":"product_cat","embeddable":true,"href":"https:\/\/nordicmart.andreevmaster.com\/fi\/wp-json\/wp\/v2\/product_cat?post=38249"},{"taxonomy":"product_tag","embeddable":true,"href":"https:\/\/nordicmart.andreevmaster.com\/fi\/wp-json\/wp\/v2\/product_tag?post=38249"}],"curies":[{"name":"wp","href":"https:\/\/api.w.org\/{rel}","templated":true}]}}