{"id":38245,"date":"2026-02-27T00:43:04","date_gmt":"2026-02-27T00:43:04","guid":{"rendered":"https:\/\/nordicmart.andreevmaster.com\/product\/songmics-a4-kuvakehys-useille-kuville-musta\/"},"modified":"2026-02-27T09:58:50","modified_gmt":"2026-02-27T09:58:50","slug":"songmics-a4-kuvakehys-useille-kuville-musta","status":"publish","type":"product","link":"https:\/\/nordicmart.andreevmaster.com\/fi\/tuote\/songmics-a4-kuvakehys-useille-kuville-musta\/","title":{"rendered":"SONGMICS A4-kuvakehys useille kuville, musta"},"content":{"rendered":"<p>SONGMICS valokuvakehys A4, 3 passepartoutia, valokuvakehys useille valokuville, kollaasi valokuville A4, j\u00e4lki\u00e4 j\u00e4tt\u00e4m\u00e4tt\u00f6m\u00e4t sein\u00e4koukut<br \/>\nV\u00e4ri: tuhkapuu<br \/>\nMateriaali: MDF (keskitihe\u00e4 kuitulevy), lasi<br \/>\nKoko: 36,5 x 26 cm (P x L)<br \/>\nKehyksen paksuus: 1,5 cm<br \/>\nPaino: 0,8 kg<\/p>\n","protected":false},"excerpt":{"rendered":"<p>SONGMICS valokuvakehys A4, 3 passepartoutia, valokuvakehys useille valokuville, kollaasi valokuville A4, j\u00e4lki\u00e4 j\u00e4tt\u00e4m\u00e4tt\u00f6m\u00e4t sein\u00e4koukut<\/p>\n","protected":false},"featured_media":46057,"comment_status":"open","ping_status":"closed","template":"","meta":[],"product_brand":[],"product_cat":[32],"product_tag":[],"class_list":{"0":"post-38245","1":"product","2":"type-product","3":"status-publish","4":"has-post-thumbnail","6":"product_cat-uncategorized-fi","8":"first","9":"instock","10":"shipping-taxable","11":"purchasable","12":"product-type-simple"},"_links":{"self":[{"href":"https:\/\/nordicmart.andreevmaster.com\/fi\/wp-json\/wp\/v2\/product\/38245","targetHints":{"allow":["GET"]}}],"collection":[{"href":"https:\/\/nordicmart.andreevmaster.com\/fi\/wp-json\/wp\/v2\/product"}],"about":[{"href":"https:\/\/nordicmart.andreevmaster.com\/fi\/wp-json\/wp\/v2\/types\/product"}],"replies":[{"embeddable":true,"href":"https:\/\/nordicmart.andreevmaster.com\/fi\/wp-json\/wp\/v2\/comments?post=38245"}],"wp:featuredmedia":[{"embeddable":true,"href":"https:\/\/nordicmart.andreevmaster.com\/fi\/wp-json\/wp\/v2\/media\/46057"}],"wp:attachment":[{"href":"https:\/\/nordicmart.andreevmaster.com\/fi\/wp-json\/wp\/v2\/media?parent=38245"}],"wp:term":[{"taxonomy":"product_brand","embeddable":true,"href":"https:\/\/nordicmart.andreevmaster.com\/fi\/wp-json\/wp\/v2\/product_brand?post=38245"},{"taxonomy":"product_cat","embeddable":true,"href":"https:\/\/nordicmart.andreevmaster.com\/fi\/wp-json\/wp\/v2\/product_cat?post=38245"},{"taxonomy":"product_tag","embeddable":true,"href":"https:\/\/nordicmart.andreevmaster.com\/fi\/wp-json\/wp\/v2\/product_tag?post=38245"}],"curies":[{"name":"wp","href":"https:\/\/api.w.org\/{rel}","templated":true}]}}