{"id":38243,"date":"2026-02-27T00:43:03","date_gmt":"2026-02-27T00:43:03","guid":{"rendered":"https:\/\/nordicmart.andreevmaster.com\/product\/songmics-12-valokuvakehysta-10-x-15-cmn-kuville-seinakoriste\/"},"modified":"2026-02-27T09:58:49","modified_gmt":"2026-02-27T09:58:49","slug":"songmics-12-valokuvakehysta-10-x-15-cmn-kuville-seinakoriste","status":"publish","type":"product","link":"https:\/\/nordicmart.andreevmaster.com\/fi\/tuote\/songmics-12-valokuvakehysta-10-x-15-cmn-kuville-seinakoriste\/","title":{"rendered":"SONGMICS 12 valokuvakehyst\u00e4 10 x 15 cm:n kuville, sein\u00e4koriste"},"content":{"rendered":"<p>SONGMICS Kuvakehyskollaasi, 12 valokuvakehyst\u00e4 10 x 15 cm:n kuville, valokuvakollaasi, sein\u00e4kollaasi, monikehys, sein\u00e4koriste<br \/>\nV\u00e4ri: luonnonbeige<br \/>\nMateriaali: MDF-kehys (keskitihe\u00e4 kuitulevy), lasilevy<br \/>\nKoko: 63,3 x 63,3 cm (P x L)<br \/>\nSopivat valokuvakoot: 10 x 15 cm<br \/>\nKollaasikehyksen paksuus: 3,6 cm<br \/>\nPaino: 2,2 kg<\/p>\n","protected":false},"excerpt":{"rendered":"<p>SONGMICS Kuvakehyskollaasi, 12 valokuvakehyst\u00e4 10 x 15 cm:n kuville, valokuvakollaasi, sein\u00e4kollaasi, monikehys, sein\u00e4koriste<\/p>\n","protected":false},"featured_media":46055,"comment_status":"open","ping_status":"closed","template":"","meta":[],"product_brand":[],"product_cat":[32],"product_tag":[],"class_list":{"0":"post-38243","1":"product","2":"type-product","3":"status-publish","4":"has-post-thumbnail","6":"product_cat-uncategorized-fi","8":"first","9":"instock","10":"shipping-taxable","11":"purchasable","12":"product-type-simple"},"_links":{"self":[{"href":"https:\/\/nordicmart.andreevmaster.com\/fi\/wp-json\/wp\/v2\/product\/38243","targetHints":{"allow":["GET"]}}],"collection":[{"href":"https:\/\/nordicmart.andreevmaster.com\/fi\/wp-json\/wp\/v2\/product"}],"about":[{"href":"https:\/\/nordicmart.andreevmaster.com\/fi\/wp-json\/wp\/v2\/types\/product"}],"replies":[{"embeddable":true,"href":"https:\/\/nordicmart.andreevmaster.com\/fi\/wp-json\/wp\/v2\/comments?post=38243"}],"wp:featuredmedia":[{"embeddable":true,"href":"https:\/\/nordicmart.andreevmaster.com\/fi\/wp-json\/wp\/v2\/media\/46055"}],"wp:attachment":[{"href":"https:\/\/nordicmart.andreevmaster.com\/fi\/wp-json\/wp\/v2\/media?parent=38243"}],"wp:term":[{"taxonomy":"product_brand","embeddable":true,"href":"https:\/\/nordicmart.andreevmaster.com\/fi\/wp-json\/wp\/v2\/product_brand?post=38243"},{"taxonomy":"product_cat","embeddable":true,"href":"https:\/\/nordicmart.andreevmaster.com\/fi\/wp-json\/wp\/v2\/product_cat?post=38243"},{"taxonomy":"product_tag","embeddable":true,"href":"https:\/\/nordicmart.andreevmaster.com\/fi\/wp-json\/wp\/v2\/product_tag?post=38243"}],"curies":[{"name":"wp","href":"https:\/\/api.w.org\/{rel}","templated":true}]}}