{"id":38242,"date":"2026-02-27T00:43:03","date_gmt":"2026-02-27T00:43:03","guid":{"rendered":"https:\/\/nordicmart.andreevmaster.com\/product\/songmics-kuvakehys-kollaasi-10-valokuvalle-vintage-ruskea\/"},"modified":"2026-02-27T09:58:49","modified_gmt":"2026-02-27T09:58:49","slug":"songmics-kuvakehys-kollaasi-10-valokuvalle-vintage-ruskea","status":"publish","type":"product","link":"https:\/\/nordicmart.andreevmaster.com\/fi\/tuote\/songmics-kuvakehys-kollaasi-10-valokuvalle-vintage-ruskea\/","title":{"rendered":"SONGMICS Kuvakehys-kollaasi 10 valokuvalle Vintage-ruskea"},"content":{"rendered":"<p>T\u00e4yt\u00e4 t\u00e4m\u00e4 kehys suosikkikuvillasi ja ripusta se sein\u00e4lle. Puukuviollinen valokuvakehys koristaa sein\u00e4\u00e4si ja muistuttaa sinua aina kauniista hetkist\u00e4. Tuotetiedot: Kokonaismitat: 60 x 49,3 x 3,6 cm (L x K x S) Valokuvan mitat: 10 x 15 cm Kehyksen v\u00e4ri: musta Materiaali: MDF, polystyreeni Paino: 1,8 kg Toimitus sis\u00e4lt\u00e4\u00e4: 10 x valokuvakehys 1 x kiinnityspussi 1 x pussi puutappeja SONGICSin huomautukset: Ilmakuplat ja l\u00e4pikuultavan kuvanpeitteen huono valonl\u00e4p\u00e4isykyky johtuvat suojakalvoista. Poista molemmat suojakalvot ennen k\u00e4ytt\u00f6\u00e4. Kollaasikehys koostuu useista valokuvakehyksist\u00e4. T\u00e4m\u00e4 malli on koottava ja ripustettava sein\u00e4lle; valokuvakehyksi\u00e4 ei voi k\u00e4ytt\u00e4\u00e4 erikseen.<\/p>\n","protected":false},"excerpt":{"rendered":"<p>SONGMICS valokuvakehyskollaasi, 10 valokuvalle, kukin 10 x 15 cm (4 x 6 tuumaa), MDF-levyst\u00e4, vaatii kokoonpanon, vintage-ruskea RPF020X01<\/p>\n","protected":false},"featured_media":0,"comment_status":"open","ping_status":"closed","template":"","meta":[],"product_brand":[],"product_cat":[32],"product_tag":[],"class_list":{"0":"post-38242","1":"product","2":"type-product","3":"status-publish","5":"product_cat-uncategorized-fi","7":"first","8":"instock","9":"shipping-taxable","10":"purchasable","11":"product-type-simple"},"_links":{"self":[{"href":"https:\/\/nordicmart.andreevmaster.com\/fi\/wp-json\/wp\/v2\/product\/38242","targetHints":{"allow":["GET"]}}],"collection":[{"href":"https:\/\/nordicmart.andreevmaster.com\/fi\/wp-json\/wp\/v2\/product"}],"about":[{"href":"https:\/\/nordicmart.andreevmaster.com\/fi\/wp-json\/wp\/v2\/types\/product"}],"replies":[{"embeddable":true,"href":"https:\/\/nordicmart.andreevmaster.com\/fi\/wp-json\/wp\/v2\/comments?post=38242"}],"wp:attachment":[{"href":"https:\/\/nordicmart.andreevmaster.com\/fi\/wp-json\/wp\/v2\/media?parent=38242"}],"wp:term":[{"taxonomy":"product_brand","embeddable":true,"href":"https:\/\/nordicmart.andreevmaster.com\/fi\/wp-json\/wp\/v2\/product_brand?post=38242"},{"taxonomy":"product_cat","embeddable":true,"href":"https:\/\/nordicmart.andreevmaster.com\/fi\/wp-json\/wp\/v2\/product_cat?post=38242"},{"taxonomy":"product_tag","embeddable":true,"href":"https:\/\/nordicmart.andreevmaster.com\/fi\/wp-json\/wp\/v2\/product_tag?post=38242"}],"curies":[{"name":"wp","href":"https:\/\/api.w.org\/{rel}","templated":true}]}}