{"id":38236,"date":"2026-02-27T00:43:01","date_gmt":"2026-02-27T00:43:01","guid":{"rendered":"https:\/\/nordicmart.andreevmaster.com\/product\/songmics-a4-kuvakehys-seinakoukulla-musta\/"},"modified":"2026-02-27T09:58:48","modified_gmt":"2026-02-27T09:58:48","slug":"songmics-a4-kuvakehys-seinakoukulla-musta","status":"publish","type":"product","link":"https:\/\/nordicmart.andreevmaster.com\/fi\/tuote\/songmics-a4-kuvakehys-seinakoukulla-musta\/","title":{"rendered":"SONGMICS A4-kuvakehys sein\u00e4koukulla, musta"},"content":{"rendered":"<p>SONGMICS A4-kuvakehys, 3 passepartoutia, t\u00e4ytett\u00e4v\u00e4 valokuvakehys, 4 nastat, kollaasi A4-kuville, 10,2 x 15,2 cm, 10,2 x 10,2 cm, 2 j\u00e4lki\u00e4 j\u00e4tt\u00e4m\u00e4t\u00f6nt\u00e4 sein\u00e4koukkua<br \/>\nV\u00e4ri: tuhkapuu<br \/>\nMateriaali: MDF (keskitihe\u00e4 kuitulevy), lasi<br \/>\nKoko: 36,5 x 26 cm (P x L)<br \/>\nKehyksen paksuus: 4 cm<br \/>\nPaino: 1,3 kg<\/p>\n","protected":false},"excerpt":{"rendered":"<p>SONGMICS A4-kuvakehys, 3 passepartoutia, t\u00e4ytett\u00e4v\u00e4 valokuvakehys, 4 nastat, kollaasi A4-kuville, 10,2 x 15,2 cm, 10,2 x 10,2 cm, 2 j\u00e4lki\u00e4 j\u00e4tt\u00e4m\u00e4t\u00f6nt\u00e4 sein\u00e4koukkua<\/p>\n","protected":false},"featured_media":46049,"comment_status":"open","ping_status":"closed","template":"","meta":[],"product_brand":[],"product_cat":[32],"product_tag":[],"class_list":{"0":"post-38236","1":"product","2":"type-product","3":"status-publish","4":"has-post-thumbnail","6":"product_cat-uncategorized-fi","8":"first","9":"instock","10":"shipping-taxable","11":"purchasable","12":"product-type-simple"},"_links":{"self":[{"href":"https:\/\/nordicmart.andreevmaster.com\/fi\/wp-json\/wp\/v2\/product\/38236","targetHints":{"allow":["GET"]}}],"collection":[{"href":"https:\/\/nordicmart.andreevmaster.com\/fi\/wp-json\/wp\/v2\/product"}],"about":[{"href":"https:\/\/nordicmart.andreevmaster.com\/fi\/wp-json\/wp\/v2\/types\/product"}],"replies":[{"embeddable":true,"href":"https:\/\/nordicmart.andreevmaster.com\/fi\/wp-json\/wp\/v2\/comments?post=38236"}],"wp:featuredmedia":[{"embeddable":true,"href":"https:\/\/nordicmart.andreevmaster.com\/fi\/wp-json\/wp\/v2\/media\/46049"}],"wp:attachment":[{"href":"https:\/\/nordicmart.andreevmaster.com\/fi\/wp-json\/wp\/v2\/media?parent=38236"}],"wp:term":[{"taxonomy":"product_brand","embeddable":true,"href":"https:\/\/nordicmart.andreevmaster.com\/fi\/wp-json\/wp\/v2\/product_brand?post=38236"},{"taxonomy":"product_cat","embeddable":true,"href":"https:\/\/nordicmart.andreevmaster.com\/fi\/wp-json\/wp\/v2\/product_cat?post=38236"},{"taxonomy":"product_tag","embeddable":true,"href":"https:\/\/nordicmart.andreevmaster.com\/fi\/wp-json\/wp\/v2\/product_tag?post=38236"}],"curies":[{"name":"wp","href":"https:\/\/api.w.org\/{rel}","templated":true}]}}