{"id":38234,"date":"2026-02-27T00:43:00","date_gmt":"2026-02-27T00:43:00","guid":{"rendered":"https:\/\/nordicmart.andreevmaster.com\/product\/songmics-valokuvakehys-narulla-valkoinen\/"},"modified":"2026-02-27T09:58:47","modified_gmt":"2026-02-27T09:58:47","slug":"songmics-valokuvakehys-narulla-valkoinen","status":"publish","type":"product","link":"https:\/\/nordicmart.andreevmaster.com\/fi\/tuote\/songmics-valokuvakehys-narulla-valkoinen\/","title":{"rendered":"SONGMICS valokuvakehys narulla, valkoinen"},"content":{"rendered":"<p>T\u00e4m\u00e4n valokuvakehyksen avulla voit pit\u00e4\u00e4 perheesi, lapsuutesi tai erityisen matkan syd\u00e4mess\u00e4si \u2013 muistosi korostuvat luovalla tavalla ja koristavat sein\u00e4\u00e4 eteisess\u00e4, olohuoneessa tai ty\u00f6huoneessa. T\u00e4m\u00e4n valokuvakehyksen kohokohdat: &#8211; Mukana 3 pient\u00e4 pyykkipojua ja 10 neulaa &#8211; Korostaa valokuvasi, piirustuksesi, postikorttisi jne. &#8211; Pellavapinta ja pehmustettu takaosa antavat valokuvakehykselle tyylikk\u00e4\u00e4n ilmeen. &#8211; L\u00e4pin\u00e4kyv\u00e4 lasilevy hiotuilla reunoilla; mahdollistaa ter\u00e4vien kuvien katselun; suojaa k\u00e4si\u00e4si loukkaantumisilta &#8211; K\u00e4\u00e4nnett\u00e4v\u00e4t kiinnikkeet helpottavat kuvien vaihtamista &#8211; Upea lahja rakkaillesi &#8211; Takapuolella piikkikiinnike nopeaa sein\u00e4kiinnityst\u00e4 varten Tuotetiedot:- V\u00e4ri: valkoinen &#8211; Materiaali: MDF (keskitihe\u00e4 kuitulevy), lasi &#8211; Koko: 22,5 x 4 x 27,5 cm (P x L x K) &#8211; Sis\u00e4mitat (ilman kehyst\u00e4): 19,5 x 24,5 cm &#8211; Paino: 0,75 kg Toimitus sis\u00e4lt\u00e4\u00e4: &#8211; 1 x valokuvakehys SONGMICS Huomautukset:- Lasilevyn kaikki reunat on hiottu turvallisuuden takaamiseksi kuvia vaihdettaessa. Siit\u00e4 huolimatta pid\u00e4 lapset poissa t\u00e4m\u00e4n tuotteen l\u00e4heisyydest\u00e4. &#8211; Aseta tuote tasaiselle pinnalle tai kiinnit\u00e4 se tukevasti sein\u00e4\u00e4n.<\/p>\n","protected":false},"excerpt":{"rendered":"<p>SONGMICS 3D-valokuvakehys, laatikko, valokuvakehys narulla, pienill\u00e4 pyykkipojilla ja nastoilla, DIY, pellavapinta ja pehmuste sis\u00e4puolella, lasilevy, MDF, valkoinen RPF007W01<\/p>\n","protected":false},"featured_media":46047,"comment_status":"open","ping_status":"closed","template":"","meta":[],"product_brand":[],"product_cat":[32],"product_tag":[],"class_list":{"0":"post-38234","1":"product","2":"type-product","3":"status-publish","4":"has-post-thumbnail","6":"product_cat-uncategorized-fi","8":"first","9":"instock","10":"shipping-taxable","11":"purchasable","12":"product-type-simple"},"_links":{"self":[{"href":"https:\/\/nordicmart.andreevmaster.com\/fi\/wp-json\/wp\/v2\/product\/38234","targetHints":{"allow":["GET"]}}],"collection":[{"href":"https:\/\/nordicmart.andreevmaster.com\/fi\/wp-json\/wp\/v2\/product"}],"about":[{"href":"https:\/\/nordicmart.andreevmaster.com\/fi\/wp-json\/wp\/v2\/types\/product"}],"replies":[{"embeddable":true,"href":"https:\/\/nordicmart.andreevmaster.com\/fi\/wp-json\/wp\/v2\/comments?post=38234"}],"wp:featuredmedia":[{"embeddable":true,"href":"https:\/\/nordicmart.andreevmaster.com\/fi\/wp-json\/wp\/v2\/media\/46047"}],"wp:attachment":[{"href":"https:\/\/nordicmart.andreevmaster.com\/fi\/wp-json\/wp\/v2\/media?parent=38234"}],"wp:term":[{"taxonomy":"product_brand","embeddable":true,"href":"https:\/\/nordicmart.andreevmaster.com\/fi\/wp-json\/wp\/v2\/product_brand?post=38234"},{"taxonomy":"product_cat","embeddable":true,"href":"https:\/\/nordicmart.andreevmaster.com\/fi\/wp-json\/wp\/v2\/product_cat?post=38234"},{"taxonomy":"product_tag","embeddable":true,"href":"https:\/\/nordicmart.andreevmaster.com\/fi\/wp-json\/wp\/v2\/product_tag?post=38234"}],"curies":[{"name":"wp","href":"https:\/\/api.w.org\/{rel}","templated":true}]}}