{"id":38232,"date":"2026-02-27T00:43:00","date_gmt":"2026-02-27T00:43:00","guid":{"rendered":"https:\/\/nordicmart.andreevmaster.com\/product\/songmics-valokuvakehys-3-valokuvalle-valkoinen\/"},"modified":"2026-02-27T09:58:47","modified_gmt":"2026-02-27T09:58:47","slug":"songmics-valokuvakehys-3-valokuvalle-valkoinen","status":"publish","type":"product","link":"https:\/\/nordicmart.andreevmaster.com\/fi\/tuote\/songmics-valokuvakehys-3-valokuvalle-valkoinen\/","title":{"rendered":"SONGMICS valokuvakehys 3 valokuvalle, valkoinen"},"content":{"rendered":"<p>Haluatko katsella lastesi suloisia hymyj\u00e4, jakaa onnellisimpia hetki\u00e4si muiden kanssa tai esitt\u00e4\u00e4 taideteoksia? T\u00e4m\u00e4 SONGMICS-valokuvakehys suojaa selfiet\u00e4si, taideteoksiasi tai valokuviasi ja korostaa niit\u00e4 samalla ainutlaatuisella tavalla.   Yksil\u00f6llisyys ja hienostuneisuus Ripusta upeita maisemia tai ilmeikk\u00e4it\u00e4 muotokuvia seinillesi ja anna kodillesi yksil\u00f6llinen ilme. T\u00e4m\u00e4 3-in-1-kehys vet\u00e4\u00e4 katseet puoleensa kuin taikaiskulla ja ohjaa ne kauneimpiin valokuviisi.   T\u00e4m\u00e4n valokuvakehyksen kohokohdat: &#8211; Sopii kolmelle 10 x 15 cm:n valokuvalle &#8211; Toimitetaan valmiiksi koottuna; ei tarvitse koota &#8211; Voidaan ripustaa vaaka- tai pystysuoraan &#8211; Sopii pystyasennukseen pysty- tai vaakasuuntaisille valokuville &#8211; Lasilevyt ilman ter\u00e4vi\u00e4 reunoja &#8211; Piikkikiinnikkeet nopeaan sein\u00e4kiinnitykseen &#8211; K\u00e4\u00e4ntyv\u00e4t kiinnikkeet helpottavat kuvien vaihtamista &#8211; Upea lahja rakkaillesi  Tuotetiedot:- V\u00e4ri: valkoinen &#8211; Materiaali: MDF (keskitihe\u00e4 kuitulevy), lasi &#8211; Koko: 24 x 2 x 40,5 cm (P x L x K) &#8211; Sopiva valokuvakoko: 10 x 15 cm &#8211; Todellinen n\u00e4kyv\u00e4 koko: 9 x 14 cm &#8211; Paino: 0,75 kg Toimitus sis\u00e4lt\u00e4\u00e4: &#8211; 1 x valokuvakehys 3 valokuvalle SONGMICS-ohjeet: &#8211; Kaikki lasin reunat on hiottu hiekalla, jotta voit vaihtaa valokuvia turvallisesti. Collage on kuitenkin pidett\u00e4v\u00e4 lasten ulottumattomissa. &#8211; Varmista, ett\u00e4 collage on kiinnitetty tukevasti sein\u00e4\u00e4n.<\/p>\n","protected":false},"excerpt":{"rendered":"<p>SONGMICS valokuvakehys 3 valokuvalle, valokuvakehys, valokuvakollaasi, sein\u00e4koriste, ripustettava tai seisova, sopii 10 x 15 cm (4 x 6 tuuman) kokoisille kuville, perhekuville, selfiet\u00e4, MDF, lasi, valkoinen RPF006W01<\/p>\n","protected":false},"featured_media":46045,"comment_status":"open","ping_status":"closed","template":"","meta":[],"product_brand":[],"product_cat":[32],"product_tag":[],"class_list":{"0":"post-38232","1":"product","2":"type-product","3":"status-publish","4":"has-post-thumbnail","6":"product_cat-uncategorized-fi","8":"first","9":"instock","10":"shipping-taxable","11":"purchasable","12":"product-type-simple"},"_links":{"self":[{"href":"https:\/\/nordicmart.andreevmaster.com\/fi\/wp-json\/wp\/v2\/product\/38232","targetHints":{"allow":["GET"]}}],"collection":[{"href":"https:\/\/nordicmart.andreevmaster.com\/fi\/wp-json\/wp\/v2\/product"}],"about":[{"href":"https:\/\/nordicmart.andreevmaster.com\/fi\/wp-json\/wp\/v2\/types\/product"}],"replies":[{"embeddable":true,"href":"https:\/\/nordicmart.andreevmaster.com\/fi\/wp-json\/wp\/v2\/comments?post=38232"}],"wp:featuredmedia":[{"embeddable":true,"href":"https:\/\/nordicmart.andreevmaster.com\/fi\/wp-json\/wp\/v2\/media\/46045"}],"wp:attachment":[{"href":"https:\/\/nordicmart.andreevmaster.com\/fi\/wp-json\/wp\/v2\/media?parent=38232"}],"wp:term":[{"taxonomy":"product_brand","embeddable":true,"href":"https:\/\/nordicmart.andreevmaster.com\/fi\/wp-json\/wp\/v2\/product_brand?post=38232"},{"taxonomy":"product_cat","embeddable":true,"href":"https:\/\/nordicmart.andreevmaster.com\/fi\/wp-json\/wp\/v2\/product_cat?post=38232"},{"taxonomy":"product_tag","embeddable":true,"href":"https:\/\/nordicmart.andreevmaster.com\/fi\/wp-json\/wp\/v2\/product_tag?post=38232"}],"curies":[{"name":"wp","href":"https:\/\/api.w.org\/{rel}","templated":true}]}}