{"id":38231,"date":"2026-02-27T00:42:59","date_gmt":"2026-02-27T00:42:59","guid":{"rendered":"https:\/\/nordicmart.andreevmaster.com\/product\/songmics-sailytyslaatikkosetti-3-kpl-kannella\/"},"modified":"2026-02-27T09:58:46","modified_gmt":"2026-02-27T09:58:46","slug":"songmics-sailytyslaatikkosetti-3-kpl-kannella","status":"publish","type":"product","link":"https:\/\/nordicmart.andreevmaster.com\/fi\/tuote\/songmics-sailytyslaatikkosetti-3-kpl-kannella\/","title":{"rendered":"SONGMICS s\u00e4ilytyslaatikkosetti, 3 kpl, kannella"},"content":{"rendered":"<p>SONGMICS s\u00e4ilytyslaatikko, 3 kpl, muovinen j\u00e4rjestelij\u00e4, kannella, 5 ovea, taitettava, 53 x 36 x 30 cm, 44 litraa<br \/>\nV\u00e4ri: pilvinen valkoinen-liuskekivi harmaa<br \/>\nMateriaali: PP (polypropeeni), HIPS (iskunkest\u00e4v\u00e4 polystyreeni)<br \/>\nKunkin laatikon ulkomitat: 61 x 42,5 x 33,5 cm (P x L x K)<br \/>\nKunkin laatikon sis\u00e4mitat: 54,5 x 39 x 32 cm (P x L x K)<br \/>\nKokonaispaino: 7,5 kg<br \/>\nKotelon maks. staattinen kantavuus: 15 kg<br \/>\nSuurin staattinen kantavuus yl\u00e4osassa: 10 kg<br \/>\nSuurin staattinen kokonaiskuormitus pinottaessa: 55 kg<br \/>\nTilavuus: 68 litraa<\/p>\n","protected":false},"excerpt":{"rendered":"<p>SONGMICS s\u00e4ilytyslaatikko, 3 kpl, muovinen j\u00e4rjestelij\u00e4, kannella, 5 ovea, taitettava, 53 x 36 x 30 cm, 44 litraa<\/p>\n","protected":false},"featured_media":46044,"comment_status":"open","ping_status":"closed","template":"","meta":[],"product_brand":[],"product_cat":[32],"product_tag":[],"class_list":{"0":"post-38231","1":"product","2":"type-product","3":"status-publish","4":"has-post-thumbnail","6":"product_cat-uncategorized-fi","8":"first","9":"instock","10":"shipping-taxable","11":"purchasable","12":"product-type-simple"},"_links":{"self":[{"href":"https:\/\/nordicmart.andreevmaster.com\/fi\/wp-json\/wp\/v2\/product\/38231","targetHints":{"allow":["GET"]}}],"collection":[{"href":"https:\/\/nordicmart.andreevmaster.com\/fi\/wp-json\/wp\/v2\/product"}],"about":[{"href":"https:\/\/nordicmart.andreevmaster.com\/fi\/wp-json\/wp\/v2\/types\/product"}],"replies":[{"embeddable":true,"href":"https:\/\/nordicmart.andreevmaster.com\/fi\/wp-json\/wp\/v2\/comments?post=38231"}],"wp:featuredmedia":[{"embeddable":true,"href":"https:\/\/nordicmart.andreevmaster.com\/fi\/wp-json\/wp\/v2\/media\/46044"}],"wp:attachment":[{"href":"https:\/\/nordicmart.andreevmaster.com\/fi\/wp-json\/wp\/v2\/media?parent=38231"}],"wp:term":[{"taxonomy":"product_brand","embeddable":true,"href":"https:\/\/nordicmart.andreevmaster.com\/fi\/wp-json\/wp\/v2\/product_brand?post=38231"},{"taxonomy":"product_cat","embeddable":true,"href":"https:\/\/nordicmart.andreevmaster.com\/fi\/wp-json\/wp\/v2\/product_cat?post=38231"},{"taxonomy":"product_tag","embeddable":true,"href":"https:\/\/nordicmart.andreevmaster.com\/fi\/wp-json\/wp\/v2\/product_tag?post=38231"}],"curies":[{"name":"wp","href":"https:\/\/api.w.org\/{rel}","templated":true}]}}