{"id":38224,"date":"2026-02-27T00:42:58","date_gmt":"2026-02-27T00:42:58","guid":{"rendered":"https:\/\/nordicmart.andreevmaster.com\/product\/songmics-sailytyslaatikkosetti-8-kpl-28-cmn-kuitukankaisia-sailytyslaatikoita-hiekanbeige\/"},"modified":"2026-02-27T09:58:45","modified_gmt":"2026-02-27T09:58:45","slug":"songmics-sailytyslaatikkosetti-8-kpl-28-cmn-kuitukankaisia-sailytyslaatikoita-hiekanbeige","status":"publish","type":"product","link":"https:\/\/nordicmart.andreevmaster.com\/fi\/tuote\/songmics-sailytyslaatikkosetti-8-kpl-28-cmn-kuitukankaisia-sailytyslaatikoita-hiekanbeige\/","title":{"rendered":"SONGMICS s\u00e4ilytyslaatikkosetti, 8 kpl 28 cm:n kuitukankaisia s\u00e4ilytyslaatikoita, hiekanbeige"},"content":{"rendered":"<p>SONGMICS s\u00e4ilytyslaatikko, 8 kpl:n sarja, fleece-materiaalista valmistetut s\u00e4ilytyslaatikot kahvalla, 26 x 26 x 28 cm, harmaa melange ROB826G01<br \/>\n&#8211; V\u00e4ri: Cattail Grey<br \/>\n&#8211; Materiaali: 80 g\/m\u00b2 kuitukangas, PP-muovi<br \/>\n&#8211; Tuotteen koko: 26 x 26 x 28 cm (P x L x K).<br \/>\n&#8211; Kokonaispaino: 2 kg.<br \/>\n&#8211; Jokaisen laatikon tilavuus: 5 gallonaa, 19 litraa<br \/>\n&#8211; Kunkin laatikon maks. staattinen kantavuus: 5 kg.<\/p>\n","protected":false},"excerpt":{"rendered":"<p>SONGMICS s\u00e4ilytyslaatikko, 8 kpl:n sarja, fleece-materiaalista valmistetut s\u00e4ilytyslaatikot kahvalla, 26 x 26 x 28 cm, harmaa melange ROB826G01<\/p>\n","protected":false},"featured_media":46037,"comment_status":"open","ping_status":"closed","template":"","meta":[],"product_brand":[],"product_cat":[32],"product_tag":[],"class_list":{"0":"post-38224","1":"product","2":"type-product","3":"status-publish","4":"has-post-thumbnail","6":"product_cat-uncategorized-fi","8":"first","9":"instock","10":"shipping-taxable","11":"purchasable","12":"product-type-simple"},"_links":{"self":[{"href":"https:\/\/nordicmart.andreevmaster.com\/fi\/wp-json\/wp\/v2\/product\/38224","targetHints":{"allow":["GET"]}}],"collection":[{"href":"https:\/\/nordicmart.andreevmaster.com\/fi\/wp-json\/wp\/v2\/product"}],"about":[{"href":"https:\/\/nordicmart.andreevmaster.com\/fi\/wp-json\/wp\/v2\/types\/product"}],"replies":[{"embeddable":true,"href":"https:\/\/nordicmart.andreevmaster.com\/fi\/wp-json\/wp\/v2\/comments?post=38224"}],"wp:featuredmedia":[{"embeddable":true,"href":"https:\/\/nordicmart.andreevmaster.com\/fi\/wp-json\/wp\/v2\/media\/46037"}],"wp:attachment":[{"href":"https:\/\/nordicmart.andreevmaster.com\/fi\/wp-json\/wp\/v2\/media?parent=38224"}],"wp:term":[{"taxonomy":"product_brand","embeddable":true,"href":"https:\/\/nordicmart.andreevmaster.com\/fi\/wp-json\/wp\/v2\/product_brand?post=38224"},{"taxonomy":"product_cat","embeddable":true,"href":"https:\/\/nordicmart.andreevmaster.com\/fi\/wp-json\/wp\/v2\/product_cat?post=38224"},{"taxonomy":"product_tag","embeddable":true,"href":"https:\/\/nordicmart.andreevmaster.com\/fi\/wp-json\/wp\/v2\/product_tag?post=38224"}],"curies":[{"name":"wp","href":"https:\/\/api.w.org\/{rel}","templated":true}]}}