{"id":38210,"date":"2026-02-27T00:42:53","date_gmt":"2026-02-27T00:42:53","guid":{"rendered":"https:\/\/nordicmart.andreevmaster.com\/product\/songmics-sailytyslaatikko-4-kpl-kahvoilla-musta\/"},"modified":"2026-02-27T09:58:41","modified_gmt":"2026-02-27T09:58:41","slug":"songmics-sailytyslaatikko-4-kpl-kahvoilla-musta","status":"publish","type":"product","link":"https:\/\/nordicmart.andreevmaster.com\/fi\/tuote\/songmics-sailytyslaatikko-4-kpl-kahvoilla-musta\/","title":{"rendered":"SONGMICS s\u00e4ilytyslaatikko, 4 kpl, kahvoilla, musta"},"content":{"rendered":"<p>SONGMICS s\u00e4ilytyslaatikko, 4 kpl, j\u00e4rjestyslaatikot, 40 x 30 x 25 cm, 2 kahvaa, taitettava, Oxford-kangas ja keinolinja, helppohoitoinen, metallinen etikettipidike<br \/>\nV\u00e4ri: musta<br \/>\nMateriaali: keinokangas, Oxford-kangas, PP-muovi (polypropeeni)<br \/>\nKoko per laatikko: 40 x 30 x 25 cm (S x L x K)<br \/>\nPaino per laatikko: 1,7 kg<br \/>\nTilavuus per laatikko: 30 l<br \/>\nEnimm\u00e4iskantavuus per laatikko: 5 kg<\/p>\n","protected":false},"excerpt":{"rendered":"<p>SONGMICS s\u00e4ilytyslaatikko, 4 kpl, j\u00e4rjestyslaatikot, 40 x 30 x 25 cm, 2 kahvaa, taitettava, Oxford-kangas ja keinolinja, helppohoitoinen, metallinen etikettipidike<\/p>\n","protected":false},"featured_media":46023,"comment_status":"open","ping_status":"closed","template":"","meta":[],"product_brand":[],"product_cat":[32],"product_tag":[],"class_list":{"0":"post-38210","1":"product","2":"type-product","3":"status-publish","4":"has-post-thumbnail","6":"product_cat-uncategorized-fi","8":"first","9":"instock","10":"shipping-taxable","11":"purchasable","12":"product-type-simple"},"_links":{"self":[{"href":"https:\/\/nordicmart.andreevmaster.com\/fi\/wp-json\/wp\/v2\/product\/38210","targetHints":{"allow":["GET"]}}],"collection":[{"href":"https:\/\/nordicmart.andreevmaster.com\/fi\/wp-json\/wp\/v2\/product"}],"about":[{"href":"https:\/\/nordicmart.andreevmaster.com\/fi\/wp-json\/wp\/v2\/types\/product"}],"replies":[{"embeddable":true,"href":"https:\/\/nordicmart.andreevmaster.com\/fi\/wp-json\/wp\/v2\/comments?post=38210"}],"wp:featuredmedia":[{"embeddable":true,"href":"https:\/\/nordicmart.andreevmaster.com\/fi\/wp-json\/wp\/v2\/media\/46023"}],"wp:attachment":[{"href":"https:\/\/nordicmart.andreevmaster.com\/fi\/wp-json\/wp\/v2\/media?parent=38210"}],"wp:term":[{"taxonomy":"product_brand","embeddable":true,"href":"https:\/\/nordicmart.andreevmaster.com\/fi\/wp-json\/wp\/v2\/product_brand?post=38210"},{"taxonomy":"product_cat","embeddable":true,"href":"https:\/\/nordicmart.andreevmaster.com\/fi\/wp-json\/wp\/v2\/product_cat?post=38210"},{"taxonomy":"product_tag","embeddable":true,"href":"https:\/\/nordicmart.andreevmaster.com\/fi\/wp-json\/wp\/v2\/product_tag?post=38210"}],"curies":[{"name":"wp","href":"https:\/\/api.w.org\/{rel}","templated":true}]}}