{"id":38202,"date":"2026-02-27T00:42:51","date_gmt":"2026-02-27T00:42:51","guid":{"rendered":"https:\/\/nordicmart.andreevmaster.com\/product\/songmics-sailytyslaatikko-4-kpl-26-x-26-x-28-cm-musta\/"},"modified":"2026-02-27T09:58:40","modified_gmt":"2026-02-27T09:58:40","slug":"songmics-sailytyslaatikko-4-kpl-26-x-26-x-28-cm-musta","status":"publish","type":"product","link":"https:\/\/nordicmart.andreevmaster.com\/fi\/tuote\/songmics-sailytyslaatikko-4-kpl-26-x-26-x-28-cm-musta\/","title":{"rendered":"SONGMICS s\u00e4ilytyslaatikko 4 kpl 26 x 26 x 28 cm musta"},"content":{"rendered":"<p>SONGMICS s\u00e4ilytyslaatikko, 4 kpl:n sarja, j\u00e4rjestyslaatikot, 33 x 33 x 33 cm, 2 kahvaa, taitettava, Oxford-kangas, pellavaj\u00e4ljitelm\u00e4, helppohoitoinen, metallinen etikettipidike, kuutiohyllyyn<br \/>\nV\u00e4ri: musta<br \/>\nMateriaali: keinokangas, Oxford-kangas, PP-muovi (polypropeeni)<br \/>\nKoko per laatikko: 26 x 26 x 28 cm (S x L x K)<br \/>\nPaino per laatikko: 1,2 kg<br \/>\nTilavuus per laatikko: 19 l<br \/>\nEnimm\u00e4iskantavuus per laatikko: 5 kg<\/p>\n","protected":false},"excerpt":{"rendered":"<p>SONGMICS s\u00e4ilytyslaatikko, 4 kpl:n sarja, j\u00e4rjestyslaatikot, 33 x 33 x 33 cm, 2 kahvaa, taitettava, Oxford-kangas, pellavaj\u00e4ljitelm\u00e4, helppohoitoinen, metallinen etikettipidike, kuutiohyllyyn<\/p>\n","protected":false},"featured_media":46015,"comment_status":"open","ping_status":"closed","template":"","meta":[],"product_brand":[],"product_cat":[32],"product_tag":[],"class_list":{"0":"post-38202","1":"product","2":"type-product","3":"status-publish","4":"has-post-thumbnail","6":"product_cat-uncategorized-fi","8":"first","9":"instock","10":"shipping-taxable","11":"purchasable","12":"product-type-simple"},"_links":{"self":[{"href":"https:\/\/nordicmart.andreevmaster.com\/fi\/wp-json\/wp\/v2\/product\/38202","targetHints":{"allow":["GET"]}}],"collection":[{"href":"https:\/\/nordicmart.andreevmaster.com\/fi\/wp-json\/wp\/v2\/product"}],"about":[{"href":"https:\/\/nordicmart.andreevmaster.com\/fi\/wp-json\/wp\/v2\/types\/product"}],"replies":[{"embeddable":true,"href":"https:\/\/nordicmart.andreevmaster.com\/fi\/wp-json\/wp\/v2\/comments?post=38202"}],"wp:featuredmedia":[{"embeddable":true,"href":"https:\/\/nordicmart.andreevmaster.com\/fi\/wp-json\/wp\/v2\/media\/46015"}],"wp:attachment":[{"href":"https:\/\/nordicmart.andreevmaster.com\/fi\/wp-json\/wp\/v2\/media?parent=38202"}],"wp:term":[{"taxonomy":"product_brand","embeddable":true,"href":"https:\/\/nordicmart.andreevmaster.com\/fi\/wp-json\/wp\/v2\/product_brand?post=38202"},{"taxonomy":"product_cat","embeddable":true,"href":"https:\/\/nordicmart.andreevmaster.com\/fi\/wp-json\/wp\/v2\/product_cat?post=38202"},{"taxonomy":"product_tag","embeddable":true,"href":"https:\/\/nordicmart.andreevmaster.com\/fi\/wp-json\/wp\/v2\/product_tag?post=38202"}],"curies":[{"name":"wp","href":"https:\/\/api.w.org\/{rel}","templated":true}]}}