{"id":38201,"date":"2026-02-27T00:42:51","date_gmt":"2026-02-27T00:42:51","guid":{"rendered":"https:\/\/nordicmart.andreevmaster.com\/product\/vasagle-sangynrunko-160-x-200-cm-sangynkehys\/"},"modified":"2026-02-27T09:58:40","modified_gmt":"2026-02-27T09:58:40","slug":"vasagle-sangynrunko-160-x-200-cm-sangynkehys","status":"publish","type":"product","link":"https:\/\/nordicmart.andreevmaster.com\/fi\/tuote\/vasagle-sangynrunko-160-x-200-cm-sangynkehys\/","title":{"rendered":"VASAGLE s\u00e4ngynrunko, 160 x 200 cm, s\u00e4ngynkehys"},"content":{"rendered":"<p>S\u00e4ngynrunko, 160 x 200 cm, s\u00e4ngynkehys, metallinen parivuode, s\u00e4ilytyshyllyill\u00e4, vierasvuode, helppo asentaa, musta<br \/>\nTuotetiedot:<br \/>\n&#8211; V\u00e4ri: musta<br \/>\n&#8211; Materiaali: jauhemaalattu metalli<br \/>\n&#8211; Koko: 200 x 160 x 41,3 cm (P x L x K)<br \/>\n&#8211; Paino: 19,6 kg<br \/>\n&#8211; Maks. staattinen kantavuus tukipalkkia kohti: 140 kg<br \/>\n&#8211; Maks. staattinen kokonaiskuormitus: 450 kg<\/p>\n<p>Toimitus sis\u00e4lt\u00e4\u00e4:<br \/>\n&#8211; 1 x s\u00e4ngynrunko<br \/>\n&#8211; 1 x lis\u00e4varustepaketti<br \/>\n&#8211; 1 x ohjeet<\/p>\n<p>Huomautukset:<br \/>\n&#8211; Varmista ennen k\u00e4ytt\u00f6\u00e4, ett\u00e4 kaikki osat ja ruuvit ovat kunnolla kiinni.<br \/>\n&#8211; Patja ei sis\u00e4lly toimitukseen.<\/p>\n","protected":false},"excerpt":{"rendered":"<p>S\u00e4ngynrunko, 160 x 200 cm, s\u00e4ngynkehys, metallinen parivuode, s\u00e4ilytyshyllyill\u00e4, vierasvuode, helppo asentaa, musta<\/p>\n","protected":false},"featured_media":46014,"comment_status":"open","ping_status":"closed","template":"","meta":[],"product_brand":[],"product_cat":[32],"product_tag":[],"class_list":{"0":"post-38201","1":"product","2":"type-product","3":"status-publish","4":"has-post-thumbnail","6":"product_cat-uncategorized-fi","8":"first","9":"instock","10":"shipping-taxable","11":"purchasable","12":"product-type-simple"},"_links":{"self":[{"href":"https:\/\/nordicmart.andreevmaster.com\/fi\/wp-json\/wp\/v2\/product\/38201","targetHints":{"allow":["GET"]}}],"collection":[{"href":"https:\/\/nordicmart.andreevmaster.com\/fi\/wp-json\/wp\/v2\/product"}],"about":[{"href":"https:\/\/nordicmart.andreevmaster.com\/fi\/wp-json\/wp\/v2\/types\/product"}],"replies":[{"embeddable":true,"href":"https:\/\/nordicmart.andreevmaster.com\/fi\/wp-json\/wp\/v2\/comments?post=38201"}],"wp:featuredmedia":[{"embeddable":true,"href":"https:\/\/nordicmart.andreevmaster.com\/fi\/wp-json\/wp\/v2\/media\/46014"}],"wp:attachment":[{"href":"https:\/\/nordicmart.andreevmaster.com\/fi\/wp-json\/wp\/v2\/media?parent=38201"}],"wp:term":[{"taxonomy":"product_brand","embeddable":true,"href":"https:\/\/nordicmart.andreevmaster.com\/fi\/wp-json\/wp\/v2\/product_brand?post=38201"},{"taxonomy":"product_cat","embeddable":true,"href":"https:\/\/nordicmart.andreevmaster.com\/fi\/wp-json\/wp\/v2\/product_cat?post=38201"},{"taxonomy":"product_tag","embeddable":true,"href":"https:\/\/nordicmart.andreevmaster.com\/fi\/wp-json\/wp\/v2\/product_tag?post=38201"}],"curies":[{"name":"wp","href":"https:\/\/api.w.org\/{rel}","templated":true}]}}